{"id":8417,"date":"2024-01-11T17:32:34","date_gmt":"2024-01-11T20:32:34","guid":{"rendered":"https:\/\/iusc.com.br\/?page_id=8417"},"modified":"2024-01-11T17:36:07","modified_gmt":"2024-01-11T20:36:07","slug":"procedimentos-diagnosticos","status":"publish","type":"page","link":"https:\/\/iusc.com.br\/procedimentos-diagnosticos\/","title":{"rendered":"Procedimentos diagn\u00f3sticos:"},"content":{"rendered":"\t\t<div data-elementor-type=\"wp-page\" data-elementor-id=\"8417\" class=\"elementor elementor-8417\" data-elementor-post-type=\"page\">\n\t\t\t\t\t\t<section class=\"elementor-section elementor-top-section elementor-element elementor-element-30baf81a elementor-section-boxed elementor-section-height-default elementor-section-height-default\" data-id=\"30baf81a\" data-element_type=\"section\" data-settings=\"{&quot;background_background&quot;:&quot;classic&quot;}\">\n\t\t\t\t\t\t<div class=\"elementor-container elementor-column-gap-default\">\n\t\t\t\t\t<div class=\"elementor-column elementor-col-100 elementor-top-column elementor-element elementor-element-7512431e\" data-id=\"7512431e\" data-element_type=\"column\">\n\t\t\t<div class=\"elementor-widget-wrap elementor-element-populated\">\n\t\t\t\t\t\t<div class=\"elementor-element elementor-element-334e4ff7 elementor-widget elementor-widget-heading\" data-id=\"334e4ff7\" data-element_type=\"widget\" data-widget_type=\"heading.default\">\n\t\t\t\t<div class=\"elementor-widget-container\">\n\t\t\t<h2 class=\"elementor-heading-title elementor-size-default\">procedimentos<\/h2>\t\t<\/div>\n\t\t\t\t<\/div>\n\t\t\t\t\t<\/div>\n\t\t<\/div>\n\t\t\t\t\t<\/div>\n\t\t<\/section>\n\t\t\t\t<section class=\"elementor-section elementor-top-section elementor-element elementor-element-56bee51c elementor-section-boxed elementor-section-height-default elementor-section-height-default\" data-id=\"56bee51c\" data-element_type=\"section\" data-settings=\"{&quot;background_background&quot;:&quot;classic&quot;}\">\n\t\t\t\t\t\t\t<div class=\"elementor-background-overlay\"><\/div>\n\t\t\t\t\t\t\t<div class=\"elementor-container elementor-column-gap-default\">\n\t\t\t\t\t<div class=\"elementor-column elementor-col-100 elementor-top-column elementor-element elementor-element-2f3bda23\" data-id=\"2f3bda23\" data-element_type=\"column\">\n\t\t\t<div class=\"elementor-widget-wrap elementor-element-populated\">\n\t\t\t\t\t\t<div class=\"elementor-element elementor-element-f120b6 elementor-widget elementor-widget-heading\" data-id=\"f120b6\" data-element_type=\"widget\" data-widget_type=\"heading.default\">\n\t\t\t\t<div class=\"elementor-widget-container\">\n\t\t\t<h2 class=\"elementor-heading-title elementor-size-default\">Procedimentos diagn\u00f3sticos:<\/h2>\t\t<\/div>\n\t\t\t\t<\/div>\n\t\t\t\t<div class=\"elementor-element elementor-element-655362a3 elementor-widget elementor-widget-text-editor\" data-id=\"655362a3\" data-element_type=\"widget\" data-widget_type=\"text-editor.default\">\n\t\t\t\t<div class=\"elementor-widget-container\">\n\t\t\t\t\t\t\t<p>No Instituto de Urologia SC, estamos comprometidos em fornecer procedimentos diagn\u00f3sticos<br \/>avan\u00e7ados para avaliar com precis\u00e3o as condi\u00e7\u00f5es urol\u00f3gicas.<br \/>Abaixo est\u00e3o alguns dos procedimentos diagn\u00f3sticos que realizamos:<\/p>\t\t\t\t\t\t<\/div>\n\t\t\t\t<\/div>\n\t\t\t\t<section class=\"elementor-section elementor-inner-section elementor-element elementor-element-58712b0b elementor-section-boxed elementor-section-height-default elementor-section-height-default\" data-id=\"58712b0b\" data-element_type=\"section\">\n\t\t\t\t\t\t<div class=\"elementor-container elementor-column-gap-default\">\n\t\t\t\t\t<div class=\"elementor-column elementor-col-100 elementor-inner-column elementor-element elementor-element-6c2f3f71\" data-id=\"6c2f3f71\" data-element_type=\"column\">\n\t\t\t<div class=\"elementor-widget-wrap elementor-element-populated\">\n\t\t\t\t\t\t<div class=\"elementor-element elementor-element-1923a46a elementor-widget elementor-widget-text-editor\" data-id=\"1923a46a\" data-element_type=\"widget\" data-widget_type=\"text-editor.default\">\n\t\t\t\t<div class=\"elementor-widget-container\">\n\t\t\t\t\t\t\t<p><span style=\"color: #333399;\"><strong>1. Estudo Urodin\u00e2mico:<\/strong><\/span><br \/>O estudo urodin\u00e2mico \u00e9 um procedimento que avalia a fun\u00e7\u00e3o do trato<br \/>urin\u00e1rio inferior, medindo a press\u00e3o e o fluxo de urina durante o enchimento e o<br \/>esvaziamento da bexiga.<\/p><p><strong>Indica\u00e7\u00f5es:<\/strong><br \/>\u25cf Avalia\u00e7\u00e3o de dist\u00farbios do trato urin\u00e1rio inferior.<br \/>\u25cf Incontin\u00eancia urin\u00e1ria.<br \/>\u25cf Reten\u00e7\u00e3o urin\u00e1ria.<\/p><p><span style=\"color: #333399;\"><strong>2. Urofluxometria livre:<\/strong><\/span><br \/>A urofluxometria livre \u00e9 um teste n\u00e3o invasivo que mede o fluxo urin\u00e1rio durante a mic\u00e7\u00e3o.<\/p><p><strong>Indica\u00e7\u00f5es:<\/strong><br \/>\u25cf Avalia\u00e7\u00e3o de obstru\u00e7\u00f5es no trato urin\u00e1rio.<br \/>\u25cf Monitoramento do fluxo urin\u00e1rio.<\/p><p><span style=\"color: #333399;\"><strong>3. Ultrassonografia (USG) Escrotal:<\/strong><\/span><br \/>A ultrassonografia escrotal \u00e9 um exame de imagem que avalia os test\u00edculos e estruturas<br \/>adjacentes.<br \/><strong>Indica\u00e7\u00f5es:<\/strong><br \/>\u25cf Avalia\u00e7\u00e3o de massas escrotais.<br \/>\u25cf Diagn\u00f3stico de varicocele.<br \/>\u25cf Monitoramento de les\u00f5es ou inflama\u00e7\u00f5es.<\/p><p><span style=\"color: #333399;\"><strong>4. Ultrassonografia (USG) do aparelho urin\u00e1rio e de pr\u00f3stata:<\/strong><\/span><br \/>A ultrassonografia do aparelho urin\u00e1rio e de pr\u00f3stata \u00e9 um exame de<br \/>imagem que avalia os \u00f3rg\u00e3os do trato urin\u00e1rio e a pr\u00f3stata.<br \/><strong>Indica\u00e7\u00f5es:<\/strong><br \/>\u25cf Avalia\u00e7\u00e3o de massas renais.<br \/>\u25cf Avalia\u00e7\u00e3o da pr\u00f3stata e da bexiga.<\/p><p><span style=\"color: #333399;\"><strong>5. Bi\u00f3psia de pr\u00f3stata:<\/strong><\/span><br \/>A bi\u00f3psia de pr\u00f3stata envolve a coleta de pequenas amostras de tecido da<br \/>pr\u00f3stata para avalia\u00e7\u00e3o laboratorial.<br \/><strong>Indica\u00e7\u00f5es:<\/strong><br \/>\u25cf Diagn\u00f3stico de c\u00e2ncer de pr\u00f3stata.<br \/>\u25cf Avalia\u00e7\u00e3o de n\u00f3dulos suspeitos na pr\u00f3stata.<\/p><p><strong><span style=\"color: #333399;\">6. Ultrassonografia Doppler Peniano de Corpos Cavernosos com Teste de Ere\u00e7\u00e3o:<\/span><\/strong><br \/>Este procedimento avalia o fluxo sangu\u00edneo nos corpos cavernosos do p\u00eanis<br \/>durante a ere\u00e7\u00e3o, utilizando ultrassonografia Doppler.<br \/><strong>Indica\u00e7\u00f5es:<\/strong><br \/>\u25cf Avalia\u00e7\u00e3o de disfun\u00e7\u00e3o er\u00e9til.<br \/>\u25cf Investiga\u00e7\u00e3o de problemas circulat\u00f3rios no p\u00eanis.<br \/>Considera\u00e7\u00f5es importantes:<br \/>\u25cf Avalia\u00e7\u00e3o personalizada:<br \/>\u25cf Cada procedimento \u00e9 recomendado com base na avalia\u00e7\u00e3o cl\u00ednica individual do<br \/>paciente.<br \/>\u25cf Colabora\u00e7\u00e3o multidisciplinar:<br \/>\u25cf Trabalhamos em colabora\u00e7\u00e3o com outros especialistas para fornecer uma<br \/>abordagem integrada ao diagn\u00f3stico e tratamento.<br \/>\u25cf Esclarecimento ao paciente:<br \/>\u25cf Fornecemos informa\u00e7\u00f5es claras e educativas para garantir que os pacientes<br \/>compreendam os procedimentos e estejam confort\u00e1veis com o processo.<br \/>Compromisso com a precis\u00e3o diagn\u00f3stica:<\/p><p>\u00a0<\/p><p style=\"text-align: center;\">No Instituto de Urologia SC, nosso compromisso \u00e9 fornecer diagn\u00f3sticos precisos por meio de procedimentos avan\u00e7ados e tecnologicamente atualizados.<br \/>Se voc\u00ea precisa de avalia\u00e7\u00e3o ou diagn\u00f3stico urol\u00f3gico, entre em contato conosco para agendar uma consulta. Estamos aqui para oferecer o melhor cuidado poss\u00edvel!<\/p>\t\t\t\t\t\t<\/div>\n\t\t\t\t<\/div>\n\t\t\t\t\t<\/div>\n\t\t<\/div>\n\t\t\t\t\t<\/div>\n\t\t<\/section>\n\t\t\t\t\t<\/div>\n\t\t<\/div>\n\t\t\t\t\t<\/div>\n\t\t<\/section>\n\t\t\t\t<section class=\"elementor-section elementor-top-section elementor-element elementor-element-59980c64 elementor-section-boxed elementor-section-height-default elementor-section-height-default\" data-id=\"59980c64\" data-element_type=\"section\">\n\t\t\t\t\t\t<div class=\"elementor-container elementor-column-gap-default\">\n\t\t\t\t\t<div class=\"elementor-column elementor-col-100 elementor-top-column elementor-element elementor-element-635a7068\" data-id=\"635a7068\" data-element_type=\"column\">\n\t\t\t<div class=\"elementor-widget-wrap elementor-element-populated\">\n\t\t\t\t\t\t<div class=\"elementor-element elementor-element-46c7ed5a elementor-align-center elementor-mobile-align-center elementor-widget elementor-widget-button\" data-id=\"46c7ed5a\" data-element_type=\"widget\" data-widget_type=\"button.default\">\n\t\t\t\t<div class=\"elementor-widget-container\">\n\t\t\t\t\t\t\t<div class=\"elementor-button-wrapper\">\n\t\t\t\t\t<a class=\"elementor-button elementor-button-link elementor-size-sm elementor-animation-grow\" href=\"https:\/\/api.whatsapp.com\/send?phone=5548991445009&#038;text=Ol%C3%A1!%20Estou%20no%20site%20do%20IUSC%20e%20gostaria%20de%20agendar%20uma%20consulta\">\n\t\t\t\t\t\t<span class=\"elementor-button-content-wrapper\">\n\t\t\t\t\t\t<span class=\"elementor-button-icon\">\n\t\t\t\t<i aria-hidden=\"true\" class=\"fab fa-whatsapp\"><\/i>\t\t\t<\/span>\n\t\t\t\t\t\t\t\t\t<span class=\"elementor-button-text\">Agende sua Consulta!<\/span>\n\t\t\t\t\t<\/span>\n\t\t\t\t\t<\/a>\n\t\t\t\t<\/div>\n\t\t\t\t\t\t<\/div>\n\t\t\t\t<\/div>\n\t\t\t\t\t<\/div>\n\t\t<\/div>\n\t\t\t\t\t<\/div>\n\t\t<\/section>\n\t\t\t\t<\/div>\n\t\t","protected":false},"excerpt":{"rendered":"<p>procedimentos Procedimentos diagn\u00f3sticos: No Instituto de Urologia SC, estamos comprometidos em fornecer procedimentos diagn\u00f3sticosavan\u00e7ados para avaliar com precis\u00e3o as condi\u00e7\u00f5es urol\u00f3gicas.Abaixo est\u00e3o alguns dos procedimentos diagn\u00f3sticos que realizamos: 1. Estudo Urodin\u00e2mico:O estudo urodin\u00e2mico \u00e9 um procedimento que avalia a fun\u00e7\u00e3o do tratourin\u00e1rio inferior, medindo a press\u00e3o e o fluxo de urina durante o enchimento e [&hellip;]<\/p>\n","protected":false},"author":123458,"featured_media":0,"parent":0,"menu_order":0,"comment_status":"closed","ping_status":"closed","template":"","meta":{"_joinchat":[],"footnotes":""},"class_list":["post-8417","page","type-page","status-publish","hentry"],"_links":{"self":[{"href":"https:\/\/iusc.com.br\/wp-json\/wp\/v2\/pages\/8417"}],"collection":[{"href":"https:\/\/iusc.com.br\/wp-json\/wp\/v2\/pages"}],"about":[{"href":"https:\/\/iusc.com.br\/wp-json\/wp\/v2\/types\/page"}],"author":[{"embeddable":true,"href":"https:\/\/iusc.com.br\/wp-json\/wp\/v2\/users\/123458"}],"replies":[{"embeddable":true,"href":"https:\/\/iusc.com.br\/wp-json\/wp\/v2\/comments?post=8417"}],"version-history":[{"count":4,"href":"https:\/\/iusc.com.br\/wp-json\/wp\/v2\/pages\/8417\/revisions"}],"predecessor-version":[{"id":8422,"href":"https:\/\/iusc.com.br\/wp-json\/wp\/v2\/pages\/8417\/revisions\/8422"}],"wp:attachment":[{"href":"https:\/\/iusc.com.br\/wp-json\/wp\/v2\/media?parent=8417"}],"curies":[{"name":"wp","href":"https:\/\/api.w.org\/{rel}","templated":true}]}}