{"id":8405,"date":"2024-01-11T17:24:51","date_gmt":"2024-01-11T20:24:51","guid":{"rendered":"https:\/\/iusc.com.br\/?page_id=8405"},"modified":"2024-01-11T17:27:22","modified_gmt":"2024-01-11T20:27:22","slug":"cirurgia-para-tratamento-de-incontinencia-urinaria-e-prolapso-genital-feminino","status":"publish","type":"page","link":"https:\/\/iusc.com.br\/cirurgia-para-tratamento-de-incontinencia-urinaria-e-prolapso-genital-feminino\/","title":{"rendered":"Cirurgia para tratamento de incontin\u00eancia urin\u00e1ria e prolapso genital feminino:"},"content":{"rendered":"\t\t<div data-elementor-type=\"wp-page\" data-elementor-id=\"8405\" class=\"elementor elementor-8405\" data-elementor-post-type=\"page\">\n\t\t\t\t\t\t<section class=\"elementor-section elementor-top-section elementor-element elementor-element-66bd1fc7 elementor-section-boxed elementor-section-height-default elementor-section-height-default\" data-id=\"66bd1fc7\" data-element_type=\"section\" data-settings=\"{&quot;background_background&quot;:&quot;classic&quot;}\">\n\t\t\t\t\t\t<div class=\"elementor-container elementor-column-gap-default\">\n\t\t\t\t\t<div class=\"elementor-column elementor-col-100 elementor-top-column elementor-element elementor-element-aea64af\" data-id=\"aea64af\" data-element_type=\"column\">\n\t\t\t<div class=\"elementor-widget-wrap elementor-element-populated\">\n\t\t\t\t\t\t<div class=\"elementor-element elementor-element-16938f1e elementor-widget elementor-widget-heading\" data-id=\"16938f1e\" data-element_type=\"widget\" data-widget_type=\"heading.default\">\n\t\t\t\t<div class=\"elementor-widget-container\">\n\t\t\t<h2 class=\"elementor-heading-title elementor-size-default\">procedimentos<\/h2>\t\t<\/div>\n\t\t\t\t<\/div>\n\t\t\t\t\t<\/div>\n\t\t<\/div>\n\t\t\t\t\t<\/div>\n\t\t<\/section>\n\t\t\t\t<section class=\"elementor-section elementor-top-section elementor-element elementor-element-52fe7d28 elementor-section-boxed elementor-section-height-default elementor-section-height-default\" data-id=\"52fe7d28\" data-element_type=\"section\" data-settings=\"{&quot;background_background&quot;:&quot;classic&quot;}\">\n\t\t\t\t\t\t\t<div class=\"elementor-background-overlay\"><\/div>\n\t\t\t\t\t\t\t<div class=\"elementor-container elementor-column-gap-default\">\n\t\t\t\t\t<div class=\"elementor-column elementor-col-100 elementor-top-column elementor-element elementor-element-58973803\" data-id=\"58973803\" data-element_type=\"column\">\n\t\t\t<div class=\"elementor-widget-wrap elementor-element-populated\">\n\t\t\t\t\t\t<div class=\"elementor-element elementor-element-24c7aa0f elementor-widget elementor-widget-heading\" data-id=\"24c7aa0f\" data-element_type=\"widget\" data-widget_type=\"heading.default\">\n\t\t\t\t<div class=\"elementor-widget-container\">\n\t\t\t<h2 class=\"elementor-heading-title elementor-size-default\">Cirurgia para tratamento de incontin\u00eancia urin\u00e1ria e prolapso genital feminino:<\/h2>\t\t<\/div>\n\t\t\t\t<\/div>\n\t\t\t\t<div class=\"elementor-element elementor-element-746507e7 elementor-widget elementor-widget-text-editor\" data-id=\"746507e7\" data-element_type=\"widget\" data-widget_type=\"text-editor.default\">\n\t\t\t\t<div class=\"elementor-widget-container\">\n\t\t\t\t\t\t\t<p>No Instituto de Urologia SC, compreendemos a import\u00e2ncia de oferecer solu\u00e7\u00f5es cir\u00fargicas<br \/>eficazes para o tratamento de incontin\u00eancia urin\u00e1ria e prolapso genital feminino. Abaixo est\u00e3o<br \/>algumas das op\u00e7\u00f5es cir\u00fargicas dispon\u00edveis:<\/p>\t\t\t\t\t\t<\/div>\n\t\t\t\t<\/div>\n\t\t\t\t<section class=\"elementor-section elementor-inner-section elementor-element elementor-element-7fd30ccd elementor-section-boxed elementor-section-height-default elementor-section-height-default\" data-id=\"7fd30ccd\" data-element_type=\"section\">\n\t\t\t\t\t\t<div class=\"elementor-container elementor-column-gap-default\">\n\t\t\t\t\t<div class=\"elementor-column elementor-col-100 elementor-inner-column elementor-element elementor-element-2adfdcde\" data-id=\"2adfdcde\" data-element_type=\"column\">\n\t\t\t<div class=\"elementor-widget-wrap elementor-element-populated\">\n\t\t\t\t\t\t<div class=\"elementor-element elementor-element-774a0733 elementor-widget elementor-widget-text-editor\" data-id=\"774a0733\" data-element_type=\"widget\" data-widget_type=\"text-editor.default\">\n\t\t\t\t<div class=\"elementor-widget-container\">\n\t\t\t\t\t\t\t<p><strong><span style=\"color: #333399;\">1. Sling vaginal:<\/span><\/strong><br \/>O sling vaginal \u00e9 uma t\u00e9cnica cir\u00fargica que envolve a coloca\u00e7\u00e3o de uma faixa<br \/>ou sling para oferecer suporte ao colo da bexiga e uretra, ajudando a tratar a<br \/>incontin\u00eancia urin\u00e1ria de esfor\u00e7o.<br \/><strong>Indica\u00e7\u00f5es:<\/strong><br \/>\u25cf Incontin\u00eancia urin\u00e1ria de esfor\u00e7o.<\/p><p><strong><span style=\"color: #333399;\">2. Perineoplastia:<\/span><\/strong><br \/>A perineoplastia \u00e9 um procedimento cir\u00fargico que visa fortalecer e reparar<br \/>os m\u00fasculos do per\u00edneo, contribuindo para o tratamento do prolapso genital e<br \/>melhorando a fun\u00e7\u00e3o muscular.<br \/><strong>Indica\u00e7\u00f5es:<\/strong><br \/>\u25cf Prolapso genital.<\/p><p><strong><span style=\"color: #333399;\">3. Colpoplastia com uso de Splentis:<\/span><\/strong><br \/>A colpoplastia \u00e9 uma cirurgia que visa corrigir o prolapso genital, e o uso de<br \/>splentis pode ser incorporado para proporcionar suporte estrutural.<br \/><strong>Indica\u00e7\u00f5es:<\/strong><br \/>\u25cf Prolapso genital.<\/p><p><strong><span style=\"color: #333399;\">4. Aplica\u00e7\u00e3o de botox intravesical:<\/span><\/strong><br \/>A aplica\u00e7\u00e3o de Botox intravesical pode ser realizada para tratar a bexiga<br \/>hiperativa, relaxando temporariamente os m\u00fasculos da bexiga.<br \/><strong>Indica\u00e7\u00f5es:<\/strong><br \/>\u25cf Bexiga hiperativa.<br \/>Considera\u00e7\u00f5es Importantes:<\/p><p><strong>Avalia\u00e7\u00e3o pr\u00e9via:<\/strong><br \/>\u25cf Uma avalia\u00e7\u00e3o completa \u00e9 realizada para determinar a causa e a gravidade da<br \/>incontin\u00eancia urin\u00e1ria e do prolapso genital antes de recomendar um<br \/>procedimento cir\u00fargico.<\/p><p><strong>Abordagem multidisciplinar:<\/strong><br \/>\u25cf Trabalhamos em colabora\u00e7\u00e3o com ginecologistas, fisioterapeutas e outros<br \/>profissionais de sa\u00fade para oferecer uma abordagem integrada ao tratamento.<br \/>\u25cf Recupera\u00e7\u00e3o e acompanhamento:<br \/>\u25cf A recupera\u00e7\u00e3o p\u00f3s-cir\u00fargica e o acompanhamento s\u00e3o essenciais para garantir<br \/>resultados satisfat\u00f3rios e prevenir complica\u00e7\u00f5es.<br \/>Compromisso com o cuidado personalizado:<\/p><p>\u00a0<\/p><p style=\"text-align: center;\">No Instituto de Urologia SC, estamos comprometidos em fornecer cuidado personalizado e<br \/>integrado para pacientes com incontin\u00eancia urin\u00e1ria e prolapso genital feminino.<br \/>Se voc\u00ea est\u00e1 enfrentando essas condi\u00e7\u00f5es, entre em contato conosco para uma avalia\u00e7\u00e3o<br \/>abrangente e orienta\u00e7\u00e3o especializada sobre as op\u00e7\u00f5es de tratamento cir\u00fargico dispon\u00edveis.<br \/>Estamos aqui para ajudar a melhorar sua qualidade de vida!<\/p>\t\t\t\t\t\t<\/div>\n\t\t\t\t<\/div>\n\t\t\t\t\t<\/div>\n\t\t<\/div>\n\t\t\t\t\t<\/div>\n\t\t<\/section>\n\t\t\t\t\t<\/div>\n\t\t<\/div>\n\t\t\t\t\t<\/div>\n\t\t<\/section>\n\t\t\t\t<section class=\"elementor-section elementor-top-section elementor-element elementor-element-1df4e37b elementor-section-boxed elementor-section-height-default elementor-section-height-default\" data-id=\"1df4e37b\" data-element_type=\"section\">\n\t\t\t\t\t\t<div class=\"elementor-container elementor-column-gap-default\">\n\t\t\t\t\t<div class=\"elementor-column elementor-col-100 elementor-top-column elementor-element elementor-element-11f1d275\" data-id=\"11f1d275\" data-element_type=\"column\">\n\t\t\t<div class=\"elementor-widget-wrap elementor-element-populated\">\n\t\t\t\t\t\t<div class=\"elementor-element elementor-element-39ec9b56 elementor-align-center elementor-mobile-align-center elementor-widget elementor-widget-button\" data-id=\"39ec9b56\" data-element_type=\"widget\" data-widget_type=\"button.default\">\n\t\t\t\t<div class=\"elementor-widget-container\">\n\t\t\t\t\t\t\t<div class=\"elementor-button-wrapper\">\n\t\t\t\t\t<a class=\"elementor-button elementor-button-link elementor-size-sm elementor-animation-grow\" href=\"https:\/\/api.whatsapp.com\/send?phone=5548991445009&#038;text=Ol%C3%A1!%20Estou%20no%20site%20do%20IUSC%20e%20gostaria%20de%20agendar%20uma%20consulta\">\n\t\t\t\t\t\t<span class=\"elementor-button-content-wrapper\">\n\t\t\t\t\t\t<span class=\"elementor-button-icon\">\n\t\t\t\t<i aria-hidden=\"true\" class=\"fab fa-whatsapp\"><\/i>\t\t\t<\/span>\n\t\t\t\t\t\t\t\t\t<span class=\"elementor-button-text\">Agende sua Consulta!<\/span>\n\t\t\t\t\t<\/span>\n\t\t\t\t\t<\/a>\n\t\t\t\t<\/div>\n\t\t\t\t\t\t<\/div>\n\t\t\t\t<\/div>\n\t\t\t\t\t<\/div>\n\t\t<\/div>\n\t\t\t\t\t<\/div>\n\t\t<\/section>\n\t\t\t\t<\/div>\n\t\t","protected":false},"excerpt":{"rendered":"<p>procedimentos Cirurgia para tratamento de incontin\u00eancia urin\u00e1ria e prolapso genital feminino: No Instituto de Urologia SC, compreendemos a import\u00e2ncia de oferecer solu\u00e7\u00f5es cir\u00fargicaseficazes para o tratamento de incontin\u00eancia urin\u00e1ria e prolapso genital feminino. Abaixo est\u00e3oalgumas das op\u00e7\u00f5es cir\u00fargicas dispon\u00edveis: 1. Sling vaginal:O sling vaginal \u00e9 uma t\u00e9cnica cir\u00fargica que envolve a coloca\u00e7\u00e3o de uma faixaou [&hellip;]<\/p>\n","protected":false},"author":123458,"featured_media":0,"parent":0,"menu_order":0,"comment_status":"closed","ping_status":"closed","template":"","meta":{"_joinchat":[],"footnotes":""},"class_list":["post-8405","page","type-page","status-publish","hentry"],"_links":{"self":[{"href":"https:\/\/iusc.com.br\/wp-json\/wp\/v2\/pages\/8405"}],"collection":[{"href":"https:\/\/iusc.com.br\/wp-json\/wp\/v2\/pages"}],"about":[{"href":"https:\/\/iusc.com.br\/wp-json\/wp\/v2\/types\/page"}],"author":[{"embeddable":true,"href":"https:\/\/iusc.com.br\/wp-json\/wp\/v2\/users\/123458"}],"replies":[{"embeddable":true,"href":"https:\/\/iusc.com.br\/wp-json\/wp\/v2\/comments?post=8405"}],"version-history":[{"count":4,"href":"https:\/\/iusc.com.br\/wp-json\/wp\/v2\/pages\/8405\/revisions"}],"predecessor-version":[{"id":8410,"href":"https:\/\/iusc.com.br\/wp-json\/wp\/v2\/pages\/8405\/revisions\/8410"}],"wp:attachment":[{"href":"https:\/\/iusc.com.br\/wp-json\/wp\/v2\/media?parent=8405"}],"curies":[{"name":"wp","href":"https:\/\/api.w.org\/{rel}","templated":true}]}}