{"id":8393,"date":"2024-01-11T17:21:59","date_gmt":"2024-01-11T20:21:59","guid":{"rendered":"https:\/\/iusc.com.br\/?page_id=8393"},"modified":"2024-01-11T17:24:23","modified_gmt":"2024-01-11T20:24:23","slug":"cirurgia-para-estetica-intima-masculina-disfuncao-eretil-e-andrologia","status":"publish","type":"page","link":"https:\/\/iusc.com.br\/cirurgia-para-estetica-intima-masculina-disfuncao-eretil-e-andrologia\/","title":{"rendered":"Cirurgia para est\u00e9tica \u00edntima masculina, disfun\u00e7\u00e3o er\u00e9til e andrologia:"},"content":{"rendered":"\t\t<div data-elementor-type=\"wp-page\" data-elementor-id=\"8393\" class=\"elementor elementor-8393\" data-elementor-post-type=\"page\">\n\t\t\t\t\t\t<section class=\"elementor-section elementor-top-section elementor-element elementor-element-2a0c095f elementor-section-boxed elementor-section-height-default elementor-section-height-default\" data-id=\"2a0c095f\" data-element_type=\"section\" data-settings=\"{&quot;background_background&quot;:&quot;classic&quot;}\">\n\t\t\t\t\t\t<div class=\"elementor-container elementor-column-gap-default\">\n\t\t\t\t\t<div class=\"elementor-column elementor-col-100 elementor-top-column elementor-element elementor-element-5fdc87a2\" data-id=\"5fdc87a2\" data-element_type=\"column\">\n\t\t\t<div class=\"elementor-widget-wrap elementor-element-populated\">\n\t\t\t\t\t\t<div class=\"elementor-element elementor-element-6f4db7e8 elementor-widget elementor-widget-heading\" data-id=\"6f4db7e8\" data-element_type=\"widget\" data-widget_type=\"heading.default\">\n\t\t\t\t<div class=\"elementor-widget-container\">\n\t\t\t<h2 class=\"elementor-heading-title elementor-size-default\">procedimentos<\/h2>\t\t<\/div>\n\t\t\t\t<\/div>\n\t\t\t\t\t<\/div>\n\t\t<\/div>\n\t\t\t\t\t<\/div>\n\t\t<\/section>\n\t\t\t\t<section class=\"elementor-section elementor-top-section elementor-element elementor-element-7414b9db elementor-section-boxed elementor-section-height-default elementor-section-height-default\" data-id=\"7414b9db\" data-element_type=\"section\" data-settings=\"{&quot;background_background&quot;:&quot;classic&quot;}\">\n\t\t\t\t\t\t\t<div class=\"elementor-background-overlay\"><\/div>\n\t\t\t\t\t\t\t<div class=\"elementor-container elementor-column-gap-default\">\n\t\t\t\t\t<div class=\"elementor-column elementor-col-100 elementor-top-column elementor-element elementor-element-7d499dd4\" data-id=\"7d499dd4\" data-element_type=\"column\">\n\t\t\t<div class=\"elementor-widget-wrap elementor-element-populated\">\n\t\t\t\t\t\t<div class=\"elementor-element elementor-element-30aa4493 elementor-widget elementor-widget-heading\" data-id=\"30aa4493\" data-element_type=\"widget\" data-widget_type=\"heading.default\">\n\t\t\t\t<div class=\"elementor-widget-container\">\n\t\t\t<h2 class=\"elementor-heading-title elementor-size-default\">Cirurgia para est\u00e9tica \u00edntima masculina, disfun\u00e7\u00e3o er\u00e9til e andrologia:<\/h2>\t\t<\/div>\n\t\t\t\t<\/div>\n\t\t\t\t<section class=\"elementor-section elementor-inner-section elementor-element elementor-element-37ff2fa9 elementor-section-boxed elementor-section-height-default elementor-section-height-default\" data-id=\"37ff2fa9\" data-element_type=\"section\">\n\t\t\t\t\t\t<div class=\"elementor-container elementor-column-gap-default\">\n\t\t\t\t\t<div class=\"elementor-column elementor-col-100 elementor-inner-column elementor-element elementor-element-139f400d\" data-id=\"139f400d\" data-element_type=\"column\">\n\t\t\t<div class=\"elementor-widget-wrap elementor-element-populated\">\n\t\t\t\t\t\t<div class=\"elementor-element elementor-element-4cd402ff elementor-widget elementor-widget-text-editor\" data-id=\"4cd402ff\" data-element_type=\"widget\" data-widget_type=\"text-editor.default\">\n\t\t\t\t<div class=\"elementor-widget-container\">\n\t\t\t\t\t\t\t<p><span style=\"color: #333399;\"><strong>1. Est\u00e9tica peniana:<\/strong><\/span><\/p><p>\u25cf \u00c1cido hialur\u00f4nico para espessamento peniano:<br \/>\u25cf A aplica\u00e7\u00e3o de \u00e1cido hialur\u00f4nico pode ser utilizada para aumentar o di\u00e2metro<br \/>do p\u00eanis.<br \/>\u25cf Lipoaspira\u00e7\u00e3o de regi\u00e3o pubiana:<br \/>\u25cf A lipoaspira\u00e7\u00e3o pode ser realizada para melhorar a est\u00e9tica removendo o<br \/>excesso de gordura na regi\u00e3o pubiana.<\/p><p><span style=\"color: #333399;\"><strong>2. Disfun\u00e7\u00e3o er\u00e9til:<\/strong><\/span><\/p><p>\u25cf Implante de pr\u00f3tese peniana infl\u00e1vel e semirr\u00edgida:<br \/>\u25cf As pr\u00f3teses penianas s\u00e3o dispositivos implant\u00e1veis que ajudam a restaurar a<br \/>fun\u00e7\u00e3o er\u00e9til. Elas podem ser infl\u00e1veis para maior naturalidade ou semirr\u00edgidas<br \/>para uma rigidez constante.<br \/>\u25cf Pr\u00f3tese escrotal:<br \/>\u25cf Implante de pr\u00f3tese para melhorar a est\u00e9tica ou proporcionar uma sensa\u00e7\u00e3o<br \/>mais natural na regi\u00e3o escrotal.<br \/>\u25cf Corre\u00e7\u00e3o de curvatura peniana cong\u00eanita e peyronie:<br \/>\u25cf Cirurgia para corrigir curvaturas anormais do p\u00eanis, seja por causas cong\u00eanitas<br \/>ou pela doen\u00e7a de Peyronie.<\/p><p><span style=\"color: #333399;\"><strong>3. Les\u00f5es verrucosas, cistos escrotais, hemangiomas escrotais e HPV:<\/strong><\/span><\/p><p>\u25cf Tratamento de les\u00f5es verrucosas:<br \/>\u25cf Utiliza\u00e7\u00e3o de m\u00e9todos como laser de CO2, eletrocauteriza\u00e7\u00e3o ou crioterapia<br \/>para tratar les\u00f5es na regi\u00e3o genital.<br \/>\u25cf Cistos escrotais e hemangiomas escrotais:<br \/>\u25cf Procedimentos cir\u00fargicos para remover cistos e hemangiomas na regi\u00e3o<br \/>escrotal.<br \/>\u25cf HPV (Papilomav\u00edrus Humano):<br \/>\u25cf Tratamento de les\u00f5es genitais causadas pelo HPV.<\/p><p><strong><span style=\"color: #333399;\">4. Laser de CO2, Eletrocauteriza\u00e7\u00e3o e Crioterapia:<\/span><\/strong><\/p><p>\u25cf Laser de CO2:<br \/>\u25cf Pode ser usado para procedimentos est\u00e9ticos e tratamento de les\u00f5es.<br \/>\u25cf Eletrocauteriza\u00e7\u00e3o:<br \/>\u25cf Utiliza\u00e7\u00e3o de corrente el\u00e9trica para remover ou destruir tecido indesejado.<br \/>\u25cf Crioterapia:<br \/>\u25cf Uso de frio extremo para congelar e destruir les\u00f5es.<\/p><p><strong><span style=\"color: #333399;\">5. Genitoscopia com peniscopia com bi\u00f3psia:<\/span><\/strong><\/p><p>\u25cf Genitoscopia:<br \/>\u25cf Exame endosc\u00f3pico para avaliar a genit\u00e1lia masculina.<br \/>\u25cf Peniscopia com bi\u00f3psia:<br \/>\u25cf Procedimento para examinar o p\u00eanis visualmente e realizar bi\u00f3psias quando<br \/>necess\u00e1rio.<\/p><p><strong>Considera\u00e7\u00f5es importantes:<\/strong><br \/>\u25cf Avalia\u00e7\u00e3o individualizada: Cada paciente \u00e9 avaliado individualmente para determinar o<br \/>tratamento mais adequado.<br \/>\u25cf Abordagem integrada: Trabalhamos em colabora\u00e7\u00e3o com especialistas em est\u00e9tica e<br \/>outros profissionais de sa\u00fade para fornecer uma abordagem integrada.<br \/>\u25cf Confidencialidade e respeito: Priorizamos a privacidade e o respeito \u00e0<br \/>confidencialidade do paciente.<\/p><p>\u00a0<\/p><p style=\"text-align: center;\">Se voc\u00ea est\u00e1 considerando qualquer um desses procedimentos, recomendamos uma consulta<br \/>individualizada para discutir suas preocupa\u00e7\u00f5es e objetivos.<br \/>Estamos aqui para oferecer cuidados especializados e personalizados para atender \u00e0s suas<br \/>necessidades espec\u00edficas. Entre em contato conosco para agendar uma consulta.<\/p>\t\t\t\t\t\t<\/div>\n\t\t\t\t<\/div>\n\t\t\t\t\t<\/div>\n\t\t<\/div>\n\t\t\t\t\t<\/div>\n\t\t<\/section>\n\t\t\t\t\t<\/div>\n\t\t<\/div>\n\t\t\t\t\t<\/div>\n\t\t<\/section>\n\t\t\t\t<section class=\"elementor-section elementor-top-section elementor-element elementor-element-24de33a3 elementor-section-boxed elementor-section-height-default elementor-section-height-default\" data-id=\"24de33a3\" data-element_type=\"section\">\n\t\t\t\t\t\t<div class=\"elementor-container elementor-column-gap-default\">\n\t\t\t\t\t<div class=\"elementor-column elementor-col-100 elementor-top-column elementor-element elementor-element-4ff1ae48\" data-id=\"4ff1ae48\" data-element_type=\"column\">\n\t\t\t<div class=\"elementor-widget-wrap elementor-element-populated\">\n\t\t\t\t\t\t<div class=\"elementor-element elementor-element-e8f9bfc elementor-align-center elementor-mobile-align-center elementor-widget elementor-widget-button\" data-id=\"e8f9bfc\" data-element_type=\"widget\" data-widget_type=\"button.default\">\n\t\t\t\t<div class=\"elementor-widget-container\">\n\t\t\t\t\t\t\t<div class=\"elementor-button-wrapper\">\n\t\t\t\t\t<a class=\"elementor-button elementor-button-link elementor-size-sm elementor-animation-grow\" href=\"https:\/\/api.whatsapp.com\/send?phone=5548991445009&#038;text=Ol%C3%A1!%20Estou%20no%20site%20do%20IUSC%20e%20gostaria%20de%20agendar%20uma%20consulta\">\n\t\t\t\t\t\t<span class=\"elementor-button-content-wrapper\">\n\t\t\t\t\t\t<span class=\"elementor-button-icon\">\n\t\t\t\t<i aria-hidden=\"true\" class=\"fab fa-whatsapp\"><\/i>\t\t\t<\/span>\n\t\t\t\t\t\t\t\t\t<span class=\"elementor-button-text\">Agende sua Consulta!<\/span>\n\t\t\t\t\t<\/span>\n\t\t\t\t\t<\/a>\n\t\t\t\t<\/div>\n\t\t\t\t\t\t<\/div>\n\t\t\t\t<\/div>\n\t\t\t\t\t<\/div>\n\t\t<\/div>\n\t\t\t\t\t<\/div>\n\t\t<\/section>\n\t\t\t\t<\/div>\n\t\t","protected":false},"excerpt":{"rendered":"<p>procedimentos Cirurgia para est\u00e9tica \u00edntima masculina, disfun\u00e7\u00e3o er\u00e9til e andrologia: 1. Est\u00e9tica peniana: \u25cf \u00c1cido hialur\u00f4nico para espessamento peniano:\u25cf A aplica\u00e7\u00e3o de \u00e1cido hialur\u00f4nico pode ser utilizada para aumentar o di\u00e2metrodo p\u00eanis.\u25cf Lipoaspira\u00e7\u00e3o de regi\u00e3o pubiana:\u25cf A lipoaspira\u00e7\u00e3o pode ser realizada para melhorar a est\u00e9tica removendo oexcesso de gordura na regi\u00e3o pubiana. 2. Disfun\u00e7\u00e3o er\u00e9til: [&hellip;]<\/p>\n","protected":false},"author":123458,"featured_media":0,"parent":0,"menu_order":0,"comment_status":"closed","ping_status":"closed","template":"","meta":{"_joinchat":[],"footnotes":""},"class_list":["post-8393","page","type-page","status-publish","hentry"],"_links":{"self":[{"href":"https:\/\/iusc.com.br\/wp-json\/wp\/v2\/pages\/8393"}],"collection":[{"href":"https:\/\/iusc.com.br\/wp-json\/wp\/v2\/pages"}],"about":[{"href":"https:\/\/iusc.com.br\/wp-json\/wp\/v2\/types\/page"}],"author":[{"embeddable":true,"href":"https:\/\/iusc.com.br\/wp-json\/wp\/v2\/users\/123458"}],"replies":[{"embeddable":true,"href":"https:\/\/iusc.com.br\/wp-json\/wp\/v2\/comments?post=8393"}],"version-history":[{"count":10,"href":"https:\/\/iusc.com.br\/wp-json\/wp\/v2\/pages\/8393\/revisions"}],"predecessor-version":[{"id":8404,"href":"https:\/\/iusc.com.br\/wp-json\/wp\/v2\/pages\/8393\/revisions\/8404"}],"wp:attachment":[{"href":"https:\/\/iusc.com.br\/wp-json\/wp\/v2\/media?parent=8393"}],"curies":[{"name":"wp","href":"https:\/\/api.w.org\/{rel}","templated":true}]}}