{"id":8387,"date":"2024-01-11T17:18:54","date_gmt":"2024-01-11T20:18:54","guid":{"rendered":"https:\/\/iusc.com.br\/?page_id=8387"},"modified":"2024-01-11T17:21:33","modified_gmt":"2024-01-11T20:21:33","slug":"tratamento-cirurgico-de-infertilidade-masculina","status":"publish","type":"page","link":"https:\/\/iusc.com.br\/tratamento-cirurgico-de-infertilidade-masculina\/","title":{"rendered":"Tratamento cir\u00fargico de infertilidade masculina:"},"content":{"rendered":"\t\t<div data-elementor-type=\"wp-page\" data-elementor-id=\"8387\" class=\"elementor elementor-8387\" data-elementor-post-type=\"page\">\n\t\t\t\t\t\t<section class=\"elementor-section elementor-top-section elementor-element elementor-element-307bcdee elementor-section-boxed elementor-section-height-default elementor-section-height-default\" data-id=\"307bcdee\" data-element_type=\"section\" data-settings=\"{&quot;background_background&quot;:&quot;classic&quot;}\">\n\t\t\t\t\t\t<div class=\"elementor-container elementor-column-gap-default\">\n\t\t\t\t\t<div class=\"elementor-column elementor-col-100 elementor-top-column elementor-element elementor-element-263155fb\" data-id=\"263155fb\" data-element_type=\"column\">\n\t\t\t<div class=\"elementor-widget-wrap elementor-element-populated\">\n\t\t\t\t\t\t<div class=\"elementor-element elementor-element-361b72c elementor-widget elementor-widget-heading\" data-id=\"361b72c\" data-element_type=\"widget\" data-widget_type=\"heading.default\">\n\t\t\t\t<div class=\"elementor-widget-container\">\n\t\t\t<h2 class=\"elementor-heading-title elementor-size-default\">procedimentos<\/h2>\t\t<\/div>\n\t\t\t\t<\/div>\n\t\t\t\t\t<\/div>\n\t\t<\/div>\n\t\t\t\t\t<\/div>\n\t\t<\/section>\n\t\t\t\t<section class=\"elementor-section elementor-top-section elementor-element elementor-element-4387ecaa elementor-section-boxed elementor-section-height-default elementor-section-height-default\" data-id=\"4387ecaa\" data-element_type=\"section\" data-settings=\"{&quot;background_background&quot;:&quot;classic&quot;}\">\n\t\t\t\t\t\t\t<div class=\"elementor-background-overlay\"><\/div>\n\t\t\t\t\t\t\t<div class=\"elementor-container elementor-column-gap-default\">\n\t\t\t\t\t<div class=\"elementor-column elementor-col-100 elementor-top-column elementor-element elementor-element-1214f32c\" data-id=\"1214f32c\" data-element_type=\"column\">\n\t\t\t<div class=\"elementor-widget-wrap elementor-element-populated\">\n\t\t\t\t\t\t<div class=\"elementor-element elementor-element-937a89b elementor-widget elementor-widget-heading\" data-id=\"937a89b\" data-element_type=\"widget\" data-widget_type=\"heading.default\">\n\t\t\t\t<div class=\"elementor-widget-container\">\n\t\t\t<h2 class=\"elementor-heading-title elementor-size-default\">Tratamento cir\u00fargico de infertilidade masculina:<\/h2>\t\t<\/div>\n\t\t\t\t<\/div>\n\t\t\t\t<div class=\"elementor-element elementor-element-61b295cf elementor-widget elementor-widget-text-editor\" data-id=\"61b295cf\" data-element_type=\"widget\" data-widget_type=\"text-editor.default\">\n\t\t\t\t<div class=\"elementor-widget-container\">\n\t\t\t\t\t\t\t<p>No Instituto de Urologia SC, oferecemos uma variedade de op\u00e7\u00f5es cir\u00fargicas avan\u00e7adas para o<br \/>tratamento da infertilidade masculina.<br \/>Abaixo est\u00e3o algumas das t\u00e9cnicas que empregamos para abordar diferentes causas de<br \/>infertilidade:<\/p>\t\t\t\t\t\t<\/div>\n\t\t\t\t<\/div>\n\t\t\t\t<section class=\"elementor-section elementor-inner-section elementor-element elementor-element-6508efdd elementor-section-boxed elementor-section-height-default elementor-section-height-default\" data-id=\"6508efdd\" data-element_type=\"section\">\n\t\t\t\t\t\t<div class=\"elementor-container elementor-column-gap-default\">\n\t\t\t\t\t<div class=\"elementor-column elementor-col-100 elementor-inner-column elementor-element elementor-element-2a696095\" data-id=\"2a696095\" data-element_type=\"column\">\n\t\t\t<div class=\"elementor-widget-wrap elementor-element-populated\">\n\t\t\t\t\t\t<div class=\"elementor-element elementor-element-62167dcd elementor-widget elementor-widget-text-editor\" data-id=\"62167dcd\" data-element_type=\"widget\" data-widget_type=\"text-editor.default\">\n\t\t\t\t<div class=\"elementor-widget-container\">\n\t\t\t\t\t\t\t<p><strong><span style=\"color: #333399;\">1. Tratamento de varicocele por microcirurgia:<\/span><\/strong><br \/>A varicocele \u00e9 uma dilata\u00e7\u00e3o anormal das veias no escroto, podendo causar infertilidade. A<br \/>microcirurgia visa corrigir essa condi\u00e7\u00e3o, melhorando o fluxo sangu\u00edneo no test\u00edculo.<\/p><p><strong>Vantagens:<\/strong><br \/>\u25cf Abordagem precisa e minimamente invasiva.<br \/>\u25cf Melhora a qualidade do esperma em alguns casos.<\/p><p><strong><span style=\"color: #333399;\">2. Revers\u00e3o microcir\u00fargica de vasectomia:<\/span><\/strong><br \/>A revers\u00e3o microcir\u00fargica de vasectomia, tamb\u00e9m conhecida como anastomose<br \/>vaso-epididimal, \u00e9 um procedimento para restaurar a passagem dos espermatozoides.<\/p><p><strong>Vantagens:<\/strong><br \/>\u25cf Oferece a possibilidade de concep\u00e7\u00e3o natural ap\u00f3s a vasectomia.<br \/>\u25cf Realizada com t\u00e9cnicas microcir\u00fargicas para precis\u00e3o.<\/p><p><span style=\"color: #333399;\"><strong>3. Bi\u00f3psia testicular:<\/strong><\/span><br \/>Em casos de azoospermia (aus\u00eancia de espermatozoides no ejaculado), a bi\u00f3psia testicular \u00e9<br \/>realizada para obter amostras de tecido para avalia\u00e7\u00e3o.<\/p><p><strong>Vantagens:<\/strong><br \/>\u25cf Permite a obten\u00e7\u00e3o de espermatoz\u00f3ides para t\u00e9cnicas de reprodu\u00e7\u00e3o assistida.<\/p><p><span style=\"color: #333399;\"><strong>4. T\u00e9cnicas microcir\u00fargicas para recupera\u00e7\u00e3o testicular e epididim\u00e1ria de espermatozoides:<\/strong><\/span><br \/>\u25cf TESE (Extra\u00e7\u00e3o de espermatoz\u00f3ides do test\u00edculo):<br \/>\u25cf A extra\u00e7\u00e3o de espermatoz\u00f3ides do test\u00edculo \u00e9 realizada para coletar<br \/>espermatozoides em casos de azoospermia.<br \/>\u25cf Micro TESE (Microdissec\u00e7\u00e3o testicular):<br \/>\u25cf Uma abordagem mais avan\u00e7ada que utiliza microdissec\u00e7\u00e3o para identificar<br \/>\u00e1reas com espermatoz\u00f3ides.<br \/>\u25cf MESA (Aspira\u00e7\u00e3o microcir\u00fargica de espermatoz\u00f3ides do epid\u00eddimo):<br \/>\u25cf Realizada quando h\u00e1 uma obstru\u00e7\u00e3o no epid\u00eddimo.<br \/>\u25cf PESA (Aspira\u00e7\u00e3o Percut\u00e2nea de Espermatozoides do Epid\u00eddimo):<br \/>\u25cf Semelhante \u00e0 MESA, mas a aspira\u00e7\u00e3o \u00e9 feita atrav\u00e9s da pele do escroto.<\/p><p><strong>Vantagens:<\/strong><br \/>\u25cf Proporcionam a obten\u00e7\u00e3o de espermatoz\u00f3ides para t\u00e9cnicas de fertiliza\u00e7\u00e3o in<br \/>vitro (FIV) e inje\u00e7\u00e3o intracitoplasm\u00e1tica de espermatozoides (ICSI).<br \/>Considera\u00e7\u00f5es Importantes:<br \/>\u25cf Avalia\u00e7\u00e3o abrangente: Antes de recomendar qualquer procedimento, realizamos uma<br \/>avalia\u00e7\u00e3o completa para identificar a causa subjacente da infertilidade.<br \/>\u25cf Escolha personalizada: O tratamento \u00e9 personalizado com base na condi\u00e7\u00e3o espec\u00edfica<br \/>do paciente e nas necessidades reprodutivas.<br \/>\u25cf Colabora\u00e7\u00e3o com especialistas em reprodu\u00e7\u00e3o Assistida: Trabalhamos em estreita<br \/>colabora\u00e7\u00e3o com especialistas em reprodu\u00e7\u00e3o assistida para garantir uma abordagem<br \/>integrada.<\/p><p>\u00a0<\/p><p style=\"text-align: center;\">Se voc\u00ea est\u00e1 enfrentando quest\u00f5es de infertilidade masculina, entre em contato conosco para<br \/>uma avalia\u00e7\u00e3o abrangente e orienta\u00e7\u00e3o especializada sobre as op\u00e7\u00f5es de tratamento<br \/>dispon\u00edveis.<br \/>Estamos comprometidos em ajudar os casais a alcan\u00e7ar seus objetivos de concep\u00e7\u00e3o.<\/p>\t\t\t\t\t\t<\/div>\n\t\t\t\t<\/div>\n\t\t\t\t\t<\/div>\n\t\t<\/div>\n\t\t\t\t\t<\/div>\n\t\t<\/section>\n\t\t\t\t\t<\/div>\n\t\t<\/div>\n\t\t\t\t\t<\/div>\n\t\t<\/section>\n\t\t\t\t<section class=\"elementor-section elementor-top-section elementor-element elementor-element-142fcc23 elementor-section-boxed elementor-section-height-default elementor-section-height-default\" data-id=\"142fcc23\" data-element_type=\"section\">\n\t\t\t\t\t\t<div class=\"elementor-container elementor-column-gap-default\">\n\t\t\t\t\t<div class=\"elementor-column elementor-col-100 elementor-top-column elementor-element elementor-element-4cfaaa84\" data-id=\"4cfaaa84\" data-element_type=\"column\">\n\t\t\t<div class=\"elementor-widget-wrap elementor-element-populated\">\n\t\t\t\t\t\t<div class=\"elementor-element elementor-element-65f8a1bb elementor-align-center elementor-mobile-align-center elementor-widget elementor-widget-button\" data-id=\"65f8a1bb\" data-element_type=\"widget\" data-widget_type=\"button.default\">\n\t\t\t\t<div class=\"elementor-widget-container\">\n\t\t\t\t\t\t\t<div class=\"elementor-button-wrapper\">\n\t\t\t\t\t<a class=\"elementor-button elementor-button-link elementor-size-sm elementor-animation-grow\" href=\"https:\/\/api.whatsapp.com\/send?phone=5548991445009&#038;text=Ol%C3%A1!%20Estou%20no%20site%20do%20IUSC%20e%20gostaria%20de%20agendar%20uma%20consulta\">\n\t\t\t\t\t\t<span class=\"elementor-button-content-wrapper\">\n\t\t\t\t\t\t<span class=\"elementor-button-icon\">\n\t\t\t\t<i aria-hidden=\"true\" class=\"fab fa-whatsapp\"><\/i>\t\t\t<\/span>\n\t\t\t\t\t\t\t\t\t<span class=\"elementor-button-text\">Agende sua Consulta!<\/span>\n\t\t\t\t\t<\/span>\n\t\t\t\t\t<\/a>\n\t\t\t\t<\/div>\n\t\t\t\t\t\t<\/div>\n\t\t\t\t<\/div>\n\t\t\t\t\t<\/div>\n\t\t<\/div>\n\t\t\t\t\t<\/div>\n\t\t<\/section>\n\t\t\t\t<section class=\"elementor-section elementor-top-section elementor-element elementor-element-926ea06 elementor-section-boxed elementor-section-height-default elementor-section-height-default\" data-id=\"926ea06\" data-element_type=\"section\">\n\t\t\t\t\t\t<div class=\"elementor-container elementor-column-gap-default\">\n\t\t\t\t\t<div class=\"elementor-column elementor-col-100 elementor-top-column elementor-element elementor-element-42e8d51\" data-id=\"42e8d51\" data-element_type=\"column\">\n\t\t\t<div class=\"elementor-widget-wrap\">\n\t\t\t\t\t\t\t<\/div>\n\t\t<\/div>\n\t\t\t\t\t<\/div>\n\t\t<\/section>\n\t\t\t\t<\/div>\n\t\t","protected":false},"excerpt":{"rendered":"<p>procedimentos Tratamento cir\u00fargico de infertilidade masculina: No Instituto de Urologia SC, oferecemos uma variedade de op\u00e7\u00f5es cir\u00fargicas avan\u00e7adas para otratamento da infertilidade masculina.Abaixo est\u00e3o algumas das t\u00e9cnicas que empregamos para abordar diferentes causas deinfertilidade: 1. Tratamento de varicocele por microcirurgia:A varicocele \u00e9 uma dilata\u00e7\u00e3o anormal das veias no escroto, podendo causar infertilidade. Amicrocirurgia visa corrigir [&hellip;]<\/p>\n","protected":false},"author":123458,"featured_media":0,"parent":0,"menu_order":0,"comment_status":"closed","ping_status":"closed","template":"","meta":{"_joinchat":[],"footnotes":""},"class_list":["post-8387","page","type-page","status-publish","hentry"],"_links":{"self":[{"href":"https:\/\/iusc.com.br\/wp-json\/wp\/v2\/pages\/8387"}],"collection":[{"href":"https:\/\/iusc.com.br\/wp-json\/wp\/v2\/pages"}],"about":[{"href":"https:\/\/iusc.com.br\/wp-json\/wp\/v2\/types\/page"}],"author":[{"embeddable":true,"href":"https:\/\/iusc.com.br\/wp-json\/wp\/v2\/users\/123458"}],"replies":[{"embeddable":true,"href":"https:\/\/iusc.com.br\/wp-json\/wp\/v2\/comments?post=8387"}],"version-history":[{"count":4,"href":"https:\/\/iusc.com.br\/wp-json\/wp\/v2\/pages\/8387\/revisions"}],"predecessor-version":[{"id":8392,"href":"https:\/\/iusc.com.br\/wp-json\/wp\/v2\/pages\/8387\/revisions\/8392"}],"wp:attachment":[{"href":"https:\/\/iusc.com.br\/wp-json\/wp\/v2\/media?parent=8387"}],"curies":[{"name":"wp","href":"https:\/\/api.w.org\/{rel}","templated":true}]}}