{"id":8378,"date":"2024-01-11T17:15:22","date_gmt":"2024-01-11T20:15:22","guid":{"rendered":"https:\/\/iusc.com.br\/?page_id=8378"},"modified":"2024-01-11T17:18:01","modified_gmt":"2024-01-11T20:18:01","slug":"tratamento-cirurgico-de-hidrocele-e-espermatocele","status":"publish","type":"page","link":"https:\/\/iusc.com.br\/tratamento-cirurgico-de-hidrocele-e-espermatocele\/","title":{"rendered":"Tratamento cir\u00fargico de Hidrocele e Espermatocele"},"content":{"rendered":"\t\t<div data-elementor-type=\"wp-page\" data-elementor-id=\"8378\" class=\"elementor elementor-8378\" data-elementor-post-type=\"page\">\n\t\t\t\t\t\t<section class=\"elementor-section elementor-top-section elementor-element elementor-element-2c59518f elementor-section-boxed elementor-section-height-default elementor-section-height-default\" data-id=\"2c59518f\" data-element_type=\"section\" data-settings=\"{&quot;background_background&quot;:&quot;classic&quot;}\">\n\t\t\t\t\t\t<div class=\"elementor-container elementor-column-gap-default\">\n\t\t\t\t\t<div class=\"elementor-column elementor-col-100 elementor-top-column elementor-element elementor-element-745e1d0e\" data-id=\"745e1d0e\" data-element_type=\"column\">\n\t\t\t<div class=\"elementor-widget-wrap elementor-element-populated\">\n\t\t\t\t\t\t<div class=\"elementor-element elementor-element-4a2e8f92 elementor-widget elementor-widget-heading\" data-id=\"4a2e8f92\" data-element_type=\"widget\" data-widget_type=\"heading.default\">\n\t\t\t\t<div class=\"elementor-widget-container\">\n\t\t\t<h2 class=\"elementor-heading-title elementor-size-default\">procedimentos<\/h2>\t\t<\/div>\n\t\t\t\t<\/div>\n\t\t\t\t\t<\/div>\n\t\t<\/div>\n\t\t\t\t\t<\/div>\n\t\t<\/section>\n\t\t\t\t<section class=\"elementor-section elementor-top-section elementor-element elementor-element-2f29093f elementor-section-boxed elementor-section-height-default elementor-section-height-default\" data-id=\"2f29093f\" data-element_type=\"section\" data-settings=\"{&quot;background_background&quot;:&quot;classic&quot;}\">\n\t\t\t\t\t\t\t<div class=\"elementor-background-overlay\"><\/div>\n\t\t\t\t\t\t\t<div class=\"elementor-container elementor-column-gap-default\">\n\t\t\t\t\t<div class=\"elementor-column elementor-col-100 elementor-top-column elementor-element elementor-element-4166771c\" data-id=\"4166771c\" data-element_type=\"column\">\n\t\t\t<div class=\"elementor-widget-wrap elementor-element-populated\">\n\t\t\t\t\t\t<div class=\"elementor-element elementor-element-2413eac elementor-widget elementor-widget-heading\" data-id=\"2413eac\" data-element_type=\"widget\" data-widget_type=\"heading.default\">\n\t\t\t\t<div class=\"elementor-widget-container\">\n\t\t\t<h2 class=\"elementor-heading-title elementor-size-default\">Tratamento cir\u00fargico de Hidrocele e Espermatocele<\/h2>\t\t<\/div>\n\t\t\t\t<\/div>\n\t\t\t\t<div class=\"elementor-element elementor-element-53a6de88 elementor-widget elementor-widget-text-editor\" data-id=\"53a6de88\" data-element_type=\"widget\" data-widget_type=\"text-editor.default\">\n\t\t\t\t<div class=\"elementor-widget-container\">\n\t\t\t\t\t\t\t<p>No Instituto de Urologia SC, compreendemos a import\u00e2ncia de oferecer tratamentos eficazes e<br \/>personalizados para condi\u00e7\u00f5es como hidrocele e espermatocele.<br \/>Abaixo est\u00e3o as op\u00e7\u00f5es cir\u00fargicas dispon\u00edveis para o tratamento dessas condi\u00e7\u00f5es:<\/p>\t\t\t\t\t\t<\/div>\n\t\t\t\t<\/div>\n\t\t\t\t<section class=\"elementor-section elementor-inner-section elementor-element elementor-element-1e1a838f elementor-section-boxed elementor-section-height-default elementor-section-height-default\" data-id=\"1e1a838f\" data-element_type=\"section\">\n\t\t\t\t\t\t<div class=\"elementor-container elementor-column-gap-default\">\n\t\t\t\t\t<div class=\"elementor-column elementor-col-100 elementor-inner-column elementor-element elementor-element-3a2d7d24\" data-id=\"3a2d7d24\" data-element_type=\"column\">\n\t\t\t<div class=\"elementor-widget-wrap elementor-element-populated\">\n\t\t\t\t\t\t<div class=\"elementor-element elementor-element-8fe07f2 elementor-widget elementor-widget-text-editor\" data-id=\"8fe07f2\" data-element_type=\"widget\" data-widget_type=\"text-editor.default\">\n\t\t\t\t<div class=\"elementor-widget-container\">\n\t\t\t\t\t\t\t<p><span style=\"color: #333399;\"><strong>1. Hidrocele:<\/strong><\/span><br \/>A hidrocele \u00e9 uma acumula\u00e7\u00e3o de l\u00edquido ao redor do test\u00edculo, resultando em incha\u00e7o<br \/>escrotal.<\/p><p><strong>Tratamento Cir\u00fargico:<\/strong><br \/>\u25cf Aspira\u00e7\u00e3o e Inje\u00e7\u00e3o: Em alguns casos, pode ser realizada a aspira\u00e7\u00e3o do l\u00edquido<br \/>acumulado, seguida pela inje\u00e7\u00e3o de uma solu\u00e7\u00e3o esclerosante para prevenir a<br \/>recorr\u00eancia.<br \/>\u25cf Cirurgia de Hidrocelectomia: A hidrocelectomia envolve a remo\u00e7\u00e3o cir\u00fargica do<br \/>saco escrotal dilatado.<\/p><p><strong>Vantagens:<\/strong><br \/>\u25cf Tratamento eficaz para reduzir o incha\u00e7o.<br \/>\u25cf Abordagem cir\u00fargica minimamente invasiva em compara\u00e7\u00e3o com m\u00e9todos<br \/>tradicionais.<\/p><p><strong><span style=\"color: #333399;\">2. Espermatocele:<\/span><\/strong><br \/>A espermatocele \u00e9 um cisto cheio de l\u00edquido que se forma no epid\u00eddimo, a estrutura alongada e<br \/>enrolada localizada atr\u00e1s dos test\u00edculos.<\/p><p><strong>Tratamento Cir\u00fargico:<\/strong><br \/>\u25cf Espermatocelectomia: A espermatocelectomia \u00e9 a remo\u00e7\u00e3o cir\u00fargica do cisto<br \/>esperm\u00e1tico.<\/p><p><strong>Vantagens:<\/strong><br \/>\u25cf Al\u00edvio dos sintomas, como desconforto e incha\u00e7o.<br \/>\u25cf Geralmente, \u00e9 uma cirurgia ambulatorial com recupera\u00e7\u00e3o relativamente<br \/>r\u00e1pida.<br \/>Considera\u00e7\u00f5es importantes:<br \/>\u25cf Diagn\u00f3stico preciso: Antes de recomendar um tratamento, \u00e9 crucial realizar uma<br \/>avalia\u00e7\u00e3o completa para confirmar o diagn\u00f3stico e determinar a abordagem mais<br \/>adequada.<br \/>\u25cf Abordagem individualizada: O tratamento \u00e9 personalizado com base no tamanho do<br \/>cisto, nos sintomas do paciente e em outros fatores individuais.<br \/>\u25cf Recupera\u00e7\u00e3o e acompanhamento: O per\u00edodo de recupera\u00e7\u00e3o varia de paciente para<br \/>paciente, mas, em geral, muitos podem retornar \u00e0s atividades normais em pouco<br \/>tempo. O acompanhamento \u00e9 realizado para garantir uma recupera\u00e7\u00e3o adequada e<br \/>monitorar quaisquer complica\u00e7\u00f5es.<\/p><p>\u00a0<\/p><p style=\"text-align: center;\">Se voc\u00ea est\u00e1 enfrentando hidrocele, e espermatocele ou qualquer outra condi\u00e7\u00e3o urol\u00f3gica,<br \/>entre em contato conosco para uma avalia\u00e7\u00e3o completa.<br \/>Estamos comprometidos em fornecer cuidados personalizados e eficazes para atender \u00e0s suas<br \/>necessidades espec\u00edficas.<\/p>\t\t\t\t\t\t<\/div>\n\t\t\t\t<\/div>\n\t\t\t\t\t<\/div>\n\t\t<\/div>\n\t\t\t\t\t<\/div>\n\t\t<\/section>\n\t\t\t\t\t<\/div>\n\t\t<\/div>\n\t\t\t\t\t<\/div>\n\t\t<\/section>\n\t\t\t\t<section class=\"elementor-section elementor-top-section elementor-element elementor-element-2df04469 elementor-section-boxed elementor-section-height-default elementor-section-height-default\" data-id=\"2df04469\" data-element_type=\"section\">\n\t\t\t\t\t\t<div class=\"elementor-container elementor-column-gap-default\">\n\t\t\t\t\t<div class=\"elementor-column elementor-col-100 elementor-top-column elementor-element elementor-element-36bb7ad9\" data-id=\"36bb7ad9\" data-element_type=\"column\">\n\t\t\t<div class=\"elementor-widget-wrap elementor-element-populated\">\n\t\t\t\t\t\t<div class=\"elementor-element elementor-element-4c14fd0e elementor-align-center elementor-mobile-align-center elementor-widget elementor-widget-button\" data-id=\"4c14fd0e\" data-element_type=\"widget\" data-widget_type=\"button.default\">\n\t\t\t\t<div class=\"elementor-widget-container\">\n\t\t\t\t\t\t\t<div class=\"elementor-button-wrapper\">\n\t\t\t\t\t<a class=\"elementor-button elementor-button-link elementor-size-sm elementor-animation-grow\" href=\"https:\/\/api.whatsapp.com\/send?phone=5548991445009&#038;text=Ol%C3%A1!%20Estou%20no%20site%20do%20IUSC%20e%20gostaria%20de%20agendar%20uma%20consulta\">\n\t\t\t\t\t\t<span class=\"elementor-button-content-wrapper\">\n\t\t\t\t\t\t<span class=\"elementor-button-icon\">\n\t\t\t\t<i aria-hidden=\"true\" class=\"fab fa-whatsapp\"><\/i>\t\t\t<\/span>\n\t\t\t\t\t\t\t\t\t<span class=\"elementor-button-text\">Agende sua Consulta!<\/span>\n\t\t\t\t\t<\/span>\n\t\t\t\t\t<\/a>\n\t\t\t\t<\/div>\n\t\t\t\t\t\t<\/div>\n\t\t\t\t<\/div>\n\t\t\t\t\t<\/div>\n\t\t<\/div>\n\t\t\t\t\t<\/div>\n\t\t<\/section>\n\t\t\t\t<\/div>\n\t\t","protected":false},"excerpt":{"rendered":"<p>procedimentos Tratamento cir\u00fargico de Hidrocele e Espermatocele No Instituto de Urologia SC, compreendemos a import\u00e2ncia de oferecer tratamentos eficazes epersonalizados para condi\u00e7\u00f5es como hidrocele e espermatocele.Abaixo est\u00e3o as op\u00e7\u00f5es cir\u00fargicas dispon\u00edveis para o tratamento dessas condi\u00e7\u00f5es: 1. Hidrocele:A hidrocele \u00e9 uma acumula\u00e7\u00e3o de l\u00edquido ao redor do test\u00edculo, resultando em incha\u00e7oescrotal. Tratamento Cir\u00fargico:\u25cf Aspira\u00e7\u00e3o e [&hellip;]<\/p>\n","protected":false},"author":123458,"featured_media":0,"parent":0,"menu_order":0,"comment_status":"closed","ping_status":"closed","template":"","meta":{"_joinchat":[],"footnotes":""},"class_list":["post-8378","page","type-page","status-publish","hentry"],"_links":{"self":[{"href":"https:\/\/iusc.com.br\/wp-json\/wp\/v2\/pages\/8378"}],"collection":[{"href":"https:\/\/iusc.com.br\/wp-json\/wp\/v2\/pages"}],"about":[{"href":"https:\/\/iusc.com.br\/wp-json\/wp\/v2\/types\/page"}],"author":[{"embeddable":true,"href":"https:\/\/iusc.com.br\/wp-json\/wp\/v2\/users\/123458"}],"replies":[{"embeddable":true,"href":"https:\/\/iusc.com.br\/wp-json\/wp\/v2\/comments?post=8378"}],"version-history":[{"count":7,"href":"https:\/\/iusc.com.br\/wp-json\/wp\/v2\/pages\/8378\/revisions"}],"predecessor-version":[{"id":8386,"href":"https:\/\/iusc.com.br\/wp-json\/wp\/v2\/pages\/8378\/revisions\/8386"}],"wp:attachment":[{"href":"https:\/\/iusc.com.br\/wp-json\/wp\/v2\/media?parent=8378"}],"curies":[{"name":"wp","href":"https:\/\/api.w.org\/{rel}","templated":true}]}}