{"id":8351,"date":"2024-01-11T17:04:21","date_gmt":"2024-01-11T20:04:21","guid":{"rendered":"https:\/\/iusc.com.br\/?page_id=8351"},"modified":"2024-01-11T17:07:20","modified_gmt":"2024-01-11T20:07:20","slug":"tratamento-cirurgico-de-cancer-de-rim-e-nodulos-de-rim-e-de-glandula-adrenal","status":"publish","type":"page","link":"https:\/\/iusc.com.br\/tratamento-cirurgico-de-cancer-de-rim-e-nodulos-de-rim-e-de-glandula-adrenal\/","title":{"rendered":"Tratamento cir\u00fargico de c\u00e2ncer de rim e n\u00f3dulos de rim e de gl\u00e2ndula adrenal"},"content":{"rendered":"\t\t<div data-elementor-type=\"wp-page\" data-elementor-id=\"8351\" class=\"elementor elementor-8351\" data-elementor-post-type=\"page\">\n\t\t\t\t\t\t<section class=\"elementor-section elementor-top-section elementor-element elementor-element-4c3e0ae3 elementor-section-boxed elementor-section-height-default elementor-section-height-default\" data-id=\"4c3e0ae3\" data-element_type=\"section\" data-settings=\"{&quot;background_background&quot;:&quot;classic&quot;}\">\n\t\t\t\t\t\t<div class=\"elementor-container elementor-column-gap-default\">\n\t\t\t\t\t<div class=\"elementor-column elementor-col-100 elementor-top-column elementor-element elementor-element-39716a5b\" data-id=\"39716a5b\" data-element_type=\"column\">\n\t\t\t<div class=\"elementor-widget-wrap elementor-element-populated\">\n\t\t\t\t\t\t<div class=\"elementor-element elementor-element-26dc902d elementor-widget elementor-widget-heading\" data-id=\"26dc902d\" data-element_type=\"widget\" data-widget_type=\"heading.default\">\n\t\t\t\t<div class=\"elementor-widget-container\">\n\t\t\t<h2 class=\"elementor-heading-title elementor-size-default\">procedimentos<\/h2>\t\t<\/div>\n\t\t\t\t<\/div>\n\t\t\t\t\t<\/div>\n\t\t<\/div>\n\t\t\t\t\t<\/div>\n\t\t<\/section>\n\t\t\t\t<section class=\"elementor-section elementor-top-section elementor-element elementor-element-68fb4f5f elementor-section-boxed elementor-section-height-default elementor-section-height-default\" data-id=\"68fb4f5f\" data-element_type=\"section\" data-settings=\"{&quot;background_background&quot;:&quot;classic&quot;}\">\n\t\t\t\t\t\t\t<div class=\"elementor-background-overlay\"><\/div>\n\t\t\t\t\t\t\t<div class=\"elementor-container elementor-column-gap-default\">\n\t\t\t\t\t<div class=\"elementor-column elementor-col-100 elementor-top-column elementor-element elementor-element-7d77600a\" data-id=\"7d77600a\" data-element_type=\"column\">\n\t\t\t<div class=\"elementor-widget-wrap elementor-element-populated\">\n\t\t\t\t\t\t<div class=\"elementor-element elementor-element-2f01fa1b elementor-widget elementor-widget-heading\" data-id=\"2f01fa1b\" data-element_type=\"widget\" data-widget_type=\"heading.default\">\n\t\t\t\t<div class=\"elementor-widget-container\">\n\t\t\t<h2 class=\"elementor-heading-title elementor-size-default\">Tratamento cir\u00fargico de c\u00e2ncer de rim e n\u00f3dulos de rim e de gl\u00e2ndula adrenal<\/h2>\t\t<\/div>\n\t\t\t\t<\/div>\n\t\t\t\t<div class=\"elementor-element elementor-element-1c1444e4 elementor-widget elementor-widget-text-editor\" data-id=\"1c1444e4\" data-element_type=\"widget\" data-widget_type=\"text-editor.default\">\n\t\t\t\t<div class=\"elementor-widget-container\">\n\t\t\t\t\t\t\t<p>No Instituto de Urologia SC, reconhecemos a import\u00e2ncia de oferecer op\u00e7\u00f5es cir\u00fargicas<br \/>avan\u00e7adas e minimamente invasivas para o tratamento do c\u00e2ncer de rim, n\u00f3dulos renais e<br \/>gl\u00e2ndula adrenal.<br \/>Duas abordagens inovadoras s\u00e3o a cirurgia videolaparosc\u00f3pica e a cirurgia rob\u00f3tica, ambas<br \/>projetadas para otimizar os resultados e minimizar o impacto no paciente.<\/p>\t\t\t\t\t\t<\/div>\n\t\t\t\t<\/div>\n\t\t\t\t<section class=\"elementor-section elementor-inner-section elementor-element elementor-element-362b8383 elementor-section-boxed elementor-section-height-default elementor-section-height-default\" data-id=\"362b8383\" data-element_type=\"section\">\n\t\t\t\t\t\t<div class=\"elementor-container elementor-column-gap-default\">\n\t\t\t\t\t<div class=\"elementor-column elementor-col-100 elementor-inner-column elementor-element elementor-element-379ff80e\" data-id=\"379ff80e\" data-element_type=\"column\">\n\t\t\t<div class=\"elementor-widget-wrap elementor-element-populated\">\n\t\t\t\t\t\t<div class=\"elementor-element elementor-element-4f2ca6eb elementor-widget elementor-widget-text-editor\" data-id=\"4f2ca6eb\" data-element_type=\"widget\" data-widget_type=\"text-editor.default\">\n\t\t\t\t<div class=\"elementor-widget-container\">\n\t\t\t\t\t\t\t<p><span style=\"color: #333399;\"><strong>1. Cirurgia videolaparosc\u00f3pica para c\u00e2ncer de rim e n\u00f3dulos renais:<\/strong><\/span><br \/>Utiliza pequenas incis\u00f5es para inserir c\u00e2meras e instrumentos cir\u00fargicos,<br \/>permitindo a remo\u00e7\u00e3o precisa de tumores renais ou n\u00f3dulos.<\/p><p><strong>Vantagens:<\/strong><br \/>\u25cf Menos trauma para os tecidos circundantes.<br \/>\u25cf Menor tempo de recupera\u00e7\u00e3o.<br \/>\u25cf Menos dor p\u00f3s-operat\u00f3ria em compara\u00e7\u00e3o com cirurgias abertas.<\/p><p><span style=\"color: #333399;\"><strong>2. Cirurgia rob\u00f3tica para c\u00e2ncer de rim e n\u00f3dulos renais:<\/strong><\/span><br \/>A cirurgia rob\u00f3tica \u00e9 realizada com o aux\u00edlio de um sistema cir\u00fargico<br \/>rob\u00f3tico, onde o cirurgi\u00e3o controla os bra\u00e7os rob\u00f3ticos a partir de uma esta\u00e7\u00e3o de<br \/>comando.<\/p><p><strong>Vantagens:<\/strong><br \/>\u25cf Maior precis\u00e3o e destreza para o cirurgi\u00e3o.<br \/>\u25cf Incis\u00f5es menores resultam em cicatrizes mais discretas.<br \/>\u25cf Recupera\u00e7\u00e3o mais r\u00e1pida comparada \u00e0 cirurgia aberta.<\/p><p><span style=\"color: #333399;\"><strong>3. Cirurgia videolaparosc\u00f3pica para c\u00e2ncer de gl\u00e2ndula adrenal:<\/strong><\/span><br \/>Utiliza uma abordagem laparosc\u00f3pica para remover tumores ou n\u00f3dulos da<br \/>gl\u00e2ndula adrenal.<\/p><p><strong>Vantagens:<\/strong><br \/>\u25cf M\u00ednima invas\u00e3o.<br \/>\u25cf Recupera\u00e7\u00e3o mais r\u00e1pida.<br \/>\u25cf Menor tempo de interna\u00e7\u00e3o.<br \/>Considera\u00e7\u00f5es importantes:<br \/>\u25cf Sele\u00e7\u00e3o da abordagem: A escolha entre a cirurgia videolaparosc\u00f3pica e a cirurgia<br \/>rob\u00f3tica depende da experi\u00eancia do cirurgi\u00e3o, da infraestrutura dispon\u00edvel e das<br \/>caracter\u00edsticas espec\u00edficas de cada paciente.<br \/>\u25cf Acompanhamento p\u00f3s-tratamento: O acompanhamento regular \u00e9 crucial para<br \/>monitorar a resposta ao tratamento e detectar qualquer sinal de recorr\u00eancia<br \/>precocemente.<br \/>\u25cf Equipe multidisciplinar: O tratamento do c\u00e2ncer renal e adrenal frequentemente<br \/>envolve uma equipe multidisciplinar, incluindo cirurgi\u00f5es, oncologistas e radiologistas.<br \/>Compromisso com o cuidado personalizado:<\/p><p>\u00a0<\/p><p style=\"text-align: center;\">No Instituto de Urologia SC, nossa equipe est\u00e1 comprometida em fornecer cuidado<br \/>personalizado e integrado para pacientes com c\u00e2ncer de rim, n\u00f3dulos renais e gl\u00e2ndula<br \/>adrenal.<br \/>Se voc\u00ea foi diagnosticado com uma dessas condi\u00e7\u00f5es, entre em contato conosco para uma<br \/>avalia\u00e7\u00e3o abrangente e orienta\u00e7\u00e3o especializada sobre as op\u00e7\u00f5es de tratamento cir\u00fargico<br \/>dispon\u00edveis.<\/p>\t\t\t\t\t\t<\/div>\n\t\t\t\t<\/div>\n\t\t\t\t\t<\/div>\n\t\t<\/div>\n\t\t\t\t\t<\/div>\n\t\t<\/section>\n\t\t\t\t\t<\/div>\n\t\t<\/div>\n\t\t\t\t\t<\/div>\n\t\t<\/section>\n\t\t\t\t<section class=\"elementor-section elementor-top-section elementor-element elementor-element-5fff249b elementor-section-boxed elementor-section-height-default elementor-section-height-default\" data-id=\"5fff249b\" data-element_type=\"section\">\n\t\t\t\t\t\t<div class=\"elementor-container elementor-column-gap-default\">\n\t\t\t\t\t<div class=\"elementor-column elementor-col-100 elementor-top-column elementor-element elementor-element-7ecc3b24\" data-id=\"7ecc3b24\" data-element_type=\"column\">\n\t\t\t<div class=\"elementor-widget-wrap elementor-element-populated\">\n\t\t\t\t\t\t<div class=\"elementor-element elementor-element-6f88c47a elementor-align-center elementor-mobile-align-center elementor-widget elementor-widget-button\" data-id=\"6f88c47a\" data-element_type=\"widget\" data-widget_type=\"button.default\">\n\t\t\t\t<div class=\"elementor-widget-container\">\n\t\t\t\t\t\t\t<div class=\"elementor-button-wrapper\">\n\t\t\t\t\t<a class=\"elementor-button elementor-button-link elementor-size-sm elementor-animation-grow\" href=\"https:\/\/api.whatsapp.com\/send?phone=5548991445009&#038;text=Ol%C3%A1!%20Estou%20no%20site%20do%20IUSC%20e%20gostaria%20de%20agendar%20uma%20consulta\">\n\t\t\t\t\t\t<span class=\"elementor-button-content-wrapper\">\n\t\t\t\t\t\t<span class=\"elementor-button-icon\">\n\t\t\t\t<i aria-hidden=\"true\" class=\"fab fa-whatsapp\"><\/i>\t\t\t<\/span>\n\t\t\t\t\t\t\t\t\t<span class=\"elementor-button-text\">Agende sua Consulta!<\/span>\n\t\t\t\t\t<\/span>\n\t\t\t\t\t<\/a>\n\t\t\t\t<\/div>\n\t\t\t\t\t\t<\/div>\n\t\t\t\t<\/div>\n\t\t\t\t\t<\/div>\n\t\t<\/div>\n\t\t\t\t\t<\/div>\n\t\t<\/section>\n\t\t\t\t<\/div>\n\t\t","protected":false},"excerpt":{"rendered":"<p>procedimentos Tratamento cir\u00fargico de c\u00e2ncer de rim e n\u00f3dulos de rim e de gl\u00e2ndula adrenal No Instituto de Urologia SC, reconhecemos a import\u00e2ncia de oferecer op\u00e7\u00f5es cir\u00fargicasavan\u00e7adas e minimamente invasivas para o tratamento do c\u00e2ncer de rim, n\u00f3dulos renais egl\u00e2ndula adrenal.Duas abordagens inovadoras s\u00e3o a cirurgia videolaparosc\u00f3pica e a cirurgia rob\u00f3tica, ambasprojetadas para otimizar os [&hellip;]<\/p>\n","protected":false},"author":123458,"featured_media":0,"parent":0,"menu_order":0,"comment_status":"closed","ping_status":"closed","template":"","meta":{"_joinchat":[],"footnotes":""},"class_list":["post-8351","page","type-page","status-publish","hentry"],"_links":{"self":[{"href":"https:\/\/iusc.com.br\/wp-json\/wp\/v2\/pages\/8351"}],"collection":[{"href":"https:\/\/iusc.com.br\/wp-json\/wp\/v2\/pages"}],"about":[{"href":"https:\/\/iusc.com.br\/wp-json\/wp\/v2\/types\/page"}],"author":[{"embeddable":true,"href":"https:\/\/iusc.com.br\/wp-json\/wp\/v2\/users\/123458"}],"replies":[{"embeddable":true,"href":"https:\/\/iusc.com.br\/wp-json\/wp\/v2\/comments?post=8351"}],"version-history":[{"count":7,"href":"https:\/\/iusc.com.br\/wp-json\/wp\/v2\/pages\/8351\/revisions"}],"predecessor-version":[{"id":8359,"href":"https:\/\/iusc.com.br\/wp-json\/wp\/v2\/pages\/8351\/revisions\/8359"}],"wp:attachment":[{"href":"https:\/\/iusc.com.br\/wp-json\/wp\/v2\/media?parent=8351"}],"curies":[{"name":"wp","href":"https:\/\/api.w.org\/{rel}","templated":true}]}}