{"id":8342,"date":"2024-01-11T17:00:37","date_gmt":"2024-01-11T20:00:37","guid":{"rendered":"https:\/\/iusc.com.br\/?page_id=8342"},"modified":"2024-01-11T17:03:48","modified_gmt":"2024-01-11T20:03:48","slug":"tratamento-cirurgico-de-cancer-de-bexiga","status":"publish","type":"page","link":"https:\/\/iusc.com.br\/tratamento-cirurgico-de-cancer-de-bexiga\/","title":{"rendered":"Tratamento cir\u00fargico de c\u00e2ncer de bexiga"},"content":{"rendered":"\t\t<div data-elementor-type=\"wp-page\" data-elementor-id=\"8342\" class=\"elementor elementor-8342\" data-elementor-post-type=\"page\">\n\t\t\t\t\t\t<section class=\"elementor-section elementor-top-section elementor-element elementor-element-b4c26bf elementor-section-boxed elementor-section-height-default elementor-section-height-default\" data-id=\"b4c26bf\" data-element_type=\"section\" data-settings=\"{&quot;background_background&quot;:&quot;classic&quot;}\">\n\t\t\t\t\t\t<div class=\"elementor-container elementor-column-gap-default\">\n\t\t\t\t\t<div class=\"elementor-column elementor-col-100 elementor-top-column elementor-element elementor-element-6dd07da\" data-id=\"6dd07da\" data-element_type=\"column\">\n\t\t\t<div class=\"elementor-widget-wrap elementor-element-populated\">\n\t\t\t\t\t\t<div class=\"elementor-element elementor-element-732e31cf elementor-widget elementor-widget-heading\" data-id=\"732e31cf\" data-element_type=\"widget\" data-widget_type=\"heading.default\">\n\t\t\t\t<div class=\"elementor-widget-container\">\n\t\t\t<h2 class=\"elementor-heading-title elementor-size-default\">procedimentos<\/h2>\t\t<\/div>\n\t\t\t\t<\/div>\n\t\t\t\t\t<\/div>\n\t\t<\/div>\n\t\t\t\t\t<\/div>\n\t\t<\/section>\n\t\t\t\t<section class=\"elementor-section elementor-top-section elementor-element elementor-element-b9c7ca1 elementor-section-boxed elementor-section-height-default elementor-section-height-default\" data-id=\"b9c7ca1\" data-element_type=\"section\" data-settings=\"{&quot;background_background&quot;:&quot;classic&quot;}\">\n\t\t\t\t\t\t\t<div class=\"elementor-background-overlay\"><\/div>\n\t\t\t\t\t\t\t<div class=\"elementor-container elementor-column-gap-default\">\n\t\t\t\t\t<div class=\"elementor-column elementor-col-100 elementor-top-column elementor-element elementor-element-186608bb\" data-id=\"186608bb\" data-element_type=\"column\">\n\t\t\t<div class=\"elementor-widget-wrap elementor-element-populated\">\n\t\t\t\t\t\t<div class=\"elementor-element elementor-element-5450f08b elementor-widget elementor-widget-heading\" data-id=\"5450f08b\" data-element_type=\"widget\" data-widget_type=\"heading.default\">\n\t\t\t\t<div class=\"elementor-widget-container\">\n\t\t\t<h2 class=\"elementor-heading-title elementor-size-default\">Tratamento cir\u00fargico de c\u00e2ncer de bexiga<\/h2>\t\t<\/div>\n\t\t\t\t<\/div>\n\t\t\t\t<div class=\"elementor-element elementor-element-3f577637 elementor-widget elementor-widget-text-editor\" data-id=\"3f577637\" data-element_type=\"widget\" data-widget_type=\"text-editor.default\">\n\t\t\t\t<div class=\"elementor-widget-container\">\n\t\t\t\t\t\t\t<p>No Instituto de Urologia SC, reconhecemos a import\u00e2ncia de oferecer op\u00e7\u00f5es cir\u00fargicas<br \/>avan\u00e7adas e minimamente invasivas para o tratamento do c\u00e2ncer de bexiga.<br \/>Diversas abordagens s\u00e3o consideradas, incluindo cirurgia endosc\u00f3pica, videolaparosc\u00f3pica e<br \/>rob\u00f3tica, bem como instila\u00e7\u00e3o de Imuno-BCG intravesical para otimizar os resultados e a<br \/>recupera\u00e7\u00e3o dos pacientes.<\/p>\t\t\t\t\t\t<\/div>\n\t\t\t\t<\/div>\n\t\t\t\t<section class=\"elementor-section elementor-inner-section elementor-element elementor-element-5adda774 elementor-section-boxed elementor-section-height-default elementor-section-height-default\" data-id=\"5adda774\" data-element_type=\"section\">\n\t\t\t\t\t\t<div class=\"elementor-container elementor-column-gap-default\">\n\t\t\t\t\t<div class=\"elementor-column elementor-col-100 elementor-inner-column elementor-element elementor-element-4a192966\" data-id=\"4a192966\" data-element_type=\"column\">\n\t\t\t<div class=\"elementor-widget-wrap elementor-element-populated\">\n\t\t\t\t\t\t<div class=\"elementor-element elementor-element-2d2adc19 elementor-widget elementor-widget-text-editor\" data-id=\"2d2adc19\" data-element_type=\"widget\" data-widget_type=\"text-editor.default\">\n\t\t\t\t<div class=\"elementor-widget-container\">\n\t\t\t\t\t\t\t<p><strong><span style=\"color: #333399;\">1. Cirurgia endosc\u00f3pica minimamente invasiva:<\/span><\/strong><br \/>A cirurgia endosc\u00f3pica envolve a inser\u00e7\u00e3o de um cistosc\u00f3pio atrav\u00e9s da<br \/>uretra para visualizar e remover tumores ou realizar procedimentos terap\u00eauticos.<\/p><p><strong>Vantagens:<\/strong><br \/>\u25cf M\u00ednima invas\u00e3o.<br \/>\u25cf Menor tempo de recupera\u00e7\u00e3o.<br \/>\u25cf Redu\u00e7\u00e3o do risco de complica\u00e7\u00f5es.<\/p><p><span style=\"color: #333399;\"><strong>2. Cirurgia videolaparosc\u00f3pica e rob\u00f3tica para c\u00e2ncer de bexiga:<\/strong><\/span><br \/>Ambas as t\u00e9cnicas utilizam pequenas incis\u00f5es para inserir c\u00e2meras e<br \/>instrumentos cir\u00fargicos, permitindo a remo\u00e7\u00e3o precisa de tumores ou at\u00e9 mesmo a<br \/>remo\u00e7\u00e3o parcial ou total da bexiga.<\/p><p><strong>Vantagens:<\/strong><br \/>\u25cf Menor trauma para os tecidos circundantes.<br \/>\u25cf Recupera\u00e7\u00e3o mais r\u00e1pida em compara\u00e7\u00e3o com procedimentos abertos.<br \/>\u25cf Menos perda de sangue durante a cirurgia.<\/p><p><strong><span style=\"color: #333399;\">3. Instila\u00e7\u00e3o de Imuno-BCG Intravesical:<\/span><\/strong><br \/>O tratamento intravesical com Bacilo Calmette-Gu\u00e9rin (BCG) \u00e9 uma terapia<br \/>imunol\u00f3gica em que o BCG \u00e9 instalado diretamente na bexiga atrav\u00e9s de um cateter.<\/p><p><strong>Vantagens:<\/strong><br \/>\u25cf Estimula o sistema imunol\u00f3gico para combater c\u00e9lulas cancer\u00edgenas na bexiga.<br \/>\u25cf Pode ser utilizado para prevenir a recorr\u00eancia ap\u00f3s a cirurgia.<br \/>Considera\u00e7\u00f5es Importantes:<br \/>\u25cf Sele\u00e7\u00e3o da abordagem: A escolha entre as abordagens cir\u00fargicas depende do est\u00e1gio<br \/>do c\u00e2ncer, da sa\u00fade geral do paciente e das prefer\u00eancias individuais.<br \/>\u25cf Abordagem multidisciplinar: O tratamento do c\u00e2ncer de bexiga frequentemente<br \/>envolve uma abordagem multidisciplinar, incluindo cirurgia, quimioterapia,<br \/>radioterapia e terapia imunol\u00f3gica.<br \/>\u25cf Acompanhamento p\u00f3s-tratamento: O acompanhamento regular \u00e9 essencial para<br \/>monitorar a resposta ao tratamento e detectar qualquer sinal de recorr\u00eancia<br \/>precocemente.<br \/>Compromisso com o Cuidado Integrado:<\/p><p>\u00a0<\/p><p style=\"text-align: center;\">No Instituto de Urologia SC, nosso compromisso \u00e9 fornecer cuidado integrado e personalizado<br \/>para os pacientes com c\u00e2ncer de bexiga.<br \/>Nossa equipe trabalha em conjunto para oferecer as melhores op\u00e7\u00f5es de tratamento,<br \/>garantindo a m\u00e1xima efic\u00e1cia e qualidade de vida para os pacientes.<br \/>Se voc\u00ea foi diagnosticado com c\u00e2ncer de bexiga, entre em contato conosco para uma avalia\u00e7\u00e3o<br \/>abrangente e orienta\u00e7\u00e3o especializada sobre as op\u00e7\u00f5es de tratamento dispon\u00edveis.<\/p>\t\t\t\t\t\t<\/div>\n\t\t\t\t<\/div>\n\t\t\t\t\t<\/div>\n\t\t<\/div>\n\t\t\t\t\t<\/div>\n\t\t<\/section>\n\t\t\t\t\t<\/div>\n\t\t<\/div>\n\t\t\t\t\t<\/div>\n\t\t<\/section>\n\t\t\t\t<section class=\"elementor-section elementor-top-section elementor-element elementor-element-15faa66a elementor-section-boxed elementor-section-height-default elementor-section-height-default\" data-id=\"15faa66a\" data-element_type=\"section\">\n\t\t\t\t\t\t<div class=\"elementor-container elementor-column-gap-default\">\n\t\t\t\t\t<div class=\"elementor-column elementor-col-100 elementor-top-column elementor-element elementor-element-713c4591\" data-id=\"713c4591\" data-element_type=\"column\">\n\t\t\t<div class=\"elementor-widget-wrap elementor-element-populated\">\n\t\t\t\t\t\t<div class=\"elementor-element elementor-element-555b4b40 elementor-align-center elementor-mobile-align-center elementor-widget elementor-widget-button\" data-id=\"555b4b40\" data-element_type=\"widget\" data-widget_type=\"button.default\">\n\t\t\t\t<div class=\"elementor-widget-container\">\n\t\t\t\t\t\t\t<div class=\"elementor-button-wrapper\">\n\t\t\t\t\t<a class=\"elementor-button elementor-button-link elementor-size-sm elementor-animation-grow\" href=\"https:\/\/api.whatsapp.com\/send?phone=5548991445009&#038;text=Ol%C3%A1!%20Estou%20no%20site%20do%20IUSC%20e%20gostaria%20de%20agendar%20uma%20consulta\">\n\t\t\t\t\t\t<span class=\"elementor-button-content-wrapper\">\n\t\t\t\t\t\t<span class=\"elementor-button-icon\">\n\t\t\t\t<i aria-hidden=\"true\" class=\"fab fa-whatsapp\"><\/i>\t\t\t<\/span>\n\t\t\t\t\t\t\t\t\t<span class=\"elementor-button-text\">Agende sua Consulta!<\/span>\n\t\t\t\t\t<\/span>\n\t\t\t\t\t<\/a>\n\t\t\t\t<\/div>\n\t\t\t\t\t\t<\/div>\n\t\t\t\t<\/div>\n\t\t\t\t\t<\/div>\n\t\t<\/div>\n\t\t\t\t\t<\/div>\n\t\t<\/section>\n\t\t\t\t<\/div>\n\t\t","protected":false},"excerpt":{"rendered":"<p>procedimentos Tratamento cir\u00fargico de c\u00e2ncer de bexiga No Instituto de Urologia SC, reconhecemos a import\u00e2ncia de oferecer op\u00e7\u00f5es cir\u00fargicasavan\u00e7adas e minimamente invasivas para o tratamento do c\u00e2ncer de bexiga.Diversas abordagens s\u00e3o consideradas, incluindo cirurgia endosc\u00f3pica, videolaparosc\u00f3pica erob\u00f3tica, bem como instila\u00e7\u00e3o de Imuno-BCG intravesical para otimizar os resultados e arecupera\u00e7\u00e3o dos pacientes. 1. Cirurgia endosc\u00f3pica minimamente [&hellip;]<\/p>\n","protected":false},"author":123458,"featured_media":0,"parent":0,"menu_order":0,"comment_status":"closed","ping_status":"closed","template":"","meta":{"_joinchat":[],"footnotes":""},"class_list":["post-8342","page","type-page","status-publish","hentry"],"_links":{"self":[{"href":"https:\/\/iusc.com.br\/wp-json\/wp\/v2\/pages\/8342"}],"collection":[{"href":"https:\/\/iusc.com.br\/wp-json\/wp\/v2\/pages"}],"about":[{"href":"https:\/\/iusc.com.br\/wp-json\/wp\/v2\/types\/page"}],"author":[{"embeddable":true,"href":"https:\/\/iusc.com.br\/wp-json\/wp\/v2\/users\/123458"}],"replies":[{"embeddable":true,"href":"https:\/\/iusc.com.br\/wp-json\/wp\/v2\/comments?post=8342"}],"version-history":[{"count":7,"href":"https:\/\/iusc.com.br\/wp-json\/wp\/v2\/pages\/8342\/revisions"}],"predecessor-version":[{"id":8350,"href":"https:\/\/iusc.com.br\/wp-json\/wp\/v2\/pages\/8342\/revisions\/8350"}],"wp:attachment":[{"href":"https:\/\/iusc.com.br\/wp-json\/wp\/v2\/media?parent=8342"}],"curies":[{"name":"wp","href":"https:\/\/api.w.org\/{rel}","templated":true}]}}