{"id":8291,"date":"2024-01-11T16:31:33","date_gmt":"2024-01-11T19:31:33","guid":{"rendered":"https:\/\/iusc.com.br\/?page_id=8291"},"modified":"2024-01-11T16:54:56","modified_gmt":"2024-01-11T19:54:56","slug":"tratamento-cirurgico-de-calculos-do-aparelho-urinario","status":"publish","type":"page","link":"https:\/\/iusc.com.br\/tratamento-cirurgico-de-calculos-do-aparelho-urinario\/","title":{"rendered":"Tratamento cir\u00fargico de c\u00e1lculos do aparelho urin\u00e1rio"},"content":{"rendered":"\t\t<div data-elementor-type=\"wp-page\" data-elementor-id=\"8291\" class=\"elementor elementor-8291\" data-elementor-post-type=\"page\">\n\t\t\t\t\t\t<section class=\"elementor-section elementor-top-section elementor-element elementor-element-574d7c64 elementor-section-boxed elementor-section-height-default elementor-section-height-default\" data-id=\"574d7c64\" data-element_type=\"section\" data-settings=\"{&quot;background_background&quot;:&quot;classic&quot;}\">\n\t\t\t\t\t\t<div class=\"elementor-container elementor-column-gap-default\">\n\t\t\t\t\t<div class=\"elementor-column elementor-col-100 elementor-top-column elementor-element elementor-element-4c4e639a\" data-id=\"4c4e639a\" data-element_type=\"column\">\n\t\t\t<div class=\"elementor-widget-wrap elementor-element-populated\">\n\t\t\t\t\t\t<div class=\"elementor-element elementor-element-4cf6462e elementor-widget elementor-widget-heading\" data-id=\"4cf6462e\" data-element_type=\"widget\" data-widget_type=\"heading.default\">\n\t\t\t\t<div class=\"elementor-widget-container\">\n\t\t\t<h2 class=\"elementor-heading-title elementor-size-default\">procedimentos<\/h2>\t\t<\/div>\n\t\t\t\t<\/div>\n\t\t\t\t\t<\/div>\n\t\t<\/div>\n\t\t\t\t\t<\/div>\n\t\t<\/section>\n\t\t\t\t<section class=\"elementor-section elementor-top-section elementor-element elementor-element-20a19f81 elementor-section-boxed elementor-section-height-default elementor-section-height-default\" data-id=\"20a19f81\" data-element_type=\"section\" data-settings=\"{&quot;background_background&quot;:&quot;classic&quot;}\">\n\t\t\t\t\t\t\t<div class=\"elementor-background-overlay\"><\/div>\n\t\t\t\t\t\t\t<div class=\"elementor-container elementor-column-gap-default\">\n\t\t\t\t\t<div class=\"elementor-column elementor-col-100 elementor-top-column elementor-element elementor-element-8afa3bf\" data-id=\"8afa3bf\" data-element_type=\"column\">\n\t\t\t<div class=\"elementor-widget-wrap elementor-element-populated\">\n\t\t\t\t\t\t<div class=\"elementor-element elementor-element-7bd00d84 elementor-widget elementor-widget-heading\" data-id=\"7bd00d84\" data-element_type=\"widget\" data-widget_type=\"heading.default\">\n\t\t\t\t<div class=\"elementor-widget-container\">\n\t\t\t<h2 class=\"elementor-heading-title elementor-size-default\">Tratamento cir\u00fargico de c\u00e1lculos do aparelho urin\u00e1rio<\/h2>\t\t<\/div>\n\t\t\t\t<\/div>\n\t\t\t\t<div class=\"elementor-element elementor-element-9188cf9 elementor-widget elementor-widget-text-editor\" data-id=\"9188cf9\" data-element_type=\"widget\" data-widget_type=\"text-editor.default\">\n\t\t\t\t<div class=\"elementor-widget-container\">\n\t\t\t\t\t\t\t<p>No Instituto de Urologia SC, oferecemos uma variedade de op\u00e7\u00f5es cir\u00fargicas avan\u00e7adas para o<br \/>tratamento de c\u00e1lculos do aparelho urin\u00e1rio.<br \/>Nossas t\u00e9cnicas modernas visam proporcionar resultados eficazes, minimizando o desconforto<br \/>e promovendo uma recupera\u00e7\u00e3o mais r\u00e1pida para os nossos pacientes.<\/p>\t\t\t\t\t\t<\/div>\n\t\t\t\t<\/div>\n\t\t\t\t<section class=\"elementor-section elementor-inner-section elementor-element elementor-element-72da26ef elementor-section-boxed elementor-section-height-default elementor-section-height-default\" data-id=\"72da26ef\" data-element_type=\"section\">\n\t\t\t\t\t\t<div class=\"elementor-container elementor-column-gap-default\">\n\t\t\t\t\t<div class=\"elementor-column elementor-col-100 elementor-inner-column elementor-element elementor-element-25b1f926\" data-id=\"25b1f926\" data-element_type=\"column\">\n\t\t\t<div class=\"elementor-widget-wrap elementor-element-populated\">\n\t\t\t\t\t\t<div class=\"elementor-element elementor-element-4bbbbef9 elementor-widget elementor-widget-text-editor\" data-id=\"4bbbbef9\" data-element_type=\"widget\" data-widget_type=\"text-editor.default\">\n\t\t\t\t<div class=\"elementor-widget-container\">\n\t\t\t\t\t\t\t<p><strong><span style=\"color: #333399;\">1. Cirurgia endosc\u00f3pica a laser:<\/span><\/strong><\/p><p>\u25cf Descri\u00e7\u00e3o: A cirurgia endosc\u00f3pica utiliza um ureterosc\u00f3pio flex\u00edvel que \u00e9 inserido<br \/>atrav\u00e9s da uretra e da bexiga at\u00e9 os ureteres ou rins. Um laser \u00e9 utilizado para quebrar<br \/>os c\u00e1lculos em fragmentos menores, que podem ser naturalmente eliminados pelo<br \/>organismo.<br \/>\u25cf Vantagens: M\u00ednima invas\u00e3o, recupera\u00e7\u00e3o r\u00e1pida, eficaz para c\u00e1lculos renais menores e<br \/>ureterais.<\/p><p><span style=\"color: #333399;\"><strong>2. Ureterolitotripsia semirr\u00edgida e flex\u00edvel digital:<\/strong><\/span><\/p><p>\u25cf Descri\u00e7\u00e3o: Um ureterosc\u00f3pio \u00e9 inserido no trato urin\u00e1rio, permitindo a visualiza\u00e7\u00e3o<br \/>direta do c\u00e1lculo. Um dispositivo de fragmenta\u00e7\u00e3o pode ser usado para quebrar o<br \/>c\u00e1lculo em peda\u00e7os menores.<br \/>\u25cf Vantagens: Pode ser aplicada em diferentes localiza\u00e7\u00f5es do trato urin\u00e1rio, dependendo<br \/>da flexibilidade do ureterosc\u00f3pio.<\/p><p><span style=\"color: #333399;\"><strong>3. Cirurgia mini percut\u00e2nea (Percut\u00e2nea minimamente invasiva):<\/strong><\/span><br \/>\u25cf Descri\u00e7\u00e3o: Uma pequena incis\u00e3o \u00e9 feita nas costas e um instrumento \u00e9 inserido<br \/>diretamente no rim para acessar o c\u00e1lculo. A quebra do c\u00e1lculo \u00e9 realizada atrav\u00e9s de<br \/>fragmenta\u00e7\u00e3o ou extra\u00e7\u00e3o direta.<br \/>\u25cf Vantagens: Abordagem minimamente invasiva, eficaz para c\u00e1lculos renais maiores.<\/p><p><span style=\"color: #333399;\"><strong>4. Cirurgia Videolaparosc\u00f3pica:<\/strong><\/span><br \/>\u25cf Descri\u00e7\u00e3o: Realizada atrav\u00e9s de pequenas incis\u00f5es, a cirurgia laparosc\u00f3pica utiliza uma<br \/>c\u00e2mera e instrumentos cir\u00fargicos para remover ou fragmentar c\u00e1lculos do trato<br \/>urin\u00e1rio.<br \/>\u25cf Vantagens: Menor trauma cir\u00fargico, recupera\u00e7\u00e3o mais r\u00e1pida, indicada para casos mais<br \/>complexos.<\/p>\t\t\t\t\t\t<\/div>\n\t\t\t\t<\/div>\n\t\t\t\t\t<\/div>\n\t\t<\/div>\n\t\t\t\t\t<\/div>\n\t\t<\/section>\n\t\t\t\t<section class=\"elementor-section elementor-inner-section elementor-element elementor-element-49b355fb elementor-section-boxed elementor-section-height-default elementor-section-height-default\" data-id=\"49b355fb\" data-element_type=\"section\">\n\t\t\t\t\t\t<div class=\"elementor-container elementor-column-gap-default\">\n\t\t\t\t\t<div class=\"elementor-column elementor-col-100 elementor-inner-column elementor-element elementor-element-b70cfb3\" data-id=\"b70cfb3\" data-element_type=\"column\">\n\t\t\t<div class=\"elementor-widget-wrap elementor-element-populated\">\n\t\t\t\t\t\t<div class=\"elementor-element elementor-element-de4422f elementor-widget__width-initial elementor-widget elementor-widget-heading\" data-id=\"de4422f\" data-element_type=\"widget\" data-widget_type=\"heading.default\">\n\t\t\t\t<div class=\"elementor-widget-container\">\n\t\t\t<h2 class=\"elementor-heading-title elementor-size-default\">Benef\u00edcios gerais:<\/h2>\t\t<\/div>\n\t\t\t\t<\/div>\n\t\t\t\t<div class=\"elementor-element elementor-element-4fe9f80e elementor-widget elementor-widget-text-editor\" data-id=\"4fe9f80e\" data-element_type=\"widget\" data-widget_type=\"text-editor.default\">\n\t\t\t\t<div class=\"elementor-widget-container\">\n\t\t\t\t\t\t\t<p><strong>\u25cf Recupera\u00e7\u00e3o r\u00e1pida:<\/strong> Muitos desses procedimentos permitem uma recupera\u00e7\u00e3o mais<br \/>r\u00e1pida em compara\u00e7\u00e3o com t\u00e9cnicas tradicionais.<br \/><strong>\u25cf M\u00ednima invas\u00e3o:<\/strong> A abordagem minimamente invasiva reduz o desconforto<br \/>p\u00f3s-operat\u00f3rio e o tempo de interna\u00e7\u00e3o.<br \/><strong>\u25cf Alta taxa de sucesso:<\/strong> As t\u00e9cnicas modernas oferecem altas taxas de sucesso na<br \/>remo\u00e7\u00e3o eficaz de c\u00e1lculos urin\u00e1rios.<\/p>\t\t\t\t\t\t<\/div>\n\t\t\t\t<\/div>\n\t\t\t\t\t<\/div>\n\t\t<\/div>\n\t\t\t\t\t<\/div>\n\t\t<\/section>\n\t\t\t\t<section class=\"elementor-section elementor-inner-section elementor-element elementor-element-22602721 elementor-section-boxed elementor-section-height-default elementor-section-height-default\" data-id=\"22602721\" data-element_type=\"section\">\n\t\t\t\t\t\t<div class=\"elementor-container elementor-column-gap-default\">\n\t\t\t\t\t<div class=\"elementor-column elementor-col-100 elementor-inner-column elementor-element elementor-element-5b893c5e\" data-id=\"5b893c5e\" data-element_type=\"column\">\n\t\t\t<div class=\"elementor-widget-wrap elementor-element-populated\">\n\t\t\t\t\t\t<div class=\"elementor-element elementor-element-2be2eaf0 elementor-widget elementor-widget-text-editor\" data-id=\"2be2eaf0\" data-element_type=\"widget\" data-widget_type=\"text-editor.default\">\n\t\t\t\t<div class=\"elementor-widget-container\">\n\t\t\t\t\t\t\t<p>Nossos especialistas no Instituto de Urologia SC est\u00e3o comprometidos em fornecer a melhor<br \/>abordagem para o tratamento de c\u00e1lculos urin\u00e1rios, personalizando o plano de tratamento de<br \/>acordo com as necessidades individuais de cada paciente.<br \/>Se voc\u00ea estiver enfrentando problemas relacionados a c\u00e1lculos do aparelho urin\u00e1rio, entre em<br \/>contato conosco para uma avalia\u00e7\u00e3o abrangente e orienta\u00e7\u00e3o especializada.<\/p>\t\t\t\t\t\t<\/div>\n\t\t\t\t<\/div>\n\t\t\t\t\t<\/div>\n\t\t<\/div>\n\t\t\t\t\t<\/div>\n\t\t<\/section>\n\t\t\t\t\t<\/div>\n\t\t<\/div>\n\t\t\t\t\t<\/div>\n\t\t<\/section>\n\t\t\t\t<section class=\"elementor-section elementor-top-section elementor-element elementor-element-6f6ee59a elementor-section-boxed elementor-section-height-default elementor-section-height-default\" data-id=\"6f6ee59a\" data-element_type=\"section\">\n\t\t\t\t\t\t<div class=\"elementor-container elementor-column-gap-default\">\n\t\t\t\t\t<div class=\"elementor-column elementor-col-100 elementor-top-column elementor-element elementor-element-7c9ba938\" data-id=\"7c9ba938\" data-element_type=\"column\">\n\t\t\t<div class=\"elementor-widget-wrap elementor-element-populated\">\n\t\t\t\t\t\t<div class=\"elementor-element elementor-element-7e544031 elementor-align-center elementor-mobile-align-center elementor-widget elementor-widget-button\" data-id=\"7e544031\" data-element_type=\"widget\" data-widget_type=\"button.default\">\n\t\t\t\t<div class=\"elementor-widget-container\">\n\t\t\t\t\t\t\t<div class=\"elementor-button-wrapper\">\n\t\t\t\t\t<a class=\"elementor-button elementor-button-link elementor-size-sm elementor-animation-grow\" href=\"https:\/\/api.whatsapp.com\/send?phone=5548991445009&#038;text=Ol%C3%A1!%20Estou%20no%20site%20do%20IUSC%20e%20gostaria%20de%20agendar%20uma%20consulta\">\n\t\t\t\t\t\t<span class=\"elementor-button-content-wrapper\">\n\t\t\t\t\t\t<span class=\"elementor-button-icon\">\n\t\t\t\t<i aria-hidden=\"true\" class=\"fab fa-whatsapp\"><\/i>\t\t\t<\/span>\n\t\t\t\t\t\t\t\t\t<span class=\"elementor-button-text\">Agende sua Consulta!<\/span>\n\t\t\t\t\t<\/span>\n\t\t\t\t\t<\/a>\n\t\t\t\t<\/div>\n\t\t\t\t\t\t<\/div>\n\t\t\t\t<\/div>\n\t\t\t\t\t<\/div>\n\t\t<\/div>\n\t\t\t\t\t<\/div>\n\t\t<\/section>\n\t\t\t\t<\/div>\n\t\t","protected":false},"excerpt":{"rendered":"<p>procedimentos Tratamento cir\u00fargico de c\u00e1lculos do aparelho urin\u00e1rio No Instituto de Urologia SC, oferecemos uma variedade de op\u00e7\u00f5es cir\u00fargicas avan\u00e7adas para otratamento de c\u00e1lculos do aparelho urin\u00e1rio.Nossas t\u00e9cnicas modernas visam proporcionar resultados eficazes, minimizando o desconfortoe promovendo uma recupera\u00e7\u00e3o mais r\u00e1pida para os nossos pacientes. 1. Cirurgia endosc\u00f3pica a laser: \u25cf Descri\u00e7\u00e3o: A cirurgia endosc\u00f3pica [&hellip;]<\/p>\n","protected":false},"author":123458,"featured_media":0,"parent":0,"menu_order":0,"comment_status":"closed","ping_status":"closed","template":"","meta":{"_joinchat":[],"footnotes":""},"class_list":["post-8291","page","type-page","status-publish","hentry"],"_links":{"self":[{"href":"https:\/\/iusc.com.br\/wp-json\/wp\/v2\/pages\/8291"}],"collection":[{"href":"https:\/\/iusc.com.br\/wp-json\/wp\/v2\/pages"}],"about":[{"href":"https:\/\/iusc.com.br\/wp-json\/wp\/v2\/types\/page"}],"author":[{"embeddable":true,"href":"https:\/\/iusc.com.br\/wp-json\/wp\/v2\/users\/123458"}],"replies":[{"embeddable":true,"href":"https:\/\/iusc.com.br\/wp-json\/wp\/v2\/comments?post=8291"}],"version-history":[{"count":16,"href":"https:\/\/iusc.com.br\/wp-json\/wp\/v2\/pages\/8291\/revisions"}],"predecessor-version":[{"id":8335,"href":"https:\/\/iusc.com.br\/wp-json\/wp\/v2\/pages\/8291\/revisions\/8335"}],"wp:attachment":[{"href":"https:\/\/iusc.com.br\/wp-json\/wp\/v2\/media?parent=8291"}],"curies":[{"name":"wp","href":"https:\/\/api.w.org\/{rel}","templated":true}]}}