{"id":8279,"date":"2024-01-11T16:26:44","date_gmt":"2024-01-11T19:26:44","guid":{"rendered":"https:\/\/iusc.com.br\/?page_id=8279"},"modified":"2024-01-11T16:29:36","modified_gmt":"2024-01-11T19:29:36","slug":"prevencao-de-cancer-de-prostata","status":"publish","type":"page","link":"https:\/\/iusc.com.br\/prevencao-de-cancer-de-prostata\/","title":{"rendered":"Preven\u00e7\u00e3o de c\u00e2ncer de pr\u00f3stata"},"content":{"rendered":"\t\t<div data-elementor-type=\"wp-page\" data-elementor-id=\"8279\" class=\"elementor elementor-8279\" data-elementor-post-type=\"page\">\n\t\t\t\t\t\t<section class=\"elementor-section elementor-top-section elementor-element elementor-element-55df1045 elementor-section-boxed elementor-section-height-default elementor-section-height-default\" data-id=\"55df1045\" data-element_type=\"section\" data-settings=\"{&quot;background_background&quot;:&quot;classic&quot;}\">\n\t\t\t\t\t\t<div class=\"elementor-container elementor-column-gap-default\">\n\t\t\t\t\t<div class=\"elementor-column elementor-col-100 elementor-top-column elementor-element elementor-element-7fad0212\" data-id=\"7fad0212\" data-element_type=\"column\">\n\t\t\t<div class=\"elementor-widget-wrap elementor-element-populated\">\n\t\t\t\t\t\t<div class=\"elementor-element elementor-element-4a66241 elementor-widget elementor-widget-heading\" data-id=\"4a66241\" data-element_type=\"widget\" data-widget_type=\"heading.default\">\n\t\t\t\t<div class=\"elementor-widget-container\">\n\t\t\t<h2 class=\"elementor-heading-title elementor-size-default\">urologia<\/h2>\t\t<\/div>\n\t\t\t\t<\/div>\n\t\t\t\t\t<\/div>\n\t\t<\/div>\n\t\t\t\t\t<\/div>\n\t\t<\/section>\n\t\t\t\t<section class=\"elementor-section elementor-top-section elementor-element elementor-element-7aa0aed5 elementor-section-boxed elementor-section-height-default elementor-section-height-default\" data-id=\"7aa0aed5\" data-element_type=\"section\" data-settings=\"{&quot;background_background&quot;:&quot;classic&quot;}\">\n\t\t\t\t\t\t\t<div class=\"elementor-background-overlay\"><\/div>\n\t\t\t\t\t\t\t<div class=\"elementor-container elementor-column-gap-default\">\n\t\t\t\t\t<div class=\"elementor-column elementor-col-100 elementor-top-column elementor-element elementor-element-5dff9c83\" data-id=\"5dff9c83\" data-element_type=\"column\">\n\t\t\t<div class=\"elementor-widget-wrap elementor-element-populated\">\n\t\t\t\t\t\t<div class=\"elementor-element elementor-element-380dbece elementor-widget elementor-widget-heading\" data-id=\"380dbece\" data-element_type=\"widget\" data-widget_type=\"heading.default\">\n\t\t\t\t<div class=\"elementor-widget-container\">\n\t\t\t<h2 class=\"elementor-heading-title elementor-size-default\">Preven\u00e7\u00e3o de c\u00e2ncer de pr\u00f3stata\n<\/h2>\t\t<\/div>\n\t\t\t\t<\/div>\n\t\t\t\t<div class=\"elementor-element elementor-element-0fc57f5 elementor-widget elementor-widget-text-editor\" data-id=\"0fc57f5\" data-element_type=\"widget\" data-widget_type=\"text-editor.default\">\n\t\t\t\t<div class=\"elementor-widget-container\">\n\t\t\t\t\t\t\t<p>Estrat\u00e9gias de preven\u00e7\u00e3o do c\u00e2ncer de pr\u00f3stata<br \/>A preven\u00e7\u00e3o do c\u00e2ncer de pr\u00f3stata envolve uma combina\u00e7\u00e3o de mudan\u00e7as no estilo de vida,<br \/>rastreamento regular e conscientiza\u00e7\u00e3o sobre fatores de risco.<br \/>No Instituto de Urologia SC, promovemos uma abordagem para a preven\u00e7\u00e3o dessa condi\u00e7\u00e3o,<br \/>visando a sa\u00fade e o bem-estar a longo prazo dos nossos pacientes.<\/p>\t\t\t\t\t\t<\/div>\n\t\t\t\t<\/div>\n\t\t\t\t<section class=\"elementor-section elementor-inner-section elementor-element elementor-element-6eace45f elementor-section-boxed elementor-section-height-default elementor-section-height-default\" data-id=\"6eace45f\" data-element_type=\"section\">\n\t\t\t\t\t\t<div class=\"elementor-container elementor-column-gap-default\">\n\t\t\t\t\t<div class=\"elementor-column elementor-col-100 elementor-inner-column elementor-element elementor-element-14dce59d\" data-id=\"14dce59d\" data-element_type=\"column\">\n\t\t\t<div class=\"elementor-widget-wrap elementor-element-populated\">\n\t\t\t\t\t\t<div class=\"elementor-element elementor-element-71a25cc5 elementor-widget elementor-widget-heading\" data-id=\"71a25cc5\" data-element_type=\"widget\" data-widget_type=\"heading.default\">\n\t\t\t\t<div class=\"elementor-widget-container\">\n\t\t\t<h2 class=\"elementor-heading-title elementor-size-default\">Formas de preven\u00e7\u00e3o:<\/h2>\t\t<\/div>\n\t\t\t\t<\/div>\n\t\t\t\t<div class=\"elementor-element elementor-element-94d6b83 elementor-widget elementor-widget-text-editor\" data-id=\"94d6b83\" data-element_type=\"widget\" data-widget_type=\"text-editor.default\">\n\t\t\t\t<div class=\"elementor-widget-container\">\n\t\t\t\t\t\t\t<p><strong>1. Rastreamento regular:<\/strong><\/p><p>\u25cf Exame de toque retal (ETR): Recomendado como parte do rastreamento em homens a<br \/>partir dos 50 anos, ou mais cedo para aqueles com fatores de risco.<br \/>\u25cf Dosagem de PSA (Ant\u00edgeno Prost\u00e1tico Espec\u00edfico): Um exame de sangue que pode<br \/>ajudar a detectar altera\u00e7\u00f5es nos n\u00edveis de PSA, o qual pode indicar a presen\u00e7a de<br \/>condi\u00e7\u00f5es como o c\u00e2ncer de pr\u00f3stata.<\/p><p><strong>2. Dieta saud\u00e1vel:<\/strong><br \/>\u25cf \u00canfase em frutas e vegetais: Uma dieta rica em antioxidantes provenientes de frutas e<br \/>vegetais pode contribuir para a sa\u00fade da pr\u00f3stata.<br \/>\u25cf \u00c1cidos graxos \u00d4mega-3: Presentes em peixes como salm\u00e3o e sardinha, os \u00e1cidos graxos<br \/>\u00f4mega-3 t\u00eam sido associados a benef\u00edcios para a sa\u00fade da pr\u00f3stata.<\/p><p><strong>3. Atividade f\u00edsica regular:<\/strong><br \/>\u25cf Exerc\u00edcios aer\u00f3bicos: Manter um estilo de vida ativo pode ajudar a manter um peso<br \/>saud\u00e1vel e reduzir o risco de c\u00e2ncer de pr\u00f3stata.<\/p><p><strong>4. Manuten\u00e7\u00e3o do peso corporal saud\u00e1vel:<\/strong><br \/>\u25cf Obesidade e c\u00e2ncer de pr\u00f3stata: A obesidade tem sido associada a um maior risco de<br \/>c\u00e2ncer de pr\u00f3stata avan\u00e7ado.<\/p><p><strong>5. Limita\u00e7\u00e3o do consumo de \u00e1lcool e tabaco:<\/strong><br \/>\u25cf \u00c1lcool: O consumo moderado de \u00e1lcool \u00e9 aconselh\u00e1vel.<br \/>\u25cf Tabaco: Parar de fumar \u00e9 essencial para a sa\u00fade geral e pode reduzir o risco de c\u00e2ncer<br \/>de pr\u00f3stata.<\/p><p><strong>6. Consultas regulares:<\/strong><br \/>Avalia\u00e7\u00e3o de riscos individuais: Consultar um profissional de sa\u00fade para discutir hist\u00f3rico<br \/>m\u00e9dico, fatores de risco e a necessidade de rastreamento regular.<\/p><p><strong>7. Conscientiza\u00e7\u00e3o e educa\u00e7\u00e3o:<\/strong><br \/>\u25cf Participa\u00e7\u00e3o ativa: Homens devem se educar sobre os fatores de risco, sinais de alerta<br \/>e a import\u00e2ncia do rastreamento regular.<\/p><p><strong>8. Gerenciamento do estresse:<\/strong><br \/>\u25cf Estrat\u00e9gias de enfrentamento: O estresse cr\u00f4nico pode ter impactos negativos na<br \/>sa\u00fade geral.<br \/>\u00c9 importante ressaltar que a preven\u00e7\u00e3o do c\u00e2ncer de pr\u00f3stata n\u00e3o garante a elimina\u00e7\u00e3o<br \/>completa do risco, mas pode reduzi-lo significativamente.<br \/>Os homens devem discutir suas preocupa\u00e7\u00f5es e estrat\u00e9gias de preven\u00e7\u00e3o com seus<br \/>profissionais de sa\u00fade, garantindo um um tratamento personalizado baseado em suas<br \/>necessidades e hist\u00f3rico m\u00e9dico.<\/p>\t\t\t\t\t\t<\/div>\n\t\t\t\t<\/div>\n\t\t\t\t\t<\/div>\n\t\t<\/div>\n\t\t\t\t\t<\/div>\n\t\t<\/section>\n\t\t\t\t\t<\/div>\n\t\t<\/div>\n\t\t\t\t\t<\/div>\n\t\t<\/section>\n\t\t\t\t<section class=\"elementor-section elementor-top-section elementor-element elementor-element-4b3591f9 elementor-section-boxed elementor-section-height-default elementor-section-height-default\" data-id=\"4b3591f9\" data-element_type=\"section\">\n\t\t\t\t\t\t<div class=\"elementor-container elementor-column-gap-default\">\n\t\t\t\t\t<div class=\"elementor-column elementor-col-100 elementor-top-column elementor-element elementor-element-326dbcf3\" data-id=\"326dbcf3\" data-element_type=\"column\">\n\t\t\t<div class=\"elementor-widget-wrap elementor-element-populated\">\n\t\t\t\t\t\t<div class=\"elementor-element elementor-element-1f08feed elementor-align-center elementor-mobile-align-center elementor-widget elementor-widget-button\" data-id=\"1f08feed\" data-element_type=\"widget\" data-widget_type=\"button.default\">\n\t\t\t\t<div class=\"elementor-widget-container\">\n\t\t\t\t\t\t\t<div class=\"elementor-button-wrapper\">\n\t\t\t\t\t<a class=\"elementor-button elementor-button-link elementor-size-sm elementor-animation-grow\" href=\"https:\/\/api.whatsapp.com\/send?phone=5548991445009&#038;text=Ol%C3%A1!%20Estou%20no%20site%20do%20IUSC%20e%20gostaria%20de%20agendar%20uma%20consulta\">\n\t\t\t\t\t\t<span class=\"elementor-button-content-wrapper\">\n\t\t\t\t\t\t<span class=\"elementor-button-icon\">\n\t\t\t\t<i aria-hidden=\"true\" class=\"fab fa-whatsapp\"><\/i>\t\t\t<\/span>\n\t\t\t\t\t\t\t\t\t<span class=\"elementor-button-text\">Agende sua Consulta!<\/span>\n\t\t\t\t\t<\/span>\n\t\t\t\t\t<\/a>\n\t\t\t\t<\/div>\n\t\t\t\t\t\t<\/div>\n\t\t\t\t<\/div>\n\t\t\t\t\t<\/div>\n\t\t<\/div>\n\t\t\t\t\t<\/div>\n\t\t<\/section>\n\t\t\t\t<\/div>\n\t\t","protected":false},"excerpt":{"rendered":"<p>urologia Preven\u00e7\u00e3o de c\u00e2ncer de pr\u00f3stata Estrat\u00e9gias de preven\u00e7\u00e3o do c\u00e2ncer de pr\u00f3stataA preven\u00e7\u00e3o do c\u00e2ncer de pr\u00f3stata envolve uma combina\u00e7\u00e3o de mudan\u00e7as no estilo de vida,rastreamento regular e conscientiza\u00e7\u00e3o sobre fatores de risco.No Instituto de Urologia SC, promovemos uma abordagem para a preven\u00e7\u00e3o dessa condi\u00e7\u00e3o,visando a sa\u00fade e o bem-estar a longo prazo dos [&hellip;]<\/p>\n","protected":false},"author":123458,"featured_media":0,"parent":0,"menu_order":0,"comment_status":"closed","ping_status":"closed","template":"","meta":{"_joinchat":[],"footnotes":""},"class_list":["post-8279","page","type-page","status-publish","hentry"],"_links":{"self":[{"href":"https:\/\/iusc.com.br\/wp-json\/wp\/v2\/pages\/8279"}],"collection":[{"href":"https:\/\/iusc.com.br\/wp-json\/wp\/v2\/pages"}],"about":[{"href":"https:\/\/iusc.com.br\/wp-json\/wp\/v2\/types\/page"}],"author":[{"embeddable":true,"href":"https:\/\/iusc.com.br\/wp-json\/wp\/v2\/users\/123458"}],"replies":[{"embeddable":true,"href":"https:\/\/iusc.com.br\/wp-json\/wp\/v2\/comments?post=8279"}],"version-history":[{"count":7,"href":"https:\/\/iusc.com.br\/wp-json\/wp\/v2\/pages\/8279\/revisions"}],"predecessor-version":[{"id":8287,"href":"https:\/\/iusc.com.br\/wp-json\/wp\/v2\/pages\/8279\/revisions\/8287"}],"wp:attachment":[{"href":"https:\/\/iusc.com.br\/wp-json\/wp\/v2\/media?parent=8279"}],"curies":[{"name":"wp","href":"https:\/\/api.w.org\/{rel}","templated":true}]}}