{"id":8249,"date":"2024-01-11T16:18:03","date_gmt":"2024-01-11T19:18:03","guid":{"rendered":"https:\/\/iusc.com.br\/?page_id=8249"},"modified":"2024-01-11T16:21:20","modified_gmt":"2024-01-11T19:21:20","slug":"sangramento-urinario-e-retencao-urinaria","status":"publish","type":"page","link":"https:\/\/iusc.com.br\/sangramento-urinario-e-retencao-urinaria\/","title":{"rendered":"Sangramento urin\u00e1rio e reten\u00e7\u00e3o urin\u00e1ria"},"content":{"rendered":"\t\t<div data-elementor-type=\"wp-page\" data-elementor-id=\"8249\" class=\"elementor elementor-8249\" data-elementor-post-type=\"page\">\n\t\t\t\t\t\t<section class=\"elementor-section elementor-top-section elementor-element elementor-element-5fc2c2d6 elementor-section-boxed elementor-section-height-default elementor-section-height-default\" data-id=\"5fc2c2d6\" data-element_type=\"section\" data-settings=\"{&quot;background_background&quot;:&quot;classic&quot;}\">\n\t\t\t\t\t\t<div class=\"elementor-container elementor-column-gap-default\">\n\t\t\t\t\t<div class=\"elementor-column elementor-col-100 elementor-top-column elementor-element elementor-element-637df20d\" data-id=\"637df20d\" data-element_type=\"column\">\n\t\t\t<div class=\"elementor-widget-wrap elementor-element-populated\">\n\t\t\t\t\t\t<div class=\"elementor-element elementor-element-4bfe3ce4 elementor-widget elementor-widget-heading\" data-id=\"4bfe3ce4\" data-element_type=\"widget\" data-widget_type=\"heading.default\">\n\t\t\t\t<div class=\"elementor-widget-container\">\n\t\t\t<h2 class=\"elementor-heading-title elementor-size-default\">urologia<\/h2>\t\t<\/div>\n\t\t\t\t<\/div>\n\t\t\t\t\t<\/div>\n\t\t<\/div>\n\t\t\t\t\t<\/div>\n\t\t<\/section>\n\t\t\t\t<section class=\"elementor-section elementor-top-section elementor-element elementor-element-52bf64a4 elementor-section-boxed elementor-section-height-default elementor-section-height-default\" data-id=\"52bf64a4\" data-element_type=\"section\" data-settings=\"{&quot;background_background&quot;:&quot;classic&quot;}\">\n\t\t\t\t\t\t\t<div class=\"elementor-background-overlay\"><\/div>\n\t\t\t\t\t\t\t<div class=\"elementor-container elementor-column-gap-default\">\n\t\t\t\t\t<div class=\"elementor-column elementor-col-100 elementor-top-column elementor-element elementor-element-3eb5a86b\" data-id=\"3eb5a86b\" data-element_type=\"column\">\n\t\t\t<div class=\"elementor-widget-wrap elementor-element-populated\">\n\t\t\t\t\t\t<div class=\"elementor-element elementor-element-2dd63310 elementor-widget elementor-widget-heading\" data-id=\"2dd63310\" data-element_type=\"widget\" data-widget_type=\"heading.default\">\n\t\t\t\t<div class=\"elementor-widget-container\">\n\t\t\t<h2 class=\"elementor-heading-title elementor-size-default\">Sangramento urin\u00e1rio e reten\u00e7\u00e3o urin\u00e1ria<\/h2>\t\t<\/div>\n\t\t\t\t<\/div>\n\t\t\t\t<div class=\"elementor-element elementor-element-a3f6c26 elementor-widget elementor-widget-text-editor\" data-id=\"a3f6c26\" data-element_type=\"widget\" data-widget_type=\"text-editor.default\">\n\t\t\t\t<div class=\"elementor-widget-container\">\n\t\t\t\t\t\t\t<p>No Instituto de Urologia SC, entendemos que sintomas como sangramento urin\u00e1rio e reten\u00e7\u00e3o<br \/>urin\u00e1ria podem ser indicativos de condi\u00e7\u00f5es urol\u00f3gicas s\u00e9rias.<br \/>Nossa equipe est\u00e1 pronta para oferecer diagn\u00f3stico preciso, tratamento eficaz e suporte<br \/>compassivo para ajudar a enfrentar essas situa\u00e7\u00f5es desafiadoras.<\/p>\t\t\t\t\t\t<\/div>\n\t\t\t\t<\/div>\n\t\t\t\t<section class=\"elementor-section elementor-inner-section elementor-element elementor-element-1c3e98ac elementor-section-boxed elementor-section-height-default elementor-section-height-default\" data-id=\"1c3e98ac\" data-element_type=\"section\">\n\t\t\t\t\t\t<div class=\"elementor-container elementor-column-gap-default\">\n\t\t\t\t\t<div class=\"elementor-column elementor-col-100 elementor-inner-column elementor-element elementor-element-4f6918e7\" data-id=\"4f6918e7\" data-element_type=\"column\">\n\t\t\t<div class=\"elementor-widget-wrap elementor-element-populated\">\n\t\t\t\t\t\t<div class=\"elementor-element elementor-element-6fc0fa1f elementor-widget elementor-widget-heading\" data-id=\"6fc0fa1f\" data-element_type=\"widget\" data-widget_type=\"heading.default\">\n\t\t\t\t<div class=\"elementor-widget-container\">\n\t\t\t<h2 class=\"elementor-heading-title elementor-size-default\"> Sangramento urin\u00e1rio:<\/h2>\t\t<\/div>\n\t\t\t\t<\/div>\n\t\t\t\t<div class=\"elementor-element elementor-element-38e778f5 elementor-widget elementor-widget-text-editor\" data-id=\"38e778f5\" data-element_type=\"widget\" data-widget_type=\"text-editor.default\">\n\t\t\t\t<div class=\"elementor-widget-container\">\n\t\t\t\t\t\t\t<p>O sangramento urin\u00e1rio pode ser causado por v\u00e1rias condi\u00e7\u00f5es, incluindo infec\u00e7\u00f5es, pedras nos<br \/>rins, les\u00f5es, inflama\u00e7\u00e3o, ou mesmo c\u00e2ncer urol\u00f3gico.<br \/>A avalia\u00e7\u00e3o inclui exames de imagem, como ultrassonografia ou tomografia, al\u00e9m de<br \/>cistoscopia para visualiza\u00e7\u00e3o direta da bexiga.<br \/>O tratamento varia conforme a causa, podendo incluir medicamentos, procedimentos<br \/>minimamente invasivos ou cirurgia, dependendo da condi\u00e7\u00e3o espec\u00edfica.<\/p>\t\t\t\t\t\t<\/div>\n\t\t\t\t<\/div>\n\t\t\t\t\t<\/div>\n\t\t<\/div>\n\t\t\t\t\t<\/div>\n\t\t<\/section>\n\t\t\t\t<section class=\"elementor-section elementor-inner-section elementor-element elementor-element-19d60587 elementor-section-boxed elementor-section-height-default elementor-section-height-default\" data-id=\"19d60587\" data-element_type=\"section\">\n\t\t\t\t\t\t<div class=\"elementor-container elementor-column-gap-default\">\n\t\t\t\t\t<div class=\"elementor-column elementor-col-100 elementor-inner-column elementor-element elementor-element-1acb53f\" data-id=\"1acb53f\" data-element_type=\"column\">\n\t\t\t<div class=\"elementor-widget-wrap elementor-element-populated\">\n\t\t\t\t\t\t<div class=\"elementor-element elementor-element-7a572a6e elementor-widget elementor-widget-heading\" data-id=\"7a572a6e\" data-element_type=\"widget\" data-widget_type=\"heading.default\">\n\t\t\t\t<div class=\"elementor-widget-container\">\n\t\t\t<h2 class=\"elementor-heading-title elementor-size-default\">Reten\u00e7\u00e3o urin\u00e1ria:\n<\/h2>\t\t<\/div>\n\t\t\t\t<\/div>\n\t\t\t\t<div class=\"elementor-element elementor-element-2f947038 elementor-widget elementor-widget-text-editor\" data-id=\"2f947038\" data-element_type=\"widget\" data-widget_type=\"text-editor.default\">\n\t\t\t\t<div class=\"elementor-widget-container\">\n\t\t\t\t\t\t\t<p>A reten\u00e7\u00e3o urin\u00e1ria ocorre quando h\u00e1 dificuldade em esvaziar completamente a bexiga.<\/p><p>Pode ser aguda (s\u00fabita e dolorosa) ou cr\u00f4nica (progressiva e persistente).<br \/>As causas incluem obstru\u00e7\u00f5es, fraqueza dos m\u00fasculos da bexiga, e problemas neurol\u00f3gicos.<\/p><p>O diagn\u00f3stico envolve avalia\u00e7\u00e3o cl\u00ednica, exames de imagem e estudos urodin\u00e2micos.<br \/>O tratamento pode incluir cateteriza\u00e7\u00e3o tempor\u00e1ria, medicamentos, procedimentos<br \/>minimamente invasivos ou cirurgia, dependendo da causa subjacente.<\/p>\t\t\t\t\t\t<\/div>\n\t\t\t\t<\/div>\n\t\t\t\t\t<\/div>\n\t\t<\/div>\n\t\t\t\t\t<\/div>\n\t\t<\/section>\n\t\t\t\t<section class=\"elementor-section elementor-inner-section elementor-element elementor-element-1289fac2 elementor-section-boxed elementor-section-height-default elementor-section-height-default\" data-id=\"1289fac2\" data-element_type=\"section\">\n\t\t\t\t\t\t<div class=\"elementor-container elementor-column-gap-default\">\n\t\t\t\t\t<div class=\"elementor-column elementor-col-100 elementor-inner-column elementor-element elementor-element-3bf62ff7\" data-id=\"3bf62ff7\" data-element_type=\"column\">\n\t\t\t<div class=\"elementor-widget-wrap elementor-element-populated\">\n\t\t\t\t\t\t<div class=\"elementor-element elementor-element-8cff528 elementor-widget elementor-widget-heading\" data-id=\"8cff528\" data-element_type=\"widget\" data-widget_type=\"heading.default\">\n\t\t\t\t<div class=\"elementor-widget-container\">\n\t\t\t<h2 class=\"elementor-heading-title elementor-size-default\">Abordagem personalizada:<\/h2>\t\t<\/div>\n\t\t\t\t<\/div>\n\t\t\t\t<div class=\"elementor-element elementor-element-d791bff elementor-widget elementor-widget-text-editor\" data-id=\"d791bff\" data-element_type=\"widget\" data-widget_type=\"text-editor.default\">\n\t\t\t\t<div class=\"elementor-widget-container\">\n\t\t\t\t\t\t\t<p>No Instituto de Urologia SC, reconhecemos a import\u00e2ncia de uma abordagem personalizada<br \/>para sangramento e reten\u00e7\u00e3o urin\u00e1ria.<\/p><p>Cada paciente \u00e9 \u00fanico, e nossos especialistas trabalham em conjunto para identificar as causas<br \/>espec\u00edficas e desenvolver planos de tratamento adaptados \u00e0s necessidades individuais.<\/p>\t\t\t\t\t\t<\/div>\n\t\t\t\t<\/div>\n\t\t\t\t<div class=\"elementor-element elementor-element-663f3a19 elementor-widget elementor-widget-heading\" data-id=\"663f3a19\" data-element_type=\"widget\" data-widget_type=\"heading.default\">\n\t\t\t\t<div class=\"elementor-widget-container\">\n\t\t\t<h2 class=\"elementor-heading-title elementor-size-default\">Suporte integral ao paciente:<\/h2>\t\t<\/div>\n\t\t\t\t<\/div>\n\t\t\t\t<div class=\"elementor-element elementor-element-78905d75 elementor-widget elementor-widget-text-editor\" data-id=\"78905d75\" data-element_type=\"widget\" data-widget_type=\"text-editor.default\">\n\t\t\t\t<div class=\"elementor-widget-container\">\n\t\t\t\t\t\t\t<p>Entendemos que enfrentar sintomas como sangramento e reten\u00e7\u00e3o urin\u00e1ria pode ser<br \/>emocionalmente desafiador.<br \/>Nossa equipe est\u00e1 comprometida em fornecer suporte integral, orienta\u00e7\u00e3o educacional e<br \/>cuidados compassivos para ajudar os pacientes a navegarem por essas condi\u00e7\u00f5es com<br \/>confian\u00e7a.<\/p>\t\t\t\t\t\t<\/div>\n\t\t\t\t<\/div>\n\t\t\t\t\t<\/div>\n\t\t<\/div>\n\t\t\t\t\t<\/div>\n\t\t<\/section>\n\t\t\t\t\t<\/div>\n\t\t<\/div>\n\t\t\t\t\t<\/div>\n\t\t<\/section>\n\t\t\t\t<section class=\"elementor-section elementor-top-section elementor-element elementor-element-6f0d1af6 elementor-section-boxed elementor-section-height-default elementor-section-height-default\" data-id=\"6f0d1af6\" data-element_type=\"section\">\n\t\t\t\t\t\t<div class=\"elementor-container elementor-column-gap-default\">\n\t\t\t\t\t<div class=\"elementor-column elementor-col-100 elementor-top-column elementor-element elementor-element-783ad040\" data-id=\"783ad040\" data-element_type=\"column\">\n\t\t\t<div class=\"elementor-widget-wrap elementor-element-populated\">\n\t\t\t\t\t\t<div class=\"elementor-element elementor-element-7b2be15a elementor-align-center elementor-mobile-align-center elementor-widget elementor-widget-button\" data-id=\"7b2be15a\" data-element_type=\"widget\" data-widget_type=\"button.default\">\n\t\t\t\t<div class=\"elementor-widget-container\">\n\t\t\t\t\t\t\t<div class=\"elementor-button-wrapper\">\n\t\t\t\t\t<a class=\"elementor-button elementor-button-link elementor-size-sm elementor-animation-grow\" href=\"https:\/\/api.whatsapp.com\/send?phone=5548991445009&#038;text=Ol%C3%A1!%20Estou%20no%20site%20do%20IUSC%20e%20gostaria%20de%20agendar%20uma%20consulta\">\n\t\t\t\t\t\t<span class=\"elementor-button-content-wrapper\">\n\t\t\t\t\t\t<span class=\"elementor-button-icon\">\n\t\t\t\t<i aria-hidden=\"true\" class=\"fab fa-whatsapp\"><\/i>\t\t\t<\/span>\n\t\t\t\t\t\t\t\t\t<span class=\"elementor-button-text\">Agende sua Consulta!<\/span>\n\t\t\t\t\t<\/span>\n\t\t\t\t\t<\/a>\n\t\t\t\t<\/div>\n\t\t\t\t\t\t<\/div>\n\t\t\t\t<\/div>\n\t\t\t\t\t<\/div>\n\t\t<\/div>\n\t\t\t\t\t<\/div>\n\t\t<\/section>\n\t\t\t\t<\/div>\n\t\t","protected":false},"excerpt":{"rendered":"<p>urologia Sangramento urin\u00e1rio e reten\u00e7\u00e3o urin\u00e1ria No Instituto de Urologia SC, entendemos que sintomas como sangramento urin\u00e1rio e reten\u00e7\u00e3ourin\u00e1ria podem ser indicativos de condi\u00e7\u00f5es urol\u00f3gicas s\u00e9rias.Nossa equipe est\u00e1 pronta para oferecer diagn\u00f3stico preciso, tratamento eficaz e suportecompassivo para ajudar a enfrentar essas situa\u00e7\u00f5es desafiadoras. Sangramento urin\u00e1rio: O sangramento urin\u00e1rio pode ser causado por v\u00e1rias condi\u00e7\u00f5es, [&hellip;]<\/p>\n","protected":false},"author":123458,"featured_media":0,"parent":0,"menu_order":0,"comment_status":"closed","ping_status":"closed","template":"","meta":{"_joinchat":[],"footnotes":""},"class_list":["post-8249","page","type-page","status-publish","hentry"],"_links":{"self":[{"href":"https:\/\/iusc.com.br\/wp-json\/wp\/v2\/pages\/8249"}],"collection":[{"href":"https:\/\/iusc.com.br\/wp-json\/wp\/v2\/pages"}],"about":[{"href":"https:\/\/iusc.com.br\/wp-json\/wp\/v2\/types\/page"}],"author":[{"embeddable":true,"href":"https:\/\/iusc.com.br\/wp-json\/wp\/v2\/users\/123458"}],"replies":[{"embeddable":true,"href":"https:\/\/iusc.com.br\/wp-json\/wp\/v2\/comments?post=8249"}],"version-history":[{"count":7,"href":"https:\/\/iusc.com.br\/wp-json\/wp\/v2\/pages\/8249\/revisions"}],"predecessor-version":[{"id":8257,"href":"https:\/\/iusc.com.br\/wp-json\/wp\/v2\/pages\/8249\/revisions\/8257"}],"wp:attachment":[{"href":"https:\/\/iusc.com.br\/wp-json\/wp\/v2\/media?parent=8249"}],"curies":[{"name":"wp","href":"https:\/\/api.w.org\/{rel}","templated":true}]}}