{"id":8216,"date":"2024-01-11T16:03:01","date_gmt":"2024-01-11T19:03:01","guid":{"rendered":"https:\/\/iusc.com.br\/?page_id=8216"},"modified":"2024-01-11T16:05:39","modified_gmt":"2024-01-11T19:05:39","slug":"reversao-de-vasectomia","status":"publish","type":"page","link":"https:\/\/iusc.com.br\/reversao-de-vasectomia\/","title":{"rendered":"Revers\u00e3o de vasectomia"},"content":{"rendered":"\t\t<div data-elementor-type=\"wp-page\" data-elementor-id=\"8216\" class=\"elementor elementor-8216\" data-elementor-post-type=\"page\">\n\t\t\t\t\t\t<section class=\"elementor-section elementor-top-section elementor-element elementor-element-2b0acebd elementor-section-boxed elementor-section-height-default elementor-section-height-default\" data-id=\"2b0acebd\" data-element_type=\"section\" data-settings=\"{&quot;background_background&quot;:&quot;classic&quot;}\">\n\t\t\t\t\t\t<div class=\"elementor-container elementor-column-gap-default\">\n\t\t\t\t\t<div class=\"elementor-column elementor-col-100 elementor-top-column elementor-element elementor-element-75164128\" data-id=\"75164128\" data-element_type=\"column\">\n\t\t\t<div class=\"elementor-widget-wrap elementor-element-populated\">\n\t\t\t\t\t\t<div class=\"elementor-element elementor-element-2cf5342a elementor-widget elementor-widget-heading\" data-id=\"2cf5342a\" data-element_type=\"widget\" data-widget_type=\"heading.default\">\n\t\t\t\t<div class=\"elementor-widget-container\">\n\t\t\t<h2 class=\"elementor-heading-title elementor-size-default\">urologia<\/h2>\t\t<\/div>\n\t\t\t\t<\/div>\n\t\t\t\t\t<\/div>\n\t\t<\/div>\n\t\t\t\t\t<\/div>\n\t\t<\/section>\n\t\t\t\t<section class=\"elementor-section elementor-top-section elementor-element elementor-element-176069a7 elementor-section-boxed elementor-section-height-default elementor-section-height-default\" data-id=\"176069a7\" data-element_type=\"section\" data-settings=\"{&quot;background_background&quot;:&quot;classic&quot;}\">\n\t\t\t\t\t\t\t<div class=\"elementor-background-overlay\"><\/div>\n\t\t\t\t\t\t\t<div class=\"elementor-container elementor-column-gap-default\">\n\t\t\t\t\t<div class=\"elementor-column elementor-col-100 elementor-top-column elementor-element elementor-element-5fdd51f2\" data-id=\"5fdd51f2\" data-element_type=\"column\">\n\t\t\t<div class=\"elementor-widget-wrap elementor-element-populated\">\n\t\t\t\t\t\t<div class=\"elementor-element elementor-element-143ed120 elementor-widget elementor-widget-heading\" data-id=\"143ed120\" data-element_type=\"widget\" data-widget_type=\"heading.default\">\n\t\t\t\t<div class=\"elementor-widget-container\">\n\t\t\t<h2 class=\"elementor-heading-title elementor-size-default\">Revers\u00e3o de vasectomia<\/h2>\t\t<\/div>\n\t\t\t\t<\/div>\n\t\t\t\t<div class=\"elementor-element elementor-element-f6bec79 elementor-widget elementor-widget-text-editor\" data-id=\"f6bec79\" data-element_type=\"widget\" data-widget_type=\"text-editor.default\">\n\t\t\t\t<div class=\"elementor-widget-container\">\n\t\t\t\t\t\t\t<p>Se voc\u00ea passou por uma vasectomia no passado e agora est\u00e1 considerando a revers\u00e3o do<br \/>procedimento para restaurar a possibilidade de ter filhos, o Instituto de Urologia SC oferece<br \/>solu\u00e7\u00f5es especializadas para atender \u00e0s suas necessidades.<br \/>Entendemos que as circunst\u00e2ncias e prioridades na vida podem mudar, e estamos aqui para<br \/>fornecer informa\u00e7\u00f5es e apoio durante todo o processo de revers\u00e3o de vasectomia.<\/p>\t\t\t\t\t\t<\/div>\n\t\t\t\t<\/div>\n\t\t\t\t<section class=\"elementor-section elementor-inner-section elementor-element elementor-element-69d46674 elementor-section-boxed elementor-section-height-default elementor-section-height-default\" data-id=\"69d46674\" data-element_type=\"section\">\n\t\t\t\t\t\t<div class=\"elementor-container elementor-column-gap-default\">\n\t\t\t\t\t<div class=\"elementor-column elementor-col-100 elementor-inner-column elementor-element elementor-element-20f28a49\" data-id=\"20f28a49\" data-element_type=\"column\">\n\t\t\t<div class=\"elementor-widget-wrap elementor-element-populated\">\n\t\t\t\t\t\t<div class=\"elementor-element elementor-element-37a3aaea elementor-widget elementor-widget-heading\" data-id=\"37a3aaea\" data-element_type=\"widget\" data-widget_type=\"heading.default\">\n\t\t\t\t<div class=\"elementor-widget-container\">\n\t\t\t<h2 class=\"elementor-heading-title elementor-size-default\">O que \u00e9 a revers\u00e3o de vasectomia?<\/h2>\t\t<\/div>\n\t\t\t\t<\/div>\n\t\t\t\t<div class=\"elementor-element elementor-element-ebaa8b2 elementor-widget elementor-widget-text-editor\" data-id=\"ebaa8b2\" data-element_type=\"widget\" data-widget_type=\"text-editor.default\">\n\t\t\t\t<div class=\"elementor-widget-container\">\n\t\t\t\t\t\t\t<p>A revers\u00e3o de vasectomia, tamb\u00e9m conhecida como recanaliza\u00e7\u00e3o, \u00e9 um procedimento<br \/>cir\u00fargico que visa restabelecer a passagem dos espermatoz\u00f3ides pelos ductos deferentes, que<br \/>foram previamente bloqueados durante a vasectomia. Isso permite que os espermatoz\u00f3ides<br \/>voltem a ser parte da ejacula\u00e7\u00e3o, proporcionando a possibilidade de fertiliza\u00e7\u00e3o.<\/p>\t\t\t\t\t\t<\/div>\n\t\t\t\t<\/div>\n\t\t\t\t\t<\/div>\n\t\t<\/div>\n\t\t\t\t\t<\/div>\n\t\t<\/section>\n\t\t\t\t<section class=\"elementor-section elementor-inner-section elementor-element elementor-element-5d49c5a8 elementor-section-boxed elementor-section-height-default elementor-section-height-default\" data-id=\"5d49c5a8\" data-element_type=\"section\">\n\t\t\t\t\t\t<div class=\"elementor-container elementor-column-gap-default\">\n\t\t\t\t\t<div class=\"elementor-column elementor-col-100 elementor-inner-column elementor-element elementor-element-30319658\" data-id=\"30319658\" data-element_type=\"column\">\n\t\t\t<div class=\"elementor-widget-wrap elementor-element-populated\">\n\t\t\t\t\t\t<div class=\"elementor-element elementor-element-7dc2e6fb elementor-widget elementor-widget-heading\" data-id=\"7dc2e6fb\" data-element_type=\"widget\" data-widget_type=\"heading.default\">\n\t\t\t\t<div class=\"elementor-widget-container\">\n\t\t\t<h2 class=\"elementor-heading-title elementor-size-default\">Procedimento e recupera\u00e7\u00e3o:<\/h2>\t\t<\/div>\n\t\t\t\t<\/div>\n\t\t\t\t<div class=\"elementor-element elementor-element-359bd31 elementor-widget elementor-widget-text-editor\" data-id=\"359bd31\" data-element_type=\"widget\" data-widget_type=\"text-editor.default\">\n\t\t\t\t<div class=\"elementor-widget-container\">\n\t\t\t\t\t\t\t<p>O procedimento de revers\u00e3o de vasectomia envolve a remo\u00e7\u00e3o da obstru\u00e7\u00e3o nos ductos<br \/>deferentes e a reconex\u00e3o dos extremos saud\u00e1veis para permitir o fluxo normal de<br \/>espermatoz\u00f3ides. Este \u00e9 um procedimento mais complexo do que a vasectomia inicial e<br \/>geralmente \u00e9 realizado sob anestesia geral.<br \/>O per\u00edodo de recupera\u00e7\u00e3o pode variar de acordo com a complexidade do procedimento, mas<br \/>muitos homens conseguem retomar suas atividades normais dentro de algumas semanas.<\/p><p>Ap\u00f3s a revers\u00e3o, a fertilidade n\u00e3o \u00e9 restaurada imediatamente, e pode levar alguns meses para<br \/>que os espermatozoides reapare\u00e7am no ejaculado.<\/p>\t\t\t\t\t\t<\/div>\n\t\t\t\t<\/div>\n\t\t\t\t\t<\/div>\n\t\t<\/div>\n\t\t\t\t\t<\/div>\n\t\t<\/section>\n\t\t\t\t<section class=\"elementor-section elementor-inner-section elementor-element elementor-element-6d361e8b elementor-section-boxed elementor-section-height-default elementor-section-height-default\" data-id=\"6d361e8b\" data-element_type=\"section\">\n\t\t\t\t\t\t<div class=\"elementor-container elementor-column-gap-default\">\n\t\t\t\t\t<div class=\"elementor-column elementor-col-100 elementor-inner-column elementor-element elementor-element-37f5e66e\" data-id=\"37f5e66e\" data-element_type=\"column\">\n\t\t\t<div class=\"elementor-widget-wrap elementor-element-populated\">\n\t\t\t\t\t\t<div class=\"elementor-element elementor-element-3cdcbf81 elementor-widget elementor-widget-heading\" data-id=\"3cdcbf81\" data-element_type=\"widget\" data-widget_type=\"heading.default\">\n\t\t\t\t<div class=\"elementor-widget-container\">\n\t\t\t<h2 class=\"elementor-heading-title elementor-size-default\">Sucesso da revers\u00e3o de vasectomia:<\/h2>\t\t<\/div>\n\t\t\t\t<\/div>\n\t\t\t\t<div class=\"elementor-element elementor-element-b5bac72 elementor-widget elementor-widget-text-editor\" data-id=\"b5bac72\" data-element_type=\"widget\" data-widget_type=\"text-editor.default\">\n\t\t\t\t<div class=\"elementor-widget-container\">\n\t\t\t\t\t\t\t<p>O sucesso da revers\u00e3o de vasectomia pode depender de v\u00e1rios fatores, incluindo a t\u00e9cnica<br \/>cir\u00fargica utilizada na vasectomia original, o tempo decorrido desde a vasectomia e a sa\u00fade<br \/>geral do paciente.<\/p><p><strong>Consultas especializadas:<\/strong><br \/>Se voc\u00ea est\u00e1 considerando a revers\u00e3o de vasectomia, recomendamos agendar uma consulta no<br \/>Instituto de Urologia SC. Durante a consulta, nossos especialistas discutir\u00e3o detalhadamente o<br \/>procedimento, avaliar\u00e3o sua situa\u00e7\u00e3o espec\u00edfica e fornecer\u00e3o orienta\u00e7\u00e3o sobre suas op\u00e7\u00f5es.<br \/>Estamos aqui para oferecer suporte, responder a todas as suas perguntas e ajud\u00e1-lo a tomar<br \/>uma decis\u00e3o informada sobre a revers\u00e3o de vasectomia. Conte conosco para cuidados<br \/>especializados e compassivos para esse processo de restaura\u00e7\u00e3o da fertilidade.<\/p><p>Agende sua consulta hoje para dar o pr\u00f3ximo passo em dire\u00e7\u00e3o ao seu futuro!<\/p>\t\t\t\t\t\t<\/div>\n\t\t\t\t<\/div>\n\t\t\t\t\t<\/div>\n\t\t<\/div>\n\t\t\t\t\t<\/div>\n\t\t<\/section>\n\t\t\t\t\t<\/div>\n\t\t<\/div>\n\t\t\t\t\t<\/div>\n\t\t<\/section>\n\t\t\t\t<section class=\"elementor-section elementor-top-section elementor-element elementor-element-73b963bc elementor-section-boxed elementor-section-height-default elementor-section-height-default\" data-id=\"73b963bc\" data-element_type=\"section\">\n\t\t\t\t\t\t<div class=\"elementor-container elementor-column-gap-default\">\n\t\t\t\t\t<div class=\"elementor-column elementor-col-100 elementor-top-column elementor-element elementor-element-64f34028\" data-id=\"64f34028\" data-element_type=\"column\">\n\t\t\t<div class=\"elementor-widget-wrap elementor-element-populated\">\n\t\t\t\t\t\t<div class=\"elementor-element elementor-element-b2994de elementor-align-center elementor-mobile-align-center elementor-widget elementor-widget-button\" data-id=\"b2994de\" data-element_type=\"widget\" data-widget_type=\"button.default\">\n\t\t\t\t<div class=\"elementor-widget-container\">\n\t\t\t\t\t\t\t<div class=\"elementor-button-wrapper\">\n\t\t\t\t\t<a class=\"elementor-button elementor-button-link elementor-size-sm elementor-animation-grow\" href=\"https:\/\/api.whatsapp.com\/send?phone=5548991445009&#038;text=Ol%C3%A1!%20Estou%20no%20site%20do%20IUSC%20e%20gostaria%20de%20agendar%20uma%20consulta\">\n\t\t\t\t\t\t<span class=\"elementor-button-content-wrapper\">\n\t\t\t\t\t\t<span class=\"elementor-button-icon\">\n\t\t\t\t<i aria-hidden=\"true\" class=\"fab fa-whatsapp\"><\/i>\t\t\t<\/span>\n\t\t\t\t\t\t\t\t\t<span class=\"elementor-button-text\">Agende sua Consulta!<\/span>\n\t\t\t\t\t<\/span>\n\t\t\t\t\t<\/a>\n\t\t\t\t<\/div>\n\t\t\t\t\t\t<\/div>\n\t\t\t\t<\/div>\n\t\t\t\t\t<\/div>\n\t\t<\/div>\n\t\t\t\t\t<\/div>\n\t\t<\/section>\n\t\t\t\t<\/div>\n\t\t","protected":false},"excerpt":{"rendered":"<p>urologia Revers\u00e3o de vasectomia Se voc\u00ea passou por uma vasectomia no passado e agora est\u00e1 considerando a revers\u00e3o doprocedimento para restaurar a possibilidade de ter filhos, o Instituto de Urologia SC oferecesolu\u00e7\u00f5es especializadas para atender \u00e0s suas necessidades.Entendemos que as circunst\u00e2ncias e prioridades na vida podem mudar, e estamos aqui parafornecer informa\u00e7\u00f5es e apoio durante [&hellip;]<\/p>\n","protected":false},"author":123458,"featured_media":0,"parent":0,"menu_order":0,"comment_status":"closed","ping_status":"closed","template":"","meta":{"_joinchat":[],"footnotes":""},"class_list":["post-8216","page","type-page","status-publish","hentry"],"_links":{"self":[{"href":"https:\/\/iusc.com.br\/wp-json\/wp\/v2\/pages\/8216"}],"collection":[{"href":"https:\/\/iusc.com.br\/wp-json\/wp\/v2\/pages"}],"about":[{"href":"https:\/\/iusc.com.br\/wp-json\/wp\/v2\/types\/page"}],"author":[{"embeddable":true,"href":"https:\/\/iusc.com.br\/wp-json\/wp\/v2\/users\/123458"}],"replies":[{"embeddable":true,"href":"https:\/\/iusc.com.br\/wp-json\/wp\/v2\/comments?post=8216"}],"version-history":[{"count":7,"href":"https:\/\/iusc.com.br\/wp-json\/wp\/v2\/pages\/8216\/revisions"}],"predecessor-version":[{"id":8224,"href":"https:\/\/iusc.com.br\/wp-json\/wp\/v2\/pages\/8216\/revisions\/8224"}],"wp:attachment":[{"href":"https:\/\/iusc.com.br\/wp-json\/wp\/v2\/media?parent=8216"}],"curies":[{"name":"wp","href":"https:\/\/api.w.org\/{rel}","templated":true}]}}