{"id":8210,"date":"2024-01-11T15:59:04","date_gmt":"2024-01-11T18:59:04","guid":{"rendered":"https:\/\/iusc.com.br\/?page_id=8210"},"modified":"2024-01-11T16:02:24","modified_gmt":"2024-01-11T19:02:24","slug":"tratamento-de-calculo-renal","status":"publish","type":"page","link":"https:\/\/iusc.com.br\/tratamento-de-calculo-renal\/","title":{"rendered":"Tratamento de c\u00e1lculo renal"},"content":{"rendered":"\t\t<div data-elementor-type=\"wp-page\" data-elementor-id=\"8210\" class=\"elementor elementor-8210\" data-elementor-post-type=\"page\">\n\t\t\t\t\t\t<section class=\"elementor-section elementor-top-section elementor-element elementor-element-5da2de97 elementor-section-boxed elementor-section-height-default elementor-section-height-default\" data-id=\"5da2de97\" data-element_type=\"section\" data-settings=\"{&quot;background_background&quot;:&quot;classic&quot;}\">\n\t\t\t\t\t\t<div class=\"elementor-container elementor-column-gap-default\">\n\t\t\t\t\t<div class=\"elementor-column elementor-col-100 elementor-top-column elementor-element elementor-element-a3e28a5\" data-id=\"a3e28a5\" data-element_type=\"column\">\n\t\t\t<div class=\"elementor-widget-wrap elementor-element-populated\">\n\t\t\t\t\t\t<div class=\"elementor-element elementor-element-f747c19 elementor-widget elementor-widget-heading\" data-id=\"f747c19\" data-element_type=\"widget\" data-widget_type=\"heading.default\">\n\t\t\t\t<div class=\"elementor-widget-container\">\n\t\t\t<h2 class=\"elementor-heading-title elementor-size-default\">urologia<\/h2>\t\t<\/div>\n\t\t\t\t<\/div>\n\t\t\t\t\t<\/div>\n\t\t<\/div>\n\t\t\t\t\t<\/div>\n\t\t<\/section>\n\t\t\t\t<section class=\"elementor-section elementor-top-section elementor-element elementor-element-66e43c1e elementor-section-boxed elementor-section-height-default elementor-section-height-default\" data-id=\"66e43c1e\" data-element_type=\"section\" data-settings=\"{&quot;background_background&quot;:&quot;classic&quot;}\">\n\t\t\t\t\t\t\t<div class=\"elementor-background-overlay\"><\/div>\n\t\t\t\t\t\t\t<div class=\"elementor-container elementor-column-gap-default\">\n\t\t\t\t\t<div class=\"elementor-column elementor-col-100 elementor-top-column elementor-element elementor-element-f1bc73d\" data-id=\"f1bc73d\" data-element_type=\"column\">\n\t\t\t<div class=\"elementor-widget-wrap elementor-element-populated\">\n\t\t\t\t\t\t<div class=\"elementor-element elementor-element-3ab12fa0 elementor-widget elementor-widget-heading\" data-id=\"3ab12fa0\" data-element_type=\"widget\" data-widget_type=\"heading.default\">\n\t\t\t\t<div class=\"elementor-widget-container\">\n\t\t\t<h2 class=\"elementor-heading-title elementor-size-default\">Tratamento de c\u00e1lculo renal<\/h2>\t\t<\/div>\n\t\t\t\t<\/div>\n\t\t\t\t<section class=\"elementor-section elementor-inner-section elementor-element elementor-element-19f43b1c elementor-section-boxed elementor-section-height-default elementor-section-height-default\" data-id=\"19f43b1c\" data-element_type=\"section\">\n\t\t\t\t\t\t<div class=\"elementor-container elementor-column-gap-default\">\n\t\t\t\t\t<div class=\"elementor-column elementor-col-100 elementor-inner-column elementor-element elementor-element-4ccce59b\" data-id=\"4ccce59b\" data-element_type=\"column\">\n\t\t\t<div class=\"elementor-widget-wrap elementor-element-populated\">\n\t\t\t\t\t\t<div class=\"elementor-element elementor-element-386bc30c elementor-widget elementor-widget-heading\" data-id=\"386bc30c\" data-element_type=\"widget\" data-widget_type=\"heading.default\">\n\t\t\t\t<div class=\"elementor-widget-container\">\n\t\t\t<h2 class=\"elementor-heading-title elementor-size-default\">O que \u00e9 o c\u00e1lculo renal?\n<\/h2>\t\t<\/div>\n\t\t\t\t<\/div>\n\t\t\t\t<div class=\"elementor-element elementor-element-2624a6ad elementor-widget elementor-widget-text-editor\" data-id=\"2624a6ad\" data-element_type=\"widget\" data-widget_type=\"text-editor.default\">\n\t\t\t\t<div class=\"elementor-widget-container\">\n\t\t\t\t\t\t\t<p>O c\u00e1lculo renal, tamb\u00e9m conhecido como pedra nos rins, \u00e9 uma forma\u00e7\u00e3o s\u00f3lida composta por<br \/>minerais e sais que se desenvolve nos rins, o tamanho e forma pode variar, desde pequenos<br \/>gr\u00e3os at\u00e9 estruturas maiores.<\/p>\t\t\t\t\t\t<\/div>\n\t\t\t\t<\/div>\n\t\t\t\t\t<\/div>\n\t\t<\/div>\n\t\t\t\t\t<\/div>\n\t\t<\/section>\n\t\t\t\t<section class=\"elementor-section elementor-inner-section elementor-element elementor-element-3e144aed elementor-section-boxed elementor-section-height-default elementor-section-height-default\" data-id=\"3e144aed\" data-element_type=\"section\">\n\t\t\t\t\t\t<div class=\"elementor-container elementor-column-gap-default\">\n\t\t\t\t\t<div class=\"elementor-column elementor-col-100 elementor-inner-column elementor-element elementor-element-206ef48c\" data-id=\"206ef48c\" data-element_type=\"column\">\n\t\t\t<div class=\"elementor-widget-wrap elementor-element-populated\">\n\t\t\t\t\t\t<div class=\"elementor-element elementor-element-7b456a97 elementor-widget elementor-widget-heading\" data-id=\"7b456a97\" data-element_type=\"widget\" data-widget_type=\"heading.default\">\n\t\t\t\t<div class=\"elementor-widget-container\">\n\t\t\t<h2 class=\"elementor-heading-title elementor-size-default\">Como ocorre o c\u00e1lculo renal?\n<\/h2>\t\t<\/div>\n\t\t\t\t<\/div>\n\t\t\t\t<div class=\"elementor-element elementor-element-4f4da241 elementor-widget elementor-widget-text-editor\" data-id=\"4f4da241\" data-element_type=\"widget\" data-widget_type=\"text-editor.default\">\n\t\t\t\t<div class=\"elementor-widget-container\">\n\t\t\t\t\t\t\t<p>A forma\u00e7\u00e3o de c\u00e1lculos renais geralmente ocorre quando a concentra\u00e7\u00e3o de determinadas<br \/>subst\u00e2ncias na urina atinge n\u00edveis elevados, dificultando a dissolu\u00e7\u00e3o dessas part\u00edculas.<\/p>\t\t\t\t\t\t<\/div>\n\t\t\t\t<\/div>\n\t\t\t\t<div class=\"elementor-element elementor-element-9c9836f elementor-widget elementor-widget-heading\" data-id=\"9c9836f\" data-element_type=\"widget\" data-widget_type=\"heading.default\">\n\t\t\t\t<div class=\"elementor-widget-container\">\n\t\t\t<h2 class=\"elementor-heading-title elementor-size-default\">Quais os sintomas do c\u00e1lculo renal?<\/h2>\t\t<\/div>\n\t\t\t\t<\/div>\n\t\t\t\t<div class=\"elementor-element elementor-element-336e034 elementor-widget elementor-widget-text-editor\" data-id=\"336e034\" data-element_type=\"widget\" data-widget_type=\"text-editor.default\">\n\t\t\t\t<div class=\"elementor-widget-container\">\n\t\t\t\t\t\t\t<p>Os sintomas dos c\u00e1lculos renais podem variar, mas frequentemente incluem dor intensa na<br \/>regi\u00e3o lombar ou abdominal, sensa\u00e7\u00e3o de queima\u00e7\u00e3o ao urinar, presen\u00e7a de sangue na urina,<br \/>n\u00e1useas e v\u00f4mitos. Em alguns casos, os c\u00e1lculos renais podem ser assintom\u00e1ticos, sendo<br \/>descobertos incidentalmente durante exames de imagem.<\/p>\t\t\t\t\t\t<\/div>\n\t\t\t\t<\/div>\n\t\t\t\t\t<\/div>\n\t\t<\/div>\n\t\t\t\t\t<\/div>\n\t\t<\/section>\n\t\t\t\t<section class=\"elementor-section elementor-inner-section elementor-element elementor-element-57d7aacb elementor-section-boxed elementor-section-height-default elementor-section-height-default\" data-id=\"57d7aacb\" data-element_type=\"section\">\n\t\t\t\t\t\t<div class=\"elementor-container elementor-column-gap-default\">\n\t\t\t\t\t<div class=\"elementor-column elementor-col-100 elementor-inner-column elementor-element elementor-element-40735388\" data-id=\"40735388\" data-element_type=\"column\">\n\t\t\t<div class=\"elementor-widget-wrap elementor-element-populated\">\n\t\t\t\t\t\t<div class=\"elementor-element elementor-element-6cf9a86f elementor-widget elementor-widget-heading\" data-id=\"6cf9a86f\" data-element_type=\"widget\" data-widget_type=\"heading.default\">\n\t\t\t\t<div class=\"elementor-widget-container\">\n\t\t\t<h2 class=\"elementor-heading-title elementor-size-default\">O que fazer se estiver com c\u00e1lculo renal?\n<\/h2>\t\t<\/div>\n\t\t\t\t<\/div>\n\t\t\t\t<div class=\"elementor-element elementor-element-4cc85d6d elementor-widget elementor-widget-text-editor\" data-id=\"4cc85d6d\" data-element_type=\"widget\" data-widget_type=\"text-editor.default\">\n\t\t\t\t<div class=\"elementor-widget-container\">\n\t\t\t\t\t\t\t<p>Se voc\u00ea suspeita que est\u00e1 enfrentando um epis\u00f3dio de c\u00e1lculo renal ou experimentando<br \/>sintomas associados, \u00e9 fundamental procurar orienta\u00e7\u00e3o m\u00e9dica. No Instituto de Urologia SC,<br \/>contamos com uma equipe especializada em diagnosticar e tratar eficazmente o c\u00e1lculo renal.<\/p>\t\t\t\t\t\t<\/div>\n\t\t\t\t<\/div>\n\t\t\t\t<div class=\"elementor-element elementor-element-224d3a69 elementor-widget elementor-widget-heading\" data-id=\"224d3a69\" data-element_type=\"widget\" data-widget_type=\"heading.default\">\n\t\t\t\t<div class=\"elementor-widget-container\">\n\t\t\t<h2 class=\"elementor-heading-title elementor-size-default\">Diagn\u00f3stico preciso:\n<\/h2>\t\t<\/div>\n\t\t\t\t<\/div>\n\t\t\t\t<div class=\"elementor-element elementor-element-6415ab5 elementor-widget elementor-widget-text-editor\" data-id=\"6415ab5\" data-element_type=\"widget\" data-widget_type=\"text-editor.default\">\n\t\t\t\t<div class=\"elementor-widget-container\">\n\t\t\t\t\t\t\t<p>Realizamos exames detalhados, incluindo ultrassonografia, tomografia computadorizada e<br \/>an\u00e1lises laboratoriais para identificar a presen\u00e7a de c\u00e1lculos renais, determinar seu tamanho e<br \/>localiza\u00e7\u00e3o.<\/p>\t\t\t\t\t\t<\/div>\n\t\t\t\t<\/div>\n\t\t\t\t<div class=\"elementor-element elementor-element-406e957d elementor-widget elementor-widget-heading\" data-id=\"406e957d\" data-element_type=\"widget\" data-widget_type=\"heading.default\">\n\t\t\t\t<div class=\"elementor-widget-container\">\n\t\t\t<h2 class=\"elementor-heading-title elementor-size-default\">Tratamento personalizado:\n<\/h2>\t\t<\/div>\n\t\t\t\t<\/div>\n\t\t\t\t<div class=\"elementor-element elementor-element-73f1785d elementor-widget elementor-widget-text-editor\" data-id=\"73f1785d\" data-element_type=\"widget\" data-widget_type=\"text-editor.default\">\n\t\t\t\t<div class=\"elementor-widget-container\">\n\t\t\t\t\t\t\t<p>Nosso instituto oferece abordagens personalizadas, que podem incluir mudan\u00e7as na dieta,<br \/>medicamentos para al\u00edvio da dor e, em casos mais complexos, procedimentos minimamente<br \/>invasivos ou cirurgia.<\/p>\t\t\t\t\t\t<\/div>\n\t\t\t\t<\/div>\n\t\t\t\t<div class=\"elementor-element elementor-element-7835c82 elementor-widget elementor-widget-heading\" data-id=\"7835c82\" data-element_type=\"widget\" data-widget_type=\"heading.default\">\n\t\t\t\t<div class=\"elementor-widget-container\">\n\t\t\t<h2 class=\"elementor-heading-title elementor-size-default\">Acompanhamento cuidadoso:<\/h2>\t\t<\/div>\n\t\t\t\t<\/div>\n\t\t\t\t<div class=\"elementor-element elementor-element-2f9d2bd elementor-widget elementor-widget-text-editor\" data-id=\"2f9d2bd\" data-element_type=\"widget\" data-widget_type=\"text-editor.default\">\n\t\t\t\t<div class=\"elementor-widget-container\">\n\t\t\t\t\t\t\t<p>Ap\u00f3s o tratamento, garantimos um acompanhamento cuidadoso para monitorar a recupera\u00e7\u00e3o<br \/>e prevenir a recorr\u00eancia, como orienta\u00e7\u00f5es sobre h\u00e1bitos de vida saud\u00e1veis e estrat\u00e9gias<br \/>preventivas.<\/p>\t\t\t\t\t\t<\/div>\n\t\t\t\t<\/div>\n\t\t\t\t\t<\/div>\n\t\t<\/div>\n\t\t\t\t\t<\/div>\n\t\t<\/section>\n\t\t\t\t\t<\/div>\n\t\t<\/div>\n\t\t\t\t\t<\/div>\n\t\t<\/section>\n\t\t\t\t<section class=\"elementor-section elementor-top-section elementor-element elementor-element-40cb2fa8 elementor-section-boxed elementor-section-height-default elementor-section-height-default\" data-id=\"40cb2fa8\" data-element_type=\"section\">\n\t\t\t\t\t\t<div class=\"elementor-container elementor-column-gap-default\">\n\t\t\t\t\t<div class=\"elementor-column elementor-col-100 elementor-top-column elementor-element elementor-element-5e58171\" data-id=\"5e58171\" data-element_type=\"column\">\n\t\t\t<div class=\"elementor-widget-wrap elementor-element-populated\">\n\t\t\t\t\t\t<div class=\"elementor-element elementor-element-655e8ea9 elementor-align-center elementor-mobile-align-center elementor-widget elementor-widget-button\" data-id=\"655e8ea9\" data-element_type=\"widget\" data-widget_type=\"button.default\">\n\t\t\t\t<div class=\"elementor-widget-container\">\n\t\t\t\t\t\t\t<div class=\"elementor-button-wrapper\">\n\t\t\t\t\t<a class=\"elementor-button elementor-button-link elementor-size-sm elementor-animation-grow\" href=\"https:\/\/api.whatsapp.com\/send?phone=5548991445009&#038;text=Ol%C3%A1!%20Estou%20no%20site%20do%20IUSC%20e%20gostaria%20de%20agendar%20uma%20consulta\">\n\t\t\t\t\t\t<span class=\"elementor-button-content-wrapper\">\n\t\t\t\t\t\t<span class=\"elementor-button-icon\">\n\t\t\t\t<i aria-hidden=\"true\" class=\"fab fa-whatsapp\"><\/i>\t\t\t<\/span>\n\t\t\t\t\t\t\t\t\t<span class=\"elementor-button-text\">Agende sua Consulta!<\/span>\n\t\t\t\t\t<\/span>\n\t\t\t\t\t<\/a>\n\t\t\t\t<\/div>\n\t\t\t\t\t\t<\/div>\n\t\t\t\t<\/div>\n\t\t\t\t\t<\/div>\n\t\t<\/div>\n\t\t\t\t\t<\/div>\n\t\t<\/section>\n\t\t\t\t<\/div>\n\t\t","protected":false},"excerpt":{"rendered":"<p>urologia Tratamento de c\u00e1lculo renal O que \u00e9 o c\u00e1lculo renal? O c\u00e1lculo renal, tamb\u00e9m conhecido como pedra nos rins, \u00e9 uma forma\u00e7\u00e3o s\u00f3lida composta porminerais e sais que se desenvolve nos rins, o tamanho e forma pode variar, desde pequenosgr\u00e3os at\u00e9 estruturas maiores. Como ocorre o c\u00e1lculo renal? A forma\u00e7\u00e3o de c\u00e1lculos renais geralmente [&hellip;]<\/p>\n","protected":false},"author":123458,"featured_media":0,"parent":0,"menu_order":0,"comment_status":"closed","ping_status":"closed","template":"","meta":{"_joinchat":[],"footnotes":""},"class_list":["post-8210","page","type-page","status-publish","hentry"],"_links":{"self":[{"href":"https:\/\/iusc.com.br\/wp-json\/wp\/v2\/pages\/8210"}],"collection":[{"href":"https:\/\/iusc.com.br\/wp-json\/wp\/v2\/pages"}],"about":[{"href":"https:\/\/iusc.com.br\/wp-json\/wp\/v2\/types\/page"}],"author":[{"embeddable":true,"href":"https:\/\/iusc.com.br\/wp-json\/wp\/v2\/users\/123458"}],"replies":[{"embeddable":true,"href":"https:\/\/iusc.com.br\/wp-json\/wp\/v2\/comments?post=8210"}],"version-history":[{"count":4,"href":"https:\/\/iusc.com.br\/wp-json\/wp\/v2\/pages\/8210\/revisions"}],"predecessor-version":[{"id":8215,"href":"https:\/\/iusc.com.br\/wp-json\/wp\/v2\/pages\/8210\/revisions\/8215"}],"wp:attachment":[{"href":"https:\/\/iusc.com.br\/wp-json\/wp\/v2\/media?parent=8210"}],"curies":[{"name":"wp","href":"https:\/\/api.w.org\/{rel}","templated":true}]}}