{"id":8188,"date":"2024-01-11T15:49:11","date_gmt":"2024-01-11T18:49:11","guid":{"rendered":"https:\/\/iusc.com.br\/?page_id=8188"},"modified":"2024-01-11T15:53:54","modified_gmt":"2024-01-11T18:53:54","slug":"cirurgias-para-aumento-peniano","status":"publish","type":"page","link":"https:\/\/iusc.com.br\/cirurgias-para-aumento-peniano\/","title":{"rendered":"Cirurgias para aumento peniano"},"content":{"rendered":"\t\t<div data-elementor-type=\"wp-page\" data-elementor-id=\"8188\" class=\"elementor elementor-8188\" data-elementor-post-type=\"page\">\n\t\t\t\t\t\t<section class=\"elementor-section elementor-top-section elementor-element elementor-element-64a5e3e0 elementor-section-boxed elementor-section-height-default elementor-section-height-default\" data-id=\"64a5e3e0\" data-element_type=\"section\" data-settings=\"{&quot;background_background&quot;:&quot;classic&quot;}\">\n\t\t\t\t\t\t<div class=\"elementor-container elementor-column-gap-default\">\n\t\t\t\t\t<div class=\"elementor-column elementor-col-100 elementor-top-column elementor-element elementor-element-3d67c15c\" data-id=\"3d67c15c\" data-element_type=\"column\">\n\t\t\t<div class=\"elementor-widget-wrap elementor-element-populated\">\n\t\t\t\t\t\t<div class=\"elementor-element elementor-element-78c6a48a elementor-widget elementor-widget-heading\" data-id=\"78c6a48a\" data-element_type=\"widget\" data-widget_type=\"heading.default\">\n\t\t\t\t<div class=\"elementor-widget-container\">\n\t\t\t<h2 class=\"elementor-heading-title elementor-size-default\">urologia<\/h2>\t\t<\/div>\n\t\t\t\t<\/div>\n\t\t\t\t\t<\/div>\n\t\t<\/div>\n\t\t\t\t\t<\/div>\n\t\t<\/section>\n\t\t\t\t<section class=\"elementor-section elementor-top-section elementor-element elementor-element-a36214 elementor-section-boxed elementor-section-height-default elementor-section-height-default\" data-id=\"a36214\" data-element_type=\"section\" data-settings=\"{&quot;background_background&quot;:&quot;classic&quot;}\">\n\t\t\t\t\t\t\t<div class=\"elementor-background-overlay\"><\/div>\n\t\t\t\t\t\t\t<div class=\"elementor-container elementor-column-gap-default\">\n\t\t\t\t\t<div class=\"elementor-column elementor-col-100 elementor-top-column elementor-element elementor-element-39f42e9e\" data-id=\"39f42e9e\" data-element_type=\"column\">\n\t\t\t<div class=\"elementor-widget-wrap elementor-element-populated\">\n\t\t\t\t\t\t<div class=\"elementor-element elementor-element-3dceb993 elementor-widget elementor-widget-heading\" data-id=\"3dceb993\" data-element_type=\"widget\" data-widget_type=\"heading.default\">\n\t\t\t\t<div class=\"elementor-widget-container\">\n\t\t\t<h2 class=\"elementor-heading-title elementor-size-default\">Cirurgias para aumento peniano\n<\/h2>\t\t<\/div>\n\t\t\t\t<\/div>\n\t\t\t\t<div class=\"elementor-element elementor-element-4ab1735 elementor-widget elementor-widget-text-editor\" data-id=\"4ab1735\" data-element_type=\"widget\" data-widget_type=\"text-editor.default\">\n\t\t\t\t<div class=\"elementor-widget-container\">\n\t\t\t\t\t\t\t<p>Entenda sobre as cirurgias para aumento peniano<br \/>\u00c9 importante esclarecer que o aumento peniano por meio de cirurgia \u00e9 um assunto delicado e<br \/>controverso.<br \/>No campo da urologia, a maioria dos profissionais acredita que os riscos potenciais e a falta de<br \/>evid\u00eancias s\u00f3lidas sobre a efic\u00e1cia dessas cirurgias superam os benef\u00edcios.<br \/>No entanto, para fornecer informa\u00e7\u00f5es importantes, aqui est\u00e3o algumas das t\u00e9cnicas que<br \/>foram propostas:<\/p>\t\t\t\t\t\t<\/div>\n\t\t\t\t<\/div>\n\t\t\t\t<section class=\"elementor-section elementor-inner-section elementor-element elementor-element-18db7fdd elementor-section-boxed elementor-section-height-default elementor-section-height-default\" data-id=\"18db7fdd\" data-element_type=\"section\">\n\t\t\t\t\t\t<div class=\"elementor-container elementor-column-gap-default\">\n\t\t\t\t\t<div class=\"elementor-column elementor-col-100 elementor-inner-column elementor-element elementor-element-a0d1032\" data-id=\"a0d1032\" data-element_type=\"column\">\n\t\t\t<div class=\"elementor-widget-wrap elementor-element-populated\">\n\t\t\t\t\t\t<div class=\"elementor-element elementor-element-4654ebce elementor-widget elementor-widget-heading\" data-id=\"4654ebce\" data-element_type=\"widget\" data-widget_type=\"heading.default\">\n\t\t\t\t<div class=\"elementor-widget-container\">\n\t\t\t<h2 class=\"elementor-heading-title elementor-size-default\">Cirurgia de ligamentotomia:\n<\/h2>\t\t<\/div>\n\t\t\t\t<\/div>\n\t\t\t\t<div class=\"elementor-element elementor-element-5a06d75a elementor-widget elementor-widget-text-editor\" data-id=\"5a06d75a\" data-element_type=\"widget\" data-widget_type=\"text-editor.default\">\n\t\t\t\t<div class=\"elementor-widget-container\">\n\t\t\t\t\t\t\t<p><strong>Descri\u00e7\u00e3o:<\/strong> Envolve o corte do ligamento suspensor do p\u00eanis, que conecta a<br \/>base do p\u00eanis ao osso p\u00fabico.<\/p>\t\t\t\t\t\t<\/div>\n\t\t\t\t<\/div>\n\t\t\t\t<div class=\"elementor-element elementor-element-0ea85b3 elementor-widget elementor-widget-text-editor\" data-id=\"0ea85b3\" data-element_type=\"widget\" data-widget_type=\"text-editor.default\">\n\t\t\t\t<div class=\"elementor-widget-container\">\n\t\t\t\t\t\t\t<p><strong>Objetivo:<\/strong> Pode resultar em um aumento aparente no comprimento do p\u00eanis<br \/>em repouso.<\/p>\t\t\t\t\t\t<\/div>\n\t\t\t\t<\/div>\n\t\t\t\t<div class=\"elementor-element elementor-element-bb6aba2 elementor-widget elementor-widget-text-editor\" data-id=\"bb6aba2\" data-element_type=\"widget\" data-widget_type=\"text-editor.default\">\n\t\t\t\t<div class=\"elementor-widget-container\">\n\t\t\t\t\t\t\t<p><strong> Considera\u00e7\u00f5es:<\/strong> A efic\u00e1cia e seguran\u00e7a a longo prazo s\u00e3o frequentemente<br \/>questionadas. A maioria dos ganhos \u00e9 percebida quando o p\u00eanis est\u00e1 fl\u00e1cido, e<br \/>os ganhos no comprimento ereto s\u00e3o muitas vezes limitados.<\/p>\t\t\t\t\t\t<\/div>\n\t\t\t\t<\/div>\n\t\t\t\t\t<\/div>\n\t\t<\/div>\n\t\t\t\t\t<\/div>\n\t\t<\/section>\n\t\t\t\t<section class=\"elementor-section elementor-inner-section elementor-element elementor-element-1e0cdce5 elementor-section-boxed elementor-section-height-default elementor-section-height-default\" data-id=\"1e0cdce5\" data-element_type=\"section\">\n\t\t\t\t\t\t<div class=\"elementor-container elementor-column-gap-default\">\n\t\t\t\t\t<div class=\"elementor-column elementor-col-100 elementor-inner-column elementor-element elementor-element-24e03284\" data-id=\"24e03284\" data-element_type=\"column\">\n\t\t\t<div class=\"elementor-widget-wrap elementor-element-populated\">\n\t\t\t\t\t\t<div class=\"elementor-element elementor-element-4fcc9a0a elementor-widget elementor-widget-heading\" data-id=\"4fcc9a0a\" data-element_type=\"widget\" data-widget_type=\"heading.default\">\n\t\t\t\t<div class=\"elementor-widget-container\">\n\t\t\t<h2 class=\"elementor-heading-title elementor-size-default\">Lipoenxertia ou enxerto de gordura:<\/h2>\t\t<\/div>\n\t\t\t\t<\/div>\n\t\t\t\t<div class=\"elementor-element elementor-element-2940c252 elementor-widget elementor-widget-text-editor\" data-id=\"2940c252\" data-element_type=\"widget\" data-widget_type=\"text-editor.default\">\n\t\t\t\t<div class=\"elementor-widget-container\">\n\t\t\t\t\t\t\t<p><strong>Descri\u00e7\u00e3o:<\/strong> Envolve a remo\u00e7\u00e3o de gordura de uma \u00e1rea do corpo por meio de<br \/>lipoaspira\u00e7\u00e3o e seu enxerto no p\u00eanis.<\/p>\t\t\t\t\t\t<\/div>\n\t\t\t\t<\/div>\n\t\t\t\t<div class=\"elementor-element elementor-element-1dae89b elementor-widget elementor-widget-text-editor\" data-id=\"1dae89b\" data-element_type=\"widget\" data-widget_type=\"text-editor.default\">\n\t\t\t\t<div class=\"elementor-widget-container\">\n\t\t\t\t\t\t\t<p><strong>Objetivo:<\/strong> Aumentar o volume e o di\u00e2metro do p\u00eanis.<\/p>\t\t\t\t\t\t<\/div>\n\t\t\t\t<\/div>\n\t\t\t\t<div class=\"elementor-element elementor-element-4298ab1 elementor-widget elementor-widget-text-editor\" data-id=\"4298ab1\" data-element_type=\"widget\" data-widget_type=\"text-editor.default\">\n\t\t\t\t<div class=\"elementor-widget-container\">\n\t\t\t\t\t\t\t<p><strong>Considera\u00e7\u00f5es:<\/strong> Resultados variam, e a reabsor\u00e7\u00e3o parcial da gordura enxertada<br \/>\u00e9 comum. Complica\u00e7\u00f5es, como irregularidades na superf\u00edcie do p\u00eanis, podem<br \/>ocorrer.<\/p>\t\t\t\t\t\t<\/div>\n\t\t\t\t<\/div>\n\t\t\t\t\t<\/div>\n\t\t<\/div>\n\t\t\t\t\t<\/div>\n\t\t<\/section>\n\t\t\t\t<section class=\"elementor-section elementor-inner-section elementor-element elementor-element-78cc6d39 elementor-section-boxed elementor-section-height-default elementor-section-height-default\" data-id=\"78cc6d39\" data-element_type=\"section\">\n\t\t\t\t\t\t<div class=\"elementor-container elementor-column-gap-default\">\n\t\t\t\t\t<div class=\"elementor-column elementor-col-100 elementor-inner-column elementor-element elementor-element-2ca0edd8\" data-id=\"2ca0edd8\" data-element_type=\"column\">\n\t\t\t<div class=\"elementor-widget-wrap elementor-element-populated\">\n\t\t\t\t\t\t<div class=\"elementor-element elementor-element-49f7afb4 elementor-widget elementor-widget-heading\" data-id=\"49f7afb4\" data-element_type=\"widget\" data-widget_type=\"heading.default\">\n\t\t\t\t<div class=\"elementor-widget-container\">\n\t\t\t<h2 class=\"elementor-heading-title elementor-size-default\">Implantes penianos:<\/h2>\t\t<\/div>\n\t\t\t\t<\/div>\n\t\t\t\t<div class=\"elementor-element elementor-element-2bd97347 elementor-widget elementor-widget-text-editor\" data-id=\"2bd97347\" data-element_type=\"widget\" data-widget_type=\"text-editor.default\">\n\t\t\t\t<div class=\"elementor-widget-container\">\n\t\t\t\t\t\t\t<p><strong>Descri\u00e7\u00e3o<\/strong>: Inser\u00e7\u00e3o de dispositivos implant\u00e1veis no p\u00eanis, como pr\u00f3teses<br \/>penianas.<\/p>\t\t\t\t\t\t<\/div>\n\t\t\t\t<\/div>\n\t\t\t\t<div class=\"elementor-element elementor-element-6c60bf1 elementor-widget elementor-widget-text-editor\" data-id=\"6c60bf1\" data-element_type=\"widget\" data-widget_type=\"text-editor.default\">\n\t\t\t\t<div class=\"elementor-widget-container\">\n\t\t\t\t\t\t\t<p><strong>Objetivo:<\/strong> Proporcionar rigidez ao p\u00eanis para melhorar a ere\u00e7\u00e3o.<\/p>\t\t\t\t\t\t<\/div>\n\t\t\t\t<\/div>\n\t\t\t\t<div class=\"elementor-element elementor-element-69aa5db elementor-widget elementor-widget-text-editor\" data-id=\"69aa5db\" data-element_type=\"widget\" data-widget_type=\"text-editor.default\">\n\t\t\t\t<div class=\"elementor-widget-container\">\n\t\t\t\t\t\t\t<p><strong>Considera\u00e7\u00f5es:<\/strong> Este \u00e9 um procedimento diferente dos anteriores e \u00e9 indicado<br \/>para homens com disfun\u00e7\u00e3o er\u00e9til grave que n\u00e3o respondem a tratamentos<br \/>menos invasivos.<\/p>\t\t\t\t\t\t<\/div>\n\t\t\t\t<\/div>\n\t\t\t\t<div class=\"elementor-element elementor-element-56f3b2d9 elementor-widget elementor-widget-heading\" data-id=\"56f3b2d9\" data-element_type=\"widget\" data-widget_type=\"heading.default\">\n\t\t\t\t<div class=\"elementor-widget-container\">\n\t\t\t<h2 class=\"elementor-heading-title elementor-size-default\">Considera\u00e7\u00f5es Importantes:<\/h2>\t\t<\/div>\n\t\t\t\t<\/div>\n\t\t\t\t<div class=\"elementor-element elementor-element-7b00fd3 elementor-widget elementor-widget-text-editor\" data-id=\"7b00fd3\" data-element_type=\"widget\" data-widget_type=\"text-editor.default\">\n\t\t\t\t<div class=\"elementor-widget-container\">\n\t\t\t\t\t\t\t<p><strong>Efic\u00e1cia Limitada:<\/strong> Os procedimentos para aumento peniano t\u00eam efic\u00e1cia limitada e<br \/>apresentam riscos significativos.<\/p><p><strong>Riscos e complica\u00e7\u00f5es:<\/strong> Complica\u00e7\u00f5es potenciais incluem infec\u00e7\u00e3o, cicatriza\u00e7\u00e3o<br \/>inadequada, assimetria, perda de sensibilidade e disfun\u00e7\u00e3o er\u00e9til.<\/p><p><strong>Abordagem multidisciplinar:<\/strong> Em muitos casos, \u00e9 mais apropriado abordar<br \/>preocupa\u00e7\u00f5es relacionadas ao tamanho do p\u00eanis por meio de comunica\u00e7\u00e3o aberta com<br \/>um parceiro, aconselhamento psicol\u00f3gico ou terapia sexual.<\/p>\t\t\t\t\t\t<\/div>\n\t\t\t\t<\/div>\n\t\t\t\t<div class=\"elementor-element elementor-element-72c2a6ee elementor-widget elementor-widget-heading\" data-id=\"72c2a6ee\" data-element_type=\"widget\" data-widget_type=\"heading.default\">\n\t\t\t\t<div class=\"elementor-widget-container\">\n\t\t\t<h2 class=\"elementor-heading-title elementor-size-default\">Consultas e aconselhamento<\/h2>\t\t<\/div>\n\t\t\t\t<\/div>\n\t\t\t\t<div class=\"elementor-element elementor-element-6b84a1ba elementor-widget elementor-widget-text-editor\" data-id=\"6b84a1ba\" data-element_type=\"widget\" data-widget_type=\"text-editor.default\">\n\t\t\t\t<div class=\"elementor-widget-container\">\n\t\t\t\t\t\t\t<p>Nossos especialistas est\u00e3o dispon\u00edveis para consultas e aconselhamento personalizado sobre a vasectomia para tirar todas as suas d\u00favidas.<\/p><p>Abordamos todas as suas preocupa\u00e7\u00f5es, explicamos o procedimento em detalhes e garantimos que voc\u00ea tenha todas as informa\u00e7\u00f5es necess\u00e1rias para tomar uma decis\u00e3o informada sobre seu plano contraceptivo.<\/p>\t\t\t\t\t\t<\/div>\n\t\t\t\t<\/div>\n\t\t\t\t<div class=\"elementor-element elementor-element-3e37b82 elementor-widget elementor-widget-text-editor\" data-id=\"3e37b82\" data-element_type=\"widget\" data-widget_type=\"text-editor.default\">\n\t\t\t\t<div class=\"elementor-widget-container\">\n\t\t\t\t\t\t\t<p>\u00c9 crucial discutir qualquer desejo de aumento peniano com um urologista qualificado, que<br \/>pode fornecer informa\u00e7\u00f5es espec\u00edficas ao seu caso e orientar sobre as op\u00e7\u00f5es mais seguras e<br \/>eficazes.<br \/>O Instituto de Urologia SC est\u00e1 comprometido em fornecer orienta\u00e7\u00e3o informada e cuidados<br \/>especializados para atender \u00e0s suas necessidades urol\u00f3gicas.<\/p>\t\t\t\t\t\t<\/div>\n\t\t\t\t<\/div>\n\t\t\t\t\t<\/div>\n\t\t<\/div>\n\t\t\t\t\t<\/div>\n\t\t<\/section>\n\t\t\t\t\t<\/div>\n\t\t<\/div>\n\t\t\t\t\t<\/div>\n\t\t<\/section>\n\t\t\t\t<section class=\"elementor-section elementor-top-section elementor-element elementor-element-7b16ea1d elementor-section-boxed elementor-section-height-default elementor-section-height-default\" data-id=\"7b16ea1d\" data-element_type=\"section\">\n\t\t\t\t\t\t<div class=\"elementor-container elementor-column-gap-default\">\n\t\t\t\t\t<div class=\"elementor-column elementor-col-100 elementor-top-column elementor-element elementor-element-2ad0932b\" data-id=\"2ad0932b\" data-element_type=\"column\">\n\t\t\t<div class=\"elementor-widget-wrap elementor-element-populated\">\n\t\t\t\t\t\t<div class=\"elementor-element elementor-element-21e2bc4e elementor-align-center elementor-mobile-align-center elementor-widget elementor-widget-button\" data-id=\"21e2bc4e\" data-element_type=\"widget\" data-widget_type=\"button.default\">\n\t\t\t\t<div class=\"elementor-widget-container\">\n\t\t\t\t\t\t\t<div class=\"elementor-button-wrapper\">\n\t\t\t\t\t<a class=\"elementor-button elementor-button-link elementor-size-sm elementor-animation-grow\" href=\"https:\/\/api.whatsapp.com\/send?phone=5548991445009&#038;text=Ol%C3%A1!%20Estou%20no%20site%20do%20IUSC%20e%20gostaria%20de%20agendar%20uma%20consulta\">\n\t\t\t\t\t\t<span class=\"elementor-button-content-wrapper\">\n\t\t\t\t\t\t<span class=\"elementor-button-icon\">\n\t\t\t\t<i aria-hidden=\"true\" class=\"fab fa-whatsapp\"><\/i>\t\t\t<\/span>\n\t\t\t\t\t\t\t\t\t<span class=\"elementor-button-text\">Agende sua Consulta!<\/span>\n\t\t\t\t\t<\/span>\n\t\t\t\t\t<\/a>\n\t\t\t\t<\/div>\n\t\t\t\t\t\t<\/div>\n\t\t\t\t<\/div>\n\t\t\t\t\t<\/div>\n\t\t<\/div>\n\t\t\t\t\t<\/div>\n\t\t<\/section>\n\t\t\t\t<\/div>\n\t\t","protected":false},"excerpt":{"rendered":"<p>urologia Cirurgias para aumento peniano Entenda sobre as cirurgias para aumento peniano\u00c9 importante esclarecer que o aumento peniano por meio de cirurgia \u00e9 um assunto delicado econtroverso.No campo da urologia, a maioria dos profissionais acredita que os riscos potenciais e a falta deevid\u00eancias s\u00f3lidas sobre a efic\u00e1cia dessas cirurgias superam os benef\u00edcios.No entanto, para fornecer [&hellip;]<\/p>\n","protected":false},"author":123458,"featured_media":0,"parent":0,"menu_order":0,"comment_status":"closed","ping_status":"closed","template":"","meta":{"_joinchat":[],"footnotes":""},"class_list":["post-8188","page","type-page","status-publish","hentry"],"_links":{"self":[{"href":"https:\/\/iusc.com.br\/wp-json\/wp\/v2\/pages\/8188"}],"collection":[{"href":"https:\/\/iusc.com.br\/wp-json\/wp\/v2\/pages"}],"about":[{"href":"https:\/\/iusc.com.br\/wp-json\/wp\/v2\/types\/page"}],"author":[{"embeddable":true,"href":"https:\/\/iusc.com.br\/wp-json\/wp\/v2\/users\/123458"}],"replies":[{"embeddable":true,"href":"https:\/\/iusc.com.br\/wp-json\/wp\/v2\/comments?post=8188"}],"version-history":[{"count":16,"href":"https:\/\/iusc.com.br\/wp-json\/wp\/v2\/pages\/8188\/revisions"}],"predecessor-version":[{"id":8205,"href":"https:\/\/iusc.com.br\/wp-json\/wp\/v2\/pages\/8188\/revisions\/8205"}],"wp:attachment":[{"href":"https:\/\/iusc.com.br\/wp-json\/wp\/v2\/media?parent=8188"}],"curies":[{"name":"wp","href":"https:\/\/api.w.org\/{rel}","templated":true}]}}