{"id":8170,"date":"2024-01-11T15:40:39","date_gmt":"2024-01-11T18:40:39","guid":{"rendered":"https:\/\/iusc.com.br\/?page_id=8170"},"modified":"2024-01-11T15:48:53","modified_gmt":"2024-01-11T18:48:53","slug":"fimose-e-plastica-peniana","status":"publish","type":"page","link":"https:\/\/iusc.com.br\/fimose-e-plastica-peniana\/","title":{"rendered":"Fimose e pl\u00e1stica peniana"},"content":{"rendered":"\t\t<div data-elementor-type=\"wp-page\" data-elementor-id=\"8170\" class=\"elementor elementor-8170\" data-elementor-post-type=\"page\">\n\t\t\t\t\t\t<section class=\"elementor-section elementor-top-section elementor-element elementor-element-6eb77fd1 elementor-section-boxed elementor-section-height-default elementor-section-height-default\" data-id=\"6eb77fd1\" data-element_type=\"section\" data-settings=\"{&quot;background_background&quot;:&quot;classic&quot;}\">\n\t\t\t\t\t\t<div class=\"elementor-container elementor-column-gap-default\">\n\t\t\t\t\t<div class=\"elementor-column elementor-col-100 elementor-top-column elementor-element elementor-element-2aee5937\" data-id=\"2aee5937\" data-element_type=\"column\">\n\t\t\t<div class=\"elementor-widget-wrap elementor-element-populated\">\n\t\t\t\t\t\t<div class=\"elementor-element elementor-element-5cd5e046 elementor-widget elementor-widget-heading\" data-id=\"5cd5e046\" data-element_type=\"widget\" data-widget_type=\"heading.default\">\n\t\t\t\t<div class=\"elementor-widget-container\">\n\t\t\t<h2 class=\"elementor-heading-title elementor-size-default\">urologia<\/h2>\t\t<\/div>\n\t\t\t\t<\/div>\n\t\t\t\t\t<\/div>\n\t\t<\/div>\n\t\t\t\t\t<\/div>\n\t\t<\/section>\n\t\t\t\t<section class=\"elementor-section elementor-top-section elementor-element elementor-element-34a82168 elementor-section-boxed elementor-section-height-default elementor-section-height-default\" data-id=\"34a82168\" data-element_type=\"section\" data-settings=\"{&quot;background_background&quot;:&quot;classic&quot;}\">\n\t\t\t\t\t\t\t<div class=\"elementor-background-overlay\"><\/div>\n\t\t\t\t\t\t\t<div class=\"elementor-container elementor-column-gap-default\">\n\t\t\t\t\t<div class=\"elementor-column elementor-col-100 elementor-top-column elementor-element elementor-element-3a6fbbd4\" data-id=\"3a6fbbd4\" data-element_type=\"column\">\n\t\t\t<div class=\"elementor-widget-wrap elementor-element-populated\">\n\t\t\t\t\t\t<div class=\"elementor-element elementor-element-29a7d234 elementor-widget elementor-widget-heading\" data-id=\"29a7d234\" data-element_type=\"widget\" data-widget_type=\"heading.default\">\n\t\t\t\t<div class=\"elementor-widget-container\">\n\t\t\t<h2 class=\"elementor-heading-title elementor-size-default\">Fimose e pl\u00e1stica peniana<\/h2>\t\t<\/div>\n\t\t\t\t<\/div>\n\t\t\t\t<div class=\"elementor-element elementor-element-d15c059 elementor-widget elementor-widget-text-editor\" data-id=\"d15c059\" data-element_type=\"widget\" data-widget_type=\"text-editor.default\">\n\t\t\t\t<div class=\"elementor-widget-container\">\n\t\t\t\t\t\t\t<p>Tratamento da fimose e pl\u00e1stica peniana<br \/>A fimose \u00e9 uma condi\u00e7\u00e3o em que a abertura do prep\u00facio \u00e9 estreita, dificultando ou impedindo<br \/>a retra\u00e7\u00e3o total do mesmo sobre a glande (cabe\u00e7a do p\u00eanis).<br \/>Em alguns casos, quando a fimose causa desconforto, dificuldades higi\u00eanicas ou interfer\u00eancia<br \/>nas atividades sexuais, pode ser recomendada a cirurgia conhecida como pl\u00e1stica peniana ou<br \/>postectomia.<\/p>\t\t\t\t\t\t<\/div>\n\t\t\t\t<\/div>\n\t\t\t\t<section class=\"elementor-section elementor-inner-section elementor-element elementor-element-126c9aa9 elementor-section-boxed elementor-section-height-default elementor-section-height-default\" data-id=\"126c9aa9\" data-element_type=\"section\">\n\t\t\t\t\t\t<div class=\"elementor-container elementor-column-gap-default\">\n\t\t\t\t\t<div class=\"elementor-column elementor-col-100 elementor-inner-column elementor-element elementor-element-1c47f598\" data-id=\"1c47f598\" data-element_type=\"column\">\n\t\t\t<div class=\"elementor-widget-wrap elementor-element-populated\">\n\t\t\t\t\t\t<div class=\"elementor-element elementor-element-b1188a0 elementor-widget elementor-widget-heading\" data-id=\"b1188a0\" data-element_type=\"widget\" data-widget_type=\"heading.default\">\n\t\t\t\t<div class=\"elementor-widget-container\">\n\t\t\t<h2 class=\"elementor-heading-title elementor-size-default\">Diagn\u00f3stico Preciso:<\/h2>\t\t<\/div>\n\t\t\t\t<\/div>\n\t\t\t\t<div class=\"elementor-element elementor-element-593ed60e elementor-widget elementor-widget-text-editor\" data-id=\"593ed60e\" data-element_type=\"widget\" data-widget_type=\"text-editor.default\">\n\t\t\t\t<div class=\"elementor-widget-container\">\n\t\t\t\t\t\t\t<p><strong>Exame f\u00edsico:<\/strong> O diagn\u00f3stico geralmente \u00e9 feito atrav\u00e9s do exame f\u00edsico realizado por<br \/>um profissional de sa\u00fade.<\/p>\t\t\t\t\t\t<\/div>\n\t\t\t\t<\/div>\n\t\t\t\t\t<\/div>\n\t\t<\/div>\n\t\t\t\t\t<\/div>\n\t\t<\/section>\n\t\t\t\t<section class=\"elementor-section elementor-inner-section elementor-element elementor-element-14f378ea elementor-section-boxed elementor-section-height-default elementor-section-height-default\" data-id=\"14f378ea\" data-element_type=\"section\">\n\t\t\t\t\t\t<div class=\"elementor-container elementor-column-gap-default\">\n\t\t\t\t\t<div class=\"elementor-column elementor-col-100 elementor-inner-column elementor-element elementor-element-4ddcdb2\" data-id=\"4ddcdb2\" data-element_type=\"column\">\n\t\t\t<div class=\"elementor-widget-wrap elementor-element-populated\">\n\t\t\t\t\t\t<div class=\"elementor-element elementor-element-27b55119 elementor-widget elementor-widget-heading\" data-id=\"27b55119\" data-element_type=\"widget\" data-widget_type=\"heading.default\">\n\t\t\t\t<div class=\"elementor-widget-container\">\n\t\t\t<h2 class=\"elementor-heading-title elementor-size-default\">Tratamento conservador:<\/h2>\t\t<\/div>\n\t\t\t\t<\/div>\n\t\t\t\t<div class=\"elementor-element elementor-element-79bacc6f elementor-widget elementor-widget-text-editor\" data-id=\"79bacc6f\" data-element_type=\"widget\" data-widget_type=\"text-editor.default\">\n\t\t\t\t<div class=\"elementor-widget-container\">\n\t\t\t\t\t\t\t<p><strong>Cuidados locais:<\/strong> Em alguns casos, medidas conservadoras, como a aplica\u00e7\u00e3o de cremes<br \/>ester\u00f3ides, podem ser recomendadas para ajudar a reduzir a estreiteza do prep\u00facio.<\/p>\t\t\t\t\t\t<\/div>\n\t\t\t\t<\/div>\n\t\t\t\t\t<\/div>\n\t\t<\/div>\n\t\t\t\t\t<\/div>\n\t\t<\/section>\n\t\t\t\t<section class=\"elementor-section elementor-inner-section elementor-element elementor-element-e587621 elementor-section-boxed elementor-section-height-default elementor-section-height-default\" data-id=\"e587621\" data-element_type=\"section\">\n\t\t\t\t\t\t<div class=\"elementor-container elementor-column-gap-default\">\n\t\t\t\t\t<div class=\"elementor-column elementor-col-100 elementor-inner-column elementor-element elementor-element-d5f9f67\" data-id=\"d5f9f67\" data-element_type=\"column\">\n\t\t\t<div class=\"elementor-widget-wrap elementor-element-populated\">\n\t\t\t\t\t\t<div class=\"elementor-element elementor-element-52245dd3 elementor-widget elementor-widget-heading\" data-id=\"52245dd3\" data-element_type=\"widget\" data-widget_type=\"heading.default\">\n\t\t\t\t<div class=\"elementor-widget-container\">\n\t\t\t<h2 class=\"elementor-heading-title elementor-size-default\"> Pl\u00e1stica peniana (Postectomia):<\/h2>\t\t<\/div>\n\t\t\t\t<\/div>\n\t\t\t\t<div class=\"elementor-element elementor-element-bc0d8ba elementor-widget elementor-widget-text-editor\" data-id=\"bc0d8ba\" data-element_type=\"widget\" data-widget_type=\"text-editor.default\">\n\t\t\t\t<div class=\"elementor-widget-container\">\n\t\t\t\t\t\t\t<p><strong>Procedimento cir\u00fargico:<\/strong> A pl\u00e1stica peniana, ou postectomia, envolve a remo\u00e7\u00e3o<br \/>cir\u00fargica do prep\u00facio ou a realiza\u00e7\u00e3o de incis\u00f5es para alargar a abertura.<\/p>\t\t\t\t\t\t<\/div>\n\t\t\t\t<\/div>\n\t\t\t\t<div class=\"elementor-element elementor-element-43150a90 elementor-widget elementor-widget-text-editor\" data-id=\"43150a90\" data-element_type=\"widget\" data-widget_type=\"text-editor.default\">\n\t\t\t\t<div class=\"elementor-widget-container\">\n\t\t\t\t\t\t\t<p><strong>Indica\u00e7\u00e3o cir\u00fargica:<\/strong> Quando a fimose n\u00e3o responde a tratamentos conservadores e<br \/>interfere nas fun\u00e7\u00f5es di\u00e1rias, pode ser recomendada a cirurgia.<\/p>\t\t\t\t\t\t<\/div>\n\t\t\t\t<\/div>\n\t\t\t\t<div class=\"elementor-element elementor-element-6f16c6cc elementor-widget elementor-widget-heading\" data-id=\"6f16c6cc\" data-element_type=\"widget\" data-widget_type=\"heading.default\">\n\t\t\t\t<div class=\"elementor-widget-container\">\n\t\t\t<h2 class=\"elementor-heading-title elementor-size-default\"> Cirurgia ambulatorial:<\/h2>\t\t<\/div>\n\t\t\t\t<\/div>\n\t\t\t\t<div class=\"elementor-element elementor-element-58a73a21 elementor-widget elementor-widget-text-editor\" data-id=\"58a73a21\" data-element_type=\"widget\" data-widget_type=\"text-editor.default\">\n\t\t\t\t<div class=\"elementor-widget-container\">\n\t\t\t\t\t\t\t<p><strong>Recupera\u00e7\u00e3o r\u00e1pida:<\/strong> A maioria das cirurgias de pl\u00e1stica peniana \u00e9 realizada em regime<br \/>ambulatorial, permitindo uma recupera\u00e7\u00e3o r\u00e1pida.<\/p>\t\t\t\t\t\t<\/div>\n\t\t\t\t<\/div>\n\t\t\t\t<div class=\"elementor-element elementor-element-7e787f18 elementor-widget elementor-widget-heading\" data-id=\"7e787f18\" data-element_type=\"widget\" data-widget_type=\"heading.default\">\n\t\t\t\t<div class=\"elementor-widget-container\">\n\t\t\t<h2 class=\"elementor-heading-title elementor-size-default\"> Acompanhamento p\u00f3s-cir\u00fargico:\n<\/h2>\t\t<\/div>\n\t\t\t\t<\/div>\n\t\t\t\t<div class=\"elementor-element elementor-element-3a65e9ac elementor-widget elementor-widget-text-editor\" data-id=\"3a65e9ac\" data-element_type=\"widget\" data-widget_type=\"text-editor.default\">\n\t\t\t\t<div class=\"elementor-widget-container\">\n\t\t\t\t\t\t\t<p><strong>Cuidados p\u00f3s-operat\u00f3rios:<\/strong> Incluem manter a \u00e1rea limpa, seguir as orienta\u00e7\u00f5es m\u00e9dicas<br \/>para curativos e evitar atividades que possam comprometer a cicatriza\u00e7\u00e3o.<br \/><strong>Consultas de acompanhamento:<\/strong> O acompanhamento com o urologista \u00e9 essencial para<br \/>garantir uma recupera\u00e7\u00e3o adequada e monitorar quaisquer complica\u00e7\u00f5es.<\/p>\t\t\t\t\t\t<\/div>\n\t\t\t\t<\/div>\n\t\t\t\t<div class=\"elementor-element elementor-element-43e5e5d elementor-widget elementor-widget-heading\" data-id=\"43e5e5d\" data-element_type=\"widget\" data-widget_type=\"heading.default\">\n\t\t\t\t<div class=\"elementor-widget-container\">\n\t\t\t<h2 class=\"elementor-heading-title elementor-size-default\">Educa\u00e7\u00e3o sobre higiene peniana:\n<\/h2>\t\t<\/div>\n\t\t\t\t<\/div>\n\t\t\t\t<div class=\"elementor-element elementor-element-4da7fc6 elementor-widget elementor-widget-text-editor\" data-id=\"4da7fc6\" data-element_type=\"widget\" data-widget_type=\"text-editor.default\">\n\t\t\t\t<div class=\"elementor-widget-container\">\n\t\t\t\t\t\t\t<p><strong>Instru\u00e7\u00f5es Higi\u00eanicas:<\/strong> Orienta\u00e7\u00f5es sobre a import\u00e2ncia da higiene peniana adequada<br \/>para prevenir infec\u00e7\u00f5es e promover a sa\u00fade genital.<\/p>\t\t\t\t\t\t<\/div>\n\t\t\t\t<\/div>\n\t\t\t\t<div class=\"elementor-element elementor-element-b9e178d elementor-widget elementor-widget-heading\" data-id=\"b9e178d\" data-element_type=\"widget\" data-widget_type=\"heading.default\">\n\t\t\t\t<div class=\"elementor-widget-container\">\n\t\t\t<h2 class=\"elementor-heading-title elementor-size-default\"> Orienta\u00e7\u00f5es sexuais:<\/h2>\t\t<\/div>\n\t\t\t\t<\/div>\n\t\t\t\t<div class=\"elementor-element elementor-element-9ab9788 elementor-widget elementor-widget-text-editor\" data-id=\"9ab9788\" data-element_type=\"widget\" data-widget_type=\"text-editor.default\">\n\t\t\t\t<div class=\"elementor-widget-container\">\n\t\t\t\t\t\t\t<p><strong>Recupera\u00e7\u00e3o Sexual:<\/strong> Orienta\u00e7\u00f5es sobre quando retomar a atividade sexual ap\u00f3s a<br \/>cirurgia, conforme a recupera\u00e7\u00e3o individual.<\/p>\t\t\t\t\t\t<\/div>\n\t\t\t\t<\/div>\n\t\t\t\t<div class=\"elementor-element elementor-element-40d24bc elementor-widget elementor-widget-heading\" data-id=\"40d24bc\" data-element_type=\"widget\" data-widget_type=\"heading.default\">\n\t\t\t\t<div class=\"elementor-widget-container\">\n\t\t\t<h2 class=\"elementor-heading-title elementor-size-default\">Educa\u00e7\u00e3o preventiva:\n<\/h2>\t\t<\/div>\n\t\t\t\t<\/div>\n\t\t\t\t<div class=\"elementor-element elementor-element-cf4b240 elementor-widget elementor-widget-text-editor\" data-id=\"cf4b240\" data-element_type=\"widget\" data-widget_type=\"text-editor.default\">\n\t\t\t\t<div class=\"elementor-widget-container\">\n\t\t\t\t\t\t\t<p>Preven\u00e7\u00e3o de Complica\u00e7\u00f5es: Informa\u00e7\u00f5es sobre sinais de complica\u00e7\u00f5es p\u00f3s-cir\u00fargicas e<br \/>a import\u00e2ncia de relatar qualquer problema ao m\u00e9dico imediatamente.<\/p>\t\t\t\t\t\t<\/div>\n\t\t\t\t<\/div>\n\t\t\t\t<div class=\"elementor-element elementor-element-286b9d4 elementor-widget elementor-widget-text-editor\" data-id=\"286b9d4\" data-element_type=\"widget\" data-widget_type=\"text-editor.default\">\n\t\t\t\t<div class=\"elementor-widget-container\">\n\t\t\t\t\t\t\t<p>Se voc\u00ea est\u00e1 enfrentando fimose e considera a pl\u00e1stica peniana como uma op\u00e7\u00e3o de<br \/>tratamento, agende uma consulta no Instituto de Urologia SC.<br \/>Estamos comprometidos em fornecer uma abordagem cuidadosa, diagn\u00f3stico preciso e<br \/>tratamento eficaz para atender \u00e0s suas necessidades urol\u00f3gicas.<\/p>\t\t\t\t\t\t<\/div>\n\t\t\t\t<\/div>\n\t\t\t\t\t<\/div>\n\t\t<\/div>\n\t\t\t\t\t<\/div>\n\t\t<\/section>\n\t\t\t\t\t<\/div>\n\t\t<\/div>\n\t\t\t\t\t<\/div>\n\t\t<\/section>\n\t\t\t\t<section class=\"elementor-section elementor-top-section elementor-element elementor-element-54154ed1 elementor-section-boxed elementor-section-height-default elementor-section-height-default\" data-id=\"54154ed1\" data-element_type=\"section\">\n\t\t\t\t\t\t<div class=\"elementor-container elementor-column-gap-default\">\n\t\t\t\t\t<div class=\"elementor-column elementor-col-100 elementor-top-column elementor-element elementor-element-5acd94ff\" data-id=\"5acd94ff\" data-element_type=\"column\">\n\t\t\t<div class=\"elementor-widget-wrap elementor-element-populated\">\n\t\t\t\t\t\t<div class=\"elementor-element elementor-element-731c79a2 elementor-align-center elementor-mobile-align-center elementor-widget elementor-widget-button\" data-id=\"731c79a2\" data-element_type=\"widget\" data-widget_type=\"button.default\">\n\t\t\t\t<div class=\"elementor-widget-container\">\n\t\t\t\t\t\t\t<div class=\"elementor-button-wrapper\">\n\t\t\t\t\t<a class=\"elementor-button elementor-button-link elementor-size-sm elementor-animation-grow\" href=\"https:\/\/api.whatsapp.com\/send?phone=5548991445009&#038;text=Ol%C3%A1!%20Estou%20no%20site%20do%20IUSC%20e%20gostaria%20de%20agendar%20uma%20consulta\">\n\t\t\t\t\t\t<span class=\"elementor-button-content-wrapper\">\n\t\t\t\t\t\t<span class=\"elementor-button-icon\">\n\t\t\t\t<i aria-hidden=\"true\" class=\"fab fa-whatsapp\"><\/i>\t\t\t<\/span>\n\t\t\t\t\t\t\t\t\t<span class=\"elementor-button-text\">Agende sua Consulta!<\/span>\n\t\t\t\t\t<\/span>\n\t\t\t\t\t<\/a>\n\t\t\t\t<\/div>\n\t\t\t\t\t\t<\/div>\n\t\t\t\t<\/div>\n\t\t\t\t\t<\/div>\n\t\t<\/div>\n\t\t\t\t\t<\/div>\n\t\t<\/section>\n\t\t\t\t<\/div>\n\t\t","protected":false},"excerpt":{"rendered":"<p>urologia Fimose e pl\u00e1stica peniana Tratamento da fimose e pl\u00e1stica penianaA fimose \u00e9 uma condi\u00e7\u00e3o em que a abertura do prep\u00facio \u00e9 estreita, dificultando ou impedindoa retra\u00e7\u00e3o total do mesmo sobre a glande (cabe\u00e7a do p\u00eanis).Em alguns casos, quando a fimose causa desconforto, dificuldades higi\u00eanicas ou interfer\u00eancianas atividades sexuais, pode ser recomendada a cirurgia conhecida [&hellip;]<\/p>\n","protected":false},"author":123458,"featured_media":0,"parent":0,"menu_order":0,"comment_status":"closed","ping_status":"closed","template":"","meta":{"_joinchat":[],"footnotes":""},"class_list":["post-8170","page","type-page","status-publish","hentry"],"_links":{"self":[{"href":"https:\/\/iusc.com.br\/wp-json\/wp\/v2\/pages\/8170"}],"collection":[{"href":"https:\/\/iusc.com.br\/wp-json\/wp\/v2\/pages"}],"about":[{"href":"https:\/\/iusc.com.br\/wp-json\/wp\/v2\/types\/page"}],"author":[{"embeddable":true,"href":"https:\/\/iusc.com.br\/wp-json\/wp\/v2\/users\/123458"}],"replies":[{"embeddable":true,"href":"https:\/\/iusc.com.br\/wp-json\/wp\/v2\/comments?post=8170"}],"version-history":[{"count":16,"href":"https:\/\/iusc.com.br\/wp-json\/wp\/v2\/pages\/8170\/revisions"}],"predecessor-version":[{"id":8187,"href":"https:\/\/iusc.com.br\/wp-json\/wp\/v2\/pages\/8170\/revisions\/8187"}],"wp:attachment":[{"href":"https:\/\/iusc.com.br\/wp-json\/wp\/v2\/media?parent=8170"}],"curies":[{"name":"wp","href":"https:\/\/api.w.org\/{rel}","templated":true}]}}