{"id":8103,"date":"2024-01-11T09:29:42","date_gmt":"2024-01-11T12:29:42","guid":{"rendered":"https:\/\/iusc.com.br\/?page_id=8103"},"modified":"2024-01-11T09:43:39","modified_gmt":"2024-01-11T12:43:39","slug":"cancer-de-prostata-rim-ou-bexiga","status":"publish","type":"page","link":"https:\/\/iusc.com.br\/cancer-de-prostata-rim-ou-bexiga\/","title":{"rendered":"C\u00e2ncer de pr\u00f3stata, rim ou bexiga"},"content":{"rendered":"\t\t<div data-elementor-type=\"wp-page\" data-elementor-id=\"8103\" class=\"elementor elementor-8103\" data-elementor-post-type=\"page\">\n\t\t\t\t\t\t<section class=\"elementor-section elementor-top-section elementor-element elementor-element-6eb70f elementor-section-boxed elementor-section-height-default elementor-section-height-default\" data-id=\"6eb70f\" data-element_type=\"section\" data-settings=\"{&quot;background_background&quot;:&quot;classic&quot;}\">\n\t\t\t\t\t\t<div class=\"elementor-container elementor-column-gap-default\">\n\t\t\t\t\t<div class=\"elementor-column elementor-col-100 elementor-top-column elementor-element elementor-element-6aece6ba\" data-id=\"6aece6ba\" data-element_type=\"column\">\n\t\t\t<div class=\"elementor-widget-wrap elementor-element-populated\">\n\t\t\t\t\t\t<div class=\"elementor-element elementor-element-7b398e1 elementor-widget elementor-widget-heading\" data-id=\"7b398e1\" data-element_type=\"widget\" data-widget_type=\"heading.default\">\n\t\t\t\t<div class=\"elementor-widget-container\">\n\t\t\t<h2 class=\"elementor-heading-title elementor-size-default\">urologia<\/h2>\t\t<\/div>\n\t\t\t\t<\/div>\n\t\t\t\t\t<\/div>\n\t\t<\/div>\n\t\t\t\t\t<\/div>\n\t\t<\/section>\n\t\t\t\t<section class=\"elementor-section elementor-top-section elementor-element elementor-element-5a98bbc2 elementor-section-boxed elementor-section-height-default elementor-section-height-default\" data-id=\"5a98bbc2\" data-element_type=\"section\" data-settings=\"{&quot;background_background&quot;:&quot;classic&quot;}\">\n\t\t\t\t\t\t\t<div class=\"elementor-background-overlay\"><\/div>\n\t\t\t\t\t\t\t<div class=\"elementor-container elementor-column-gap-default\">\n\t\t\t\t\t<div class=\"elementor-column elementor-col-100 elementor-top-column elementor-element elementor-element-674c13e0\" data-id=\"674c13e0\" data-element_type=\"column\">\n\t\t\t<div class=\"elementor-widget-wrap elementor-element-populated\">\n\t\t\t\t\t\t<div class=\"elementor-element elementor-element-19f8f1a0 elementor-widget elementor-widget-heading\" data-id=\"19f8f1a0\" data-element_type=\"widget\" data-widget_type=\"heading.default\">\n\t\t\t\t<div class=\"elementor-widget-container\">\n\t\t\t<h2 class=\"elementor-heading-title elementor-size-default\">C\u00e2ncer de pr\u00f3stata, rim ou bexiga<\/h2>\t\t<\/div>\n\t\t\t\t<\/div>\n\t\t\t\t<section class=\"elementor-section elementor-inner-section elementor-element elementor-element-5d93e49e elementor-section-boxed elementor-section-height-default elementor-section-height-default\" data-id=\"5d93e49e\" data-element_type=\"section\">\n\t\t\t\t\t\t<div class=\"elementor-container elementor-column-gap-default\">\n\t\t\t\t\t<div class=\"elementor-column elementor-col-100 elementor-inner-column elementor-element elementor-element-723986e6\" data-id=\"723986e6\" data-element_type=\"column\">\n\t\t\t<div class=\"elementor-widget-wrap elementor-element-populated\">\n\t\t\t\t\t\t<div class=\"elementor-element elementor-element-6a8ca2f3 elementor-widget elementor-widget-heading\" data-id=\"6a8ca2f3\" data-element_type=\"widget\" data-widget_type=\"heading.default\">\n\t\t\t\t<div class=\"elementor-widget-container\">\n\t\t\t<h2 class=\"elementor-heading-title elementor-size-default\">C\u00e2ncer de pr\u00f3stata<\/h2>\t\t<\/div>\n\t\t\t\t<\/div>\n\t\t\t\t<div class=\"elementor-element elementor-element-5b819d1c elementor-widget elementor-widget-text-editor\" data-id=\"5b819d1c\" data-element_type=\"widget\" data-widget_type=\"text-editor.default\">\n\t\t\t\t<div class=\"elementor-widget-container\">\n\t\t\t\t\t\t\t<p>O c\u00e2ncer de pr\u00f3stata \u00e9 o c\u00e2ncer mais comum entre os homens. Realizamos exames detalhados, como o PSA (ant\u00edgeno prost\u00e1tico espec\u00edfico) e bi\u00f3psias da pr\u00f3stata, para diagnosticar e determinar o est\u00e1gio da doen\u00e7a.<\/p><p>Em quest\u00e3o do tratamento pode envolver cirurgia, radioterapia, terapia hormonal ou vigil\u00e2ncia ativa, dependendo da extens\u00e3o do c\u00e2ncer e das caracter\u00edsticas individuais do paciente.<\/p>\t\t\t\t\t\t<\/div>\n\t\t\t\t<\/div>\n\t\t\t\t\t<\/div>\n\t\t<\/div>\n\t\t\t\t\t<\/div>\n\t\t<\/section>\n\t\t\t\t<section class=\"elementor-section elementor-inner-section elementor-element elementor-element-74604d13 elementor-section-boxed elementor-section-height-default elementor-section-height-default\" data-id=\"74604d13\" data-element_type=\"section\">\n\t\t\t\t\t\t<div class=\"elementor-container elementor-column-gap-default\">\n\t\t\t\t\t<div class=\"elementor-column elementor-col-100 elementor-inner-column elementor-element elementor-element-6ae1600f\" data-id=\"6ae1600f\" data-element_type=\"column\">\n\t\t\t<div class=\"elementor-widget-wrap elementor-element-populated\">\n\t\t\t\t\t\t<div class=\"elementor-element elementor-element-2e768da5 elementor-widget elementor-widget-heading\" data-id=\"2e768da5\" data-element_type=\"widget\" data-widget_type=\"heading.default\">\n\t\t\t\t<div class=\"elementor-widget-container\">\n\t\t\t<h2 class=\"elementor-heading-title elementor-size-default\">C\u00e2ncer de rim<\/h2>\t\t<\/div>\n\t\t\t\t<\/div>\n\t\t\t\t<div class=\"elementor-element elementor-element-1d782d13 elementor-widget elementor-widget-text-editor\" data-id=\"1d782d13\" data-element_type=\"widget\" data-widget_type=\"text-editor.default\">\n\t\t\t\t<div class=\"elementor-widget-container\">\n\t\t\t\t\t\t\t<p>O c\u00e2ncer de rim pode se desenvolver nos rins, \u00f3rg\u00e3os vitais para a filtragem do sangue. Exames de imagem, como tomografia computadorizada ou resson\u00e2ncia magn\u00e9tica, s\u00e3o frequentemente utilizados para diagn\u00f3stico.<\/p><p>O tratamento pode incluir cirurgia para remover o tumor, imunoterapia, radioterapia ou terapia-alvo, dependendo do est\u00e1gio do c\u00e2ncer e das condi\u00e7\u00f5es cl\u00ednicas do paciente.<\/p>\t\t\t\t\t\t<\/div>\n\t\t\t\t<\/div>\n\t\t\t\t\t<\/div>\n\t\t<\/div>\n\t\t\t\t\t<\/div>\n\t\t<\/section>\n\t\t\t\t<section class=\"elementor-section elementor-inner-section elementor-element elementor-element-2d4a5d34 elementor-section-boxed elementor-section-height-default elementor-section-height-default\" data-id=\"2d4a5d34\" data-element_type=\"section\">\n\t\t\t\t\t\t<div class=\"elementor-container elementor-column-gap-default\">\n\t\t\t\t\t<div class=\"elementor-column elementor-col-100 elementor-inner-column elementor-element elementor-element-31b35b50\" data-id=\"31b35b50\" data-element_type=\"column\">\n\t\t\t<div class=\"elementor-widget-wrap elementor-element-populated\">\n\t\t\t\t\t\t<div class=\"elementor-element elementor-element-7246e9b8 elementor-widget elementor-widget-heading\" data-id=\"7246e9b8\" data-element_type=\"widget\" data-widget_type=\"heading.default\">\n\t\t\t\t<div class=\"elementor-widget-container\">\n\t\t\t<h2 class=\"elementor-heading-title elementor-size-default\">C\u00e2ncer de bexiga<\/h2>\t\t<\/div>\n\t\t\t\t<\/div>\n\t\t\t\t<div class=\"elementor-element elementor-element-98b1e66 elementor-widget elementor-widget-text-editor\" data-id=\"98b1e66\" data-element_type=\"widget\" data-widget_type=\"text-editor.default\">\n\t\t\t\t<div class=\"elementor-widget-container\">\n\t\t\t\t\t\t\t<p>O c\u00e2ncer de bexiga pode se manifestar nas c\u00e9lulas que revestem o interior da bexiga. O diagn\u00f3stico pode envolver cistoscopia, bi\u00f3psias e exames de imagem.<\/p><p>O tratamento pode incluir cirurgia para remover o tumor, imunoterapia, quimioterapia intravesical, radioterapia ou terapia-alvo, dependendo do est\u00e1gio do c\u00e2ncer e das caracter\u00edsticas espec\u00edficas do paciente.<\/p>\t\t\t\t\t\t<\/div>\n\t\t\t\t<\/div>\n\t\t\t\t<div class=\"elementor-element elementor-element-4fe1df9a elementor-widget elementor-widget-heading\" data-id=\"4fe1df9a\" data-element_type=\"widget\" data-widget_type=\"heading.default\">\n\t\t\t\t<div class=\"elementor-widget-container\">\n\t\t\t<h2 class=\"elementor-heading-title elementor-size-default\">Abordagem multidisciplinar<\/h2>\t\t<\/div>\n\t\t\t\t<\/div>\n\t\t\t\t<div class=\"elementor-element elementor-element-33ad5b0 elementor-widget elementor-widget-text-editor\" data-id=\"33ad5b0\" data-element_type=\"widget\" data-widget_type=\"text-editor.default\">\n\t\t\t\t<div class=\"elementor-widget-container\">\n\t\t\t\t\t\t\t<p>No Instituto de Urologia SC, nossa abordagem para o tratamento do c\u00e2ncer urol\u00f3gico \u00e9 multidisciplinar. Trabalhamos em colabora\u00e7\u00e3o com oncologistas, radiologistas, cirurgi\u00f5es e outros profissionais de sa\u00fade para garantir que cada paciente receba um plano de tratamento abrangente e personalizado.<\/p><p>Entendemos que o enfrentamento do c\u00e2ncer urol\u00f3gico pode ser desafiador, e fornecemos suporte emocional e educacional para os pacientes e suas fam\u00edlias.<\/p><p>Nossa equipe est\u00e1 comprometida em oferecer cuidados compassivos ao longo de todo o processo, desde o diagn\u00f3stico at\u00e9 a recupera\u00e7\u00e3o.<\/p>\t\t\t\t\t\t<\/div>\n\t\t\t\t<\/div>\n\t\t\t\t\t<\/div>\n\t\t<\/div>\n\t\t\t\t\t<\/div>\n\t\t<\/section>\n\t\t\t\t\t<\/div>\n\t\t<\/div>\n\t\t\t\t\t<\/div>\n\t\t<\/section>\n\t\t\t\t<section class=\"elementor-section elementor-top-section elementor-element elementor-element-77feeab5 elementor-section-boxed elementor-section-height-default elementor-section-height-default\" data-id=\"77feeab5\" data-element_type=\"section\">\n\t\t\t\t\t\t<div class=\"elementor-container elementor-column-gap-default\">\n\t\t\t\t\t<div class=\"elementor-column elementor-col-100 elementor-top-column elementor-element elementor-element-42580dc6\" data-id=\"42580dc6\" data-element_type=\"column\">\n\t\t\t<div class=\"elementor-widget-wrap elementor-element-populated\">\n\t\t\t\t\t\t<div class=\"elementor-element elementor-element-58936101 elementor-align-center elementor-mobile-align-center elementor-widget elementor-widget-button\" data-id=\"58936101\" data-element_type=\"widget\" data-widget_type=\"button.default\">\n\t\t\t\t<div class=\"elementor-widget-container\">\n\t\t\t\t\t\t\t<div class=\"elementor-button-wrapper\">\n\t\t\t\t\t<a class=\"elementor-button elementor-button-link elementor-size-sm elementor-animation-grow\" href=\"https:\/\/api.whatsapp.com\/send?phone=5548991445009&#038;text=Ol%C3%A1!%20Estou%20no%20site%20do%20IUSC%20e%20gostaria%20de%20agendar%20uma%20consulta\">\n\t\t\t\t\t\t<span class=\"elementor-button-content-wrapper\">\n\t\t\t\t\t\t<span class=\"elementor-button-icon\">\n\t\t\t\t<i aria-hidden=\"true\" class=\"fab fa-whatsapp\"><\/i>\t\t\t<\/span>\n\t\t\t\t\t\t\t\t\t<span class=\"elementor-button-text\">Agende sua Consulta!<\/span>\n\t\t\t\t\t<\/span>\n\t\t\t\t\t<\/a>\n\t\t\t\t<\/div>\n\t\t\t\t\t\t<\/div>\n\t\t\t\t<\/div>\n\t\t\t\t\t<\/div>\n\t\t<\/div>\n\t\t\t\t\t<\/div>\n\t\t<\/section>\n\t\t\t\t<\/div>\n\t\t","protected":false},"excerpt":{"rendered":"<p>urologia C\u00e2ncer de pr\u00f3stata, rim ou bexiga C\u00e2ncer de pr\u00f3stata O c\u00e2ncer de pr\u00f3stata \u00e9 o c\u00e2ncer mais comum entre os homens. Realizamos exames detalhados, como o PSA (ant\u00edgeno prost\u00e1tico espec\u00edfico) e bi\u00f3psias da pr\u00f3stata, para diagnosticar e determinar o est\u00e1gio da doen\u00e7a. Em quest\u00e3o do tratamento pode envolver cirurgia, radioterapia, terapia hormonal ou vigil\u00e2ncia [&hellip;]<\/p>\n","protected":false},"author":123458,"featured_media":0,"parent":0,"menu_order":0,"comment_status":"closed","ping_status":"closed","template":"","meta":{"_joinchat":[],"footnotes":""},"class_list":["post-8103","page","type-page","status-publish","hentry"],"_links":{"self":[{"href":"https:\/\/iusc.com.br\/wp-json\/wp\/v2\/pages\/8103"}],"collection":[{"href":"https:\/\/iusc.com.br\/wp-json\/wp\/v2\/pages"}],"about":[{"href":"https:\/\/iusc.com.br\/wp-json\/wp\/v2\/types\/page"}],"author":[{"embeddable":true,"href":"https:\/\/iusc.com.br\/wp-json\/wp\/v2\/users\/123458"}],"replies":[{"embeddable":true,"href":"https:\/\/iusc.com.br\/wp-json\/wp\/v2\/comments?post=8103"}],"version-history":[{"count":10,"href":"https:\/\/iusc.com.br\/wp-json\/wp\/v2\/pages\/8103\/revisions"}],"predecessor-version":[{"id":8115,"href":"https:\/\/iusc.com.br\/wp-json\/wp\/v2\/pages\/8103\/revisions\/8115"}],"wp:attachment":[{"href":"https:\/\/iusc.com.br\/wp-json\/wp\/v2\/media?parent=8103"}],"curies":[{"name":"wp","href":"https:\/\/api.w.org\/{rel}","templated":true}]}}