{"id":8094,"date":"2024-01-11T09:16:52","date_gmt":"2024-01-11T12:16:52","guid":{"rendered":"https:\/\/iusc.com.br\/?page_id=8094"},"modified":"2024-01-11T09:28:00","modified_gmt":"2024-01-11T12:28:00","slug":"hiperplasia-prostatica-benigna","status":"publish","type":"page","link":"https:\/\/iusc.com.br\/hiperplasia-prostatica-benigna\/","title":{"rendered":"Hiperplasia prost\u00e1tica benigna"},"content":{"rendered":"\t\t<div data-elementor-type=\"wp-page\" data-elementor-id=\"8094\" class=\"elementor elementor-8094\" data-elementor-post-type=\"page\">\n\t\t\t\t\t\t<section class=\"elementor-section elementor-top-section elementor-element elementor-element-4fd5673 elementor-section-boxed elementor-section-height-default elementor-section-height-default\" data-id=\"4fd5673\" data-element_type=\"section\" data-settings=\"{&quot;background_background&quot;:&quot;classic&quot;}\">\n\t\t\t\t\t\t<div class=\"elementor-container elementor-column-gap-default\">\n\t\t\t\t\t<div class=\"elementor-column elementor-col-100 elementor-top-column elementor-element elementor-element-29579f3d\" data-id=\"29579f3d\" data-element_type=\"column\">\n\t\t\t<div class=\"elementor-widget-wrap elementor-element-populated\">\n\t\t\t\t\t\t<div class=\"elementor-element elementor-element-18f91858 elementor-widget elementor-widget-heading\" data-id=\"18f91858\" data-element_type=\"widget\" data-widget_type=\"heading.default\">\n\t\t\t\t<div class=\"elementor-widget-container\">\n\t\t\t<h2 class=\"elementor-heading-title elementor-size-default\">urologia<\/h2>\t\t<\/div>\n\t\t\t\t<\/div>\n\t\t\t\t\t<\/div>\n\t\t<\/div>\n\t\t\t\t\t<\/div>\n\t\t<\/section>\n\t\t\t\t<section class=\"elementor-section elementor-top-section elementor-element elementor-element-19319f35 elementor-section-boxed elementor-section-height-default elementor-section-height-default\" data-id=\"19319f35\" data-element_type=\"section\" data-settings=\"{&quot;background_background&quot;:&quot;classic&quot;}\">\n\t\t\t\t\t\t\t<div class=\"elementor-background-overlay\"><\/div>\n\t\t\t\t\t\t\t<div class=\"elementor-container elementor-column-gap-default\">\n\t\t\t\t\t<div class=\"elementor-column elementor-col-100 elementor-top-column elementor-element elementor-element-65e83f6b\" data-id=\"65e83f6b\" data-element_type=\"column\">\n\t\t\t<div class=\"elementor-widget-wrap elementor-element-populated\">\n\t\t\t\t\t\t<div class=\"elementor-element elementor-element-7d6508ef elementor-widget elementor-widget-heading\" data-id=\"7d6508ef\" data-element_type=\"widget\" data-widget_type=\"heading.default\">\n\t\t\t\t<div class=\"elementor-widget-container\">\n\t\t\t<h2 class=\"elementor-heading-title elementor-size-default\">Hiperplasia prost\u00e1tica benigna<\/h2>\t\t<\/div>\n\t\t\t\t<\/div>\n\t\t\t\t<section class=\"elementor-section elementor-inner-section elementor-element elementor-element-1190046e elementor-section-boxed elementor-section-height-default elementor-section-height-default\" data-id=\"1190046e\" data-element_type=\"section\">\n\t\t\t\t\t\t<div class=\"elementor-container elementor-column-gap-default\">\n\t\t\t\t\t<div class=\"elementor-column elementor-col-100 elementor-inner-column elementor-element elementor-element-187521fa\" data-id=\"187521fa\" data-element_type=\"column\">\n\t\t\t<div class=\"elementor-widget-wrap elementor-element-populated\">\n\t\t\t\t\t\t<div class=\"elementor-element elementor-element-533832f1 elementor-widget elementor-widget-heading\" data-id=\"533832f1\" data-element_type=\"widget\" data-widget_type=\"heading.default\">\n\t\t\t\t<div class=\"elementor-widget-container\">\n\t\t\t<h2 class=\"elementor-heading-title elementor-size-default\">Compreendendo a hiperplasia prost\u00e1tica benigna (HPB)<\/h2>\t\t<\/div>\n\t\t\t\t<\/div>\n\t\t\t\t<div class=\"elementor-element elementor-element-45a3a9bc elementor-widget elementor-widget-text-editor\" data-id=\"45a3a9bc\" data-element_type=\"widget\" data-widget_type=\"text-editor.default\">\n\t\t\t\t<div class=\"elementor-widget-container\">\n\t\t\t\t\t\t\t<p>A Hiperplasia Prost\u00e1tica Benigna (HPB) \u00e9 uma condi\u00e7\u00e3o comum que afeta muitos homens \u00e0 medida que envelhecem. No Instituto de Urologia SC, oferecemos uma abordagem integrada para o diagn\u00f3stico e tratamento da HPB, visando melhorar a qualidade de vida e proporcionar cuidados especializados aos nossos pacientes.<\/p>\t\t\t\t\t\t<\/div>\n\t\t\t\t<\/div>\n\t\t\t\t\t<\/div>\n\t\t<\/div>\n\t\t\t\t\t<\/div>\n\t\t<\/section>\n\t\t\t\t<section class=\"elementor-section elementor-inner-section elementor-element elementor-element-24b9ac06 elementor-section-boxed elementor-section-height-default elementor-section-height-default\" data-id=\"24b9ac06\" data-element_type=\"section\">\n\t\t\t\t\t\t<div class=\"elementor-container elementor-column-gap-default\">\n\t\t\t\t\t<div class=\"elementor-column elementor-col-100 elementor-inner-column elementor-element elementor-element-16f63a94\" data-id=\"16f63a94\" data-element_type=\"column\">\n\t\t\t<div class=\"elementor-widget-wrap elementor-element-populated\">\n\t\t\t\t\t\t<div class=\"elementor-element elementor-element-47bb4540 elementor-widget elementor-widget-heading\" data-id=\"47bb4540\" data-element_type=\"widget\" data-widget_type=\"heading.default\">\n\t\t\t\t<div class=\"elementor-widget-container\">\n\t\t\t<h2 class=\"elementor-heading-title elementor-size-default\">O que \u00e9 a hiperplasia prost\u00e1tica benigna?<\/h2>\t\t<\/div>\n\t\t\t\t<\/div>\n\t\t\t\t<div class=\"elementor-element elementor-element-378755a9 elementor-widget elementor-widget-text-editor\" data-id=\"378755a9\" data-element_type=\"widget\" data-widget_type=\"text-editor.default\">\n\t\t\t\t<div class=\"elementor-widget-container\">\n\t\t\t\t\t\t\t<p>A HPB \u00e9 um crescimento n\u00e3o canceroso da gl\u00e2ndula prost\u00e1tica, uma parte vital do sistema reprodutivo masculino. \u00c0 medida que os homens envelhecem, a pr\u00f3stata tende a aumentar de tamanho, podendo pressionar a uretra e interferir no fluxo normal de urina.<\/p>\t\t\t\t\t\t<\/div>\n\t\t\t\t<\/div>\n\t\t\t\t\t<\/div>\n\t\t<\/div>\n\t\t\t\t\t<\/div>\n\t\t<\/section>\n\t\t\t\t<section class=\"elementor-section elementor-inner-section elementor-element elementor-element-54a8501b elementor-section-boxed elementor-section-height-default elementor-section-height-default\" data-id=\"54a8501b\" data-element_type=\"section\">\n\t\t\t\t\t\t<div class=\"elementor-container elementor-column-gap-default\">\n\t\t\t\t\t<div class=\"elementor-column elementor-col-100 elementor-inner-column elementor-element elementor-element-b7a51aa\" data-id=\"b7a51aa\" data-element_type=\"column\">\n\t\t\t<div class=\"elementor-widget-wrap elementor-element-populated\">\n\t\t\t\t\t\t<div class=\"elementor-element elementor-element-496b5a79 elementor-widget elementor-widget-heading\" data-id=\"496b5a79\" data-element_type=\"widget\" data-widget_type=\"heading.default\">\n\t\t\t\t<div class=\"elementor-widget-container\">\n\t\t\t<h2 class=\"elementor-heading-title elementor-size-default\">Sintomas da hiperplasia prost\u00e1tica benigna<\/h2>\t\t<\/div>\n\t\t\t\t<\/div>\n\t\t\t\t<div class=\"elementor-element elementor-element-ba1657a elementor-widget elementor-widget-text-editor\" data-id=\"ba1657a\" data-element_type=\"widget\" data-widget_type=\"text-editor.default\">\n\t\t\t\t<div class=\"elementor-widget-container\">\n\t\t\t\t\t\t\t<p>Os sintomas da HPB podem variar, mas frequentemente incluem:<br \/><strong>Dificuldade em iniciar a mic\u00e7\u00e3o:<\/strong> Pode haver uma sensa\u00e7\u00e3o de esfor\u00e7o ao come\u00e7ar a urinar.<br \/><strong>Jato de urina fraco:<\/strong> O fluxo de urina pode ser fraco ou interrompido.<br \/><strong>Mic\u00e7\u00e3o frequente:<\/strong> A necessidade de urinar com mais frequ\u00eancia, especialmente \u00e0 noite.<br \/><strong>Sensa\u00e7\u00e3o de n\u00e3o esvaziar completamente a bexiga:<\/strong> Mesmo ap\u00f3s urinar, pode persistir uma sensa\u00e7\u00e3o de bexiga cheia.<br \/><strong>Incontin\u00eancia urin\u00e1ria:<\/strong> Em casos mais avan\u00e7ados, pode ocorrer vazamento involunt\u00e1rio de urina.<\/p>\t\t\t\t\t\t<\/div>\n\t\t\t\t<\/div>\n\t\t\t\t<div class=\"elementor-element elementor-element-19cdcfd3 elementor-widget elementor-widget-heading\" data-id=\"19cdcfd3\" data-element_type=\"widget\" data-widget_type=\"heading.default\">\n\t\t\t\t<div class=\"elementor-widget-container\">\n\t\t\t<h2 class=\"elementor-heading-title elementor-size-default\">Diagn\u00f3stico e avalia\u00e7\u00e3o<\/h2>\t\t<\/div>\n\t\t\t\t<\/div>\n\t\t\t\t<div class=\"elementor-element elementor-element-77ef34a3 elementor-widget elementor-widget-text-editor\" data-id=\"77ef34a3\" data-element_type=\"widget\" data-widget_type=\"text-editor.default\">\n\t\t\t\t<div class=\"elementor-widget-container\">\n\t\t\t\t\t\t\t<p>No Instituto de Urologia SC, utilizamos uma abordagem abrangente para diagnosticar a HPB como: exames cl\u00ednicos, hist\u00f3rico m\u00e9dico detalhado, exames de imagem e an\u00e1lises laboratoriais ajudam a avaliar a gravidade da condi\u00e7\u00e3o. A urodin\u00e2mica, um teste que mede a press\u00e3o e o fluxo urin\u00e1rio, tamb\u00e9m pode ser realizado para uma avalia\u00e7\u00e3o mais precisa.<\/p>\t\t\t\t\t\t<\/div>\n\t\t\t\t<\/div>\n\t\t\t\t<div class=\"elementor-element elementor-element-2a16f19c elementor-widget elementor-widget-heading\" data-id=\"2a16f19c\" data-element_type=\"widget\" data-widget_type=\"heading.default\">\n\t\t\t\t<div class=\"elementor-widget-container\">\n\t\t\t<h2 class=\"elementor-heading-title elementor-size-default\">Op\u00e7\u00f5es de tratamento<\/h2>\t\t<\/div>\n\t\t\t\t<\/div>\n\t\t\t\t<div class=\"elementor-element elementor-element-7fc7b3d0 elementor-widget elementor-widget-text-editor\" data-id=\"7fc7b3d0\" data-element_type=\"widget\" data-widget_type=\"text-editor.default\">\n\t\t\t\t<div class=\"elementor-widget-container\">\n\t\t\t\t\t\t\t<p>O tratamento da HPB pode variar de acordo com a gravidade dos sintomas e a sa\u00fade geral do paciente. As op\u00e7\u00f5es incluem:<br \/><strong>Observa\u00e7\u00e3o ativa:<\/strong> Em casos leves, pode ser recomendado um tratamento de espera vigilante com monitoramento regular.<br \/><strong>Medicamentos:<\/strong> Diversos medicamentos podem ser prescritos para aliviar os sintomas, reduzindo o tamanho da pr\u00f3stata ou relaxando os m\u00fasculos ao redor da gl\u00e2ndula.<br \/><strong>Procedimentos minimamente invasivos:<\/strong> Em situa\u00e7\u00f5es mais complexas, procedimentos como a ressec\u00e7\u00e3o transuretral da pr\u00f3stata (RTUP) ou a enuclea\u00e7\u00e3o da pr\u00f3stata a laser podem ser considerados.<br \/><strong>Cirurgia:<\/strong> Em casos graves, a remo\u00e7\u00e3o cir\u00fargica da parte aumentada da pr\u00f3stata pode ser necess\u00e1ria.<\/p>\t\t\t\t\t\t<\/div>\n\t\t\t\t<\/div>\n\t\t\t\t<div class=\"elementor-element elementor-element-8f33d5a elementor-widget elementor-widget-heading\" data-id=\"8f33d5a\" data-element_type=\"widget\" data-widget_type=\"heading.default\">\n\t\t\t\t<div class=\"elementor-widget-container\">\n\t\t\t<h2 class=\"elementor-heading-title elementor-size-default\">Cuidados personalizados<\/h2>\t\t<\/div>\n\t\t\t\t<\/div>\n\t\t\t\t<div class=\"elementor-element elementor-element-bce597c elementor-widget elementor-widget-text-editor\" data-id=\"bce597c\" data-element_type=\"widget\" data-widget_type=\"text-editor.default\">\n\t\t\t\t<div class=\"elementor-widget-container\">\n\t\t\t\t\t\t\t<p>No Instituto de Urologia SC, entendemos que cada paciente \u00e9 \u00fanico. Nosso corpo cl\u00ednico trabalha em conjunto para desenvolver planos de tratamento personalizados, visando proporcionar al\u00edvio eficaz dos sintomas da HPB e melhorar a qualidade de vida.<\/p>\t\t\t\t\t\t<\/div>\n\t\t\t\t<\/div>\n\t\t\t\t\t<\/div>\n\t\t<\/div>\n\t\t\t\t\t<\/div>\n\t\t<\/section>\n\t\t\t\t\t<\/div>\n\t\t<\/div>\n\t\t\t\t\t<\/div>\n\t\t<\/section>\n\t\t\t\t<section class=\"elementor-section elementor-top-section elementor-element elementor-element-5e74117a elementor-section-boxed elementor-section-height-default elementor-section-height-default\" data-id=\"5e74117a\" data-element_type=\"section\">\n\t\t\t\t\t\t<div class=\"elementor-container elementor-column-gap-default\">\n\t\t\t\t\t<div class=\"elementor-column elementor-col-100 elementor-top-column elementor-element elementor-element-47721b3e\" data-id=\"47721b3e\" data-element_type=\"column\">\n\t\t\t<div class=\"elementor-widget-wrap elementor-element-populated\">\n\t\t\t\t\t\t<div class=\"elementor-element elementor-element-7ba403f5 elementor-align-center elementor-mobile-align-center elementor-widget elementor-widget-button\" data-id=\"7ba403f5\" data-element_type=\"widget\" data-widget_type=\"button.default\">\n\t\t\t\t<div class=\"elementor-widget-container\">\n\t\t\t\t\t\t\t<div class=\"elementor-button-wrapper\">\n\t\t\t\t\t<a class=\"elementor-button elementor-button-link elementor-size-sm elementor-animation-grow\" href=\"https:\/\/api.whatsapp.com\/send?phone=5548991445009&#038;text=Ol%C3%A1!%20Estou%20no%20site%20do%20IUSC%20e%20gostaria%20de%20agendar%20uma%20consulta\">\n\t\t\t\t\t\t<span class=\"elementor-button-content-wrapper\">\n\t\t\t\t\t\t<span class=\"elementor-button-icon\">\n\t\t\t\t<i aria-hidden=\"true\" class=\"fab fa-whatsapp\"><\/i>\t\t\t<\/span>\n\t\t\t\t\t\t\t\t\t<span class=\"elementor-button-text\">Agende sua Consulta!<\/span>\n\t\t\t\t\t<\/span>\n\t\t\t\t\t<\/a>\n\t\t\t\t<\/div>\n\t\t\t\t\t\t<\/div>\n\t\t\t\t<\/div>\n\t\t\t\t\t<\/div>\n\t\t<\/div>\n\t\t\t\t\t<\/div>\n\t\t<\/section>\n\t\t\t\t<\/div>\n\t\t","protected":false},"excerpt":{"rendered":"<p>urologia Hiperplasia prost\u00e1tica benigna Compreendendo a hiperplasia prost\u00e1tica benigna (HPB) A Hiperplasia Prost\u00e1tica Benigna (HPB) \u00e9 uma condi\u00e7\u00e3o comum que afeta muitos homens \u00e0 medida que envelhecem. No Instituto de Urologia SC, oferecemos uma abordagem integrada para o diagn\u00f3stico e tratamento da HPB, visando melhorar a qualidade de vida e proporcionar cuidados especializados aos nossos [&hellip;]<\/p>\n","protected":false},"author":123458,"featured_media":0,"parent":0,"menu_order":0,"comment_status":"closed","ping_status":"closed","template":"","meta":{"_joinchat":[],"footnotes":""},"class_list":["post-8094","page","type-page","status-publish","hentry"],"_links":{"self":[{"href":"https:\/\/iusc.com.br\/wp-json\/wp\/v2\/pages\/8094"}],"collection":[{"href":"https:\/\/iusc.com.br\/wp-json\/wp\/v2\/pages"}],"about":[{"href":"https:\/\/iusc.com.br\/wp-json\/wp\/v2\/types\/page"}],"author":[{"embeddable":true,"href":"https:\/\/iusc.com.br\/wp-json\/wp\/v2\/users\/123458"}],"replies":[{"embeddable":true,"href":"https:\/\/iusc.com.br\/wp-json\/wp\/v2\/comments?post=8094"}],"version-history":[{"count":7,"href":"https:\/\/iusc.com.br\/wp-json\/wp\/v2\/pages\/8094\/revisions"}],"predecessor-version":[{"id":8102,"href":"https:\/\/iusc.com.br\/wp-json\/wp\/v2\/pages\/8094\/revisions\/8102"}],"wp:attachment":[{"href":"https:\/\/iusc.com.br\/wp-json\/wp\/v2\/media?parent=8094"}],"curies":[{"name":"wp","href":"https:\/\/api.w.org\/{rel}","templated":true}]}}