{"id":8077,"date":"2024-01-11T08:50:58","date_gmt":"2024-01-11T11:50:58","guid":{"rendered":"https:\/\/iusc.com.br\/?page_id=8077"},"modified":"2024-01-11T09:09:28","modified_gmt":"2024-01-11T12:09:28","slug":"vasectomia","status":"publish","type":"page","link":"https:\/\/iusc.com.br\/vasectomia\/","title":{"rendered":"Vasectomia"},"content":{"rendered":"\t\t<div data-elementor-type=\"wp-page\" data-elementor-id=\"8077\" class=\"elementor elementor-8077\" data-elementor-post-type=\"page\">\n\t\t\t\t\t\t<section class=\"elementor-section elementor-top-section elementor-element elementor-element-141004bc elementor-section-boxed elementor-section-height-default elementor-section-height-default\" data-id=\"141004bc\" data-element_type=\"section\" data-settings=\"{&quot;background_background&quot;:&quot;classic&quot;}\">\n\t\t\t\t\t\t<div class=\"elementor-container elementor-column-gap-default\">\n\t\t\t\t\t<div class=\"elementor-column elementor-col-100 elementor-top-column elementor-element elementor-element-28dc7e9b\" data-id=\"28dc7e9b\" data-element_type=\"column\">\n\t\t\t<div class=\"elementor-widget-wrap elementor-element-populated\">\n\t\t\t\t\t\t<div class=\"elementor-element elementor-element-50b76472 elementor-widget elementor-widget-heading\" data-id=\"50b76472\" data-element_type=\"widget\" data-widget_type=\"heading.default\">\n\t\t\t\t<div class=\"elementor-widget-container\">\n\t\t\t<h2 class=\"elementor-heading-title elementor-size-default\">urologia<\/h2>\t\t<\/div>\n\t\t\t\t<\/div>\n\t\t\t\t\t<\/div>\n\t\t<\/div>\n\t\t\t\t\t<\/div>\n\t\t<\/section>\n\t\t\t\t<section class=\"elementor-section elementor-top-section elementor-element elementor-element-2b9c7d10 elementor-section-boxed elementor-section-height-default elementor-section-height-default\" data-id=\"2b9c7d10\" data-element_type=\"section\" data-settings=\"{&quot;background_background&quot;:&quot;classic&quot;}\">\n\t\t\t\t\t\t\t<div class=\"elementor-background-overlay\"><\/div>\n\t\t\t\t\t\t\t<div class=\"elementor-container elementor-column-gap-default\">\n\t\t\t\t\t<div class=\"elementor-column elementor-col-100 elementor-top-column elementor-element elementor-element-77908fa4\" data-id=\"77908fa4\" data-element_type=\"column\">\n\t\t\t<div class=\"elementor-widget-wrap elementor-element-populated\">\n\t\t\t\t\t\t<div class=\"elementor-element elementor-element-717bc898 elementor-widget elementor-widget-heading\" data-id=\"717bc898\" data-element_type=\"widget\" data-widget_type=\"heading.default\">\n\t\t\t\t<div class=\"elementor-widget-container\">\n\t\t\t<h2 class=\"elementor-heading-title elementor-size-default\">Vasectomia<\/h2>\t\t<\/div>\n\t\t\t\t<\/div>\n\t\t\t\t<section class=\"elementor-section elementor-inner-section elementor-element elementor-element-59f4e46c elementor-section-boxed elementor-section-height-default elementor-section-height-default\" data-id=\"59f4e46c\" data-element_type=\"section\">\n\t\t\t\t\t\t<div class=\"elementor-container elementor-column-gap-default\">\n\t\t\t\t\t<div class=\"elementor-column elementor-col-100 elementor-inner-column elementor-element elementor-element-560d3367\" data-id=\"560d3367\" data-element_type=\"column\">\n\t\t\t<div class=\"elementor-widget-wrap elementor-element-populated\">\n\t\t\t\t\t\t<div class=\"elementor-element elementor-element-34cf9ca0 elementor-widget elementor-widget-heading\" data-id=\"34cf9ca0\" data-element_type=\"widget\" data-widget_type=\"heading.default\">\n\t\t\t\t<div class=\"elementor-widget-container\">\n\t\t\t<h2 class=\"elementor-heading-title elementor-size-default\">O que \u00e9 a vasectomia?<\/h2>\t\t<\/div>\n\t\t\t\t<\/div>\n\t\t\t\t<div class=\"elementor-element elementor-element-3c30ac16 elementor-widget elementor-widget-text-editor\" data-id=\"3c30ac16\" data-element_type=\"widget\" data-widget_type=\"text-editor.default\">\n\t\t\t\t<div class=\"elementor-widget-container\">\n\t\t\t\t\t\t\t<p>A vasectomia \u00e9 um procedimento cir\u00fargico menor realizado para impedir a libera\u00e7\u00e3o de espermatozoides durante a ejacula\u00e7\u00e3o. \u00c9 uma forma eficaz e permanente de controle de natalidade, sendo uma op\u00e7\u00e3o popular para homens que decidiram que n\u00e3o desejam ter mais filhos.<\/p>\t\t\t\t\t\t<\/div>\n\t\t\t\t<\/div>\n\t\t\t\t\t<\/div>\n\t\t<\/div>\n\t\t\t\t\t<\/div>\n\t\t<\/section>\n\t\t\t\t<section class=\"elementor-section elementor-inner-section elementor-element elementor-element-70582cf elementor-section-boxed elementor-section-height-default elementor-section-height-default\" data-id=\"70582cf\" data-element_type=\"section\">\n\t\t\t\t\t\t<div class=\"elementor-container elementor-column-gap-default\">\n\t\t\t\t\t<div class=\"elementor-column elementor-col-100 elementor-inner-column elementor-element elementor-element-134264b3\" data-id=\"134264b3\" data-element_type=\"column\">\n\t\t\t<div class=\"elementor-widget-wrap elementor-element-populated\">\n\t\t\t\t\t\t<div class=\"elementor-element elementor-element-6b3ad4ba elementor-widget elementor-widget-heading\" data-id=\"6b3ad4ba\" data-element_type=\"widget\" data-widget_type=\"heading.default\">\n\t\t\t\t<div class=\"elementor-widget-container\">\n\t\t\t<h2 class=\"elementor-heading-title elementor-size-default\">Como \u00e9 realizada a vasectomia?<\/h2>\t\t<\/div>\n\t\t\t\t<\/div>\n\t\t\t\t<div class=\"elementor-element elementor-element-2741b9ae elementor-widget elementor-widget-text-editor\" data-id=\"2741b9ae\" data-element_type=\"widget\" data-widget_type=\"text-editor.default\">\n\t\t\t\t<div class=\"elementor-widget-container\">\n\t\t\t\t\t\t\t<p>O procedimento envolve a liga\u00e7\u00e3o ou bloqueio dos ductos deferentes, que s\u00e3o os tubos que transportam os espermatoz\u00f3ides dos test\u00edculos at\u00e9 a uretra. Este bloqueio impede que os espermatoz\u00f3ides alcancem o esperma ejaculado durante a rela\u00e7\u00e3o sexual.<\/p><p>\u00c9 realizado em ambiente ambulatorial, geralmente com anestesia local. Al\u00e9m de ser simples \u00e9 r\u00e1pido e relativamente simples.<\/p>\t\t\t\t\t\t<\/div>\n\t\t\t\t<\/div>\n\t\t\t\t\t<\/div>\n\t\t<\/div>\n\t\t\t\t\t<\/div>\n\t\t<\/section>\n\t\t\t\t<section class=\"elementor-section elementor-inner-section elementor-element elementor-element-6c9dff3 elementor-section-boxed elementor-section-height-default elementor-section-height-default\" data-id=\"6c9dff3\" data-element_type=\"section\">\n\t\t\t\t\t\t<div class=\"elementor-container elementor-column-gap-default\">\n\t\t\t\t\t<div class=\"elementor-column elementor-col-100 elementor-inner-column elementor-element elementor-element-48e26040\" data-id=\"48e26040\" data-element_type=\"column\">\n\t\t\t<div class=\"elementor-widget-wrap elementor-element-populated\">\n\t\t\t\t\t\t<div class=\"elementor-element elementor-element-32bb7900 elementor-widget elementor-widget-heading\" data-id=\"32bb7900\" data-element_type=\"widget\" data-widget_type=\"heading.default\">\n\t\t\t\t<div class=\"elementor-widget-container\">\n\t\t\t<h2 class=\"elementor-heading-title elementor-size-default\">Recupera\u00e7\u00e3o e efic\u00e1cia<\/h2>\t\t<\/div>\n\t\t\t\t<\/div>\n\t\t\t\t<div class=\"elementor-element elementor-element-303364c6 elementor-widget elementor-widget-text-editor\" data-id=\"303364c6\" data-element_type=\"widget\" data-widget_type=\"text-editor.default\">\n\t\t\t\t<div class=\"elementor-widget-container\">\n\t\t\t\t\t\t\t<p>O per\u00edodo de recupera\u00e7\u00e3o ap\u00f3s a vasectomia \u00e9 geralmente curto, a maioria dos homens retomam suas atividades normais dentro de alguns dias.<\/p><p>Embora a vasectomia seja considerada um \u00f3timo m\u00e9todo contraceptivo, \u00e9 importante usar m\u00e9todos adicionais nos primeiros meses ap\u00f3s o procedimento, at\u00e9 que seja confirmada a aus\u00eancia de espermatozoides na ejacula\u00e7\u00e3o.<\/p>\t\t\t\t\t\t<\/div>\n\t\t\t\t<\/div>\n\t\t\t\t<div class=\"elementor-element elementor-element-f2650a5 elementor-widget elementor-widget-heading\" data-id=\"f2650a5\" data-element_type=\"widget\" data-widget_type=\"heading.default\">\n\t\t\t\t<div class=\"elementor-widget-container\">\n\t\t\t<h2 class=\"elementor-heading-title elementor-size-default\">Considera\u00e7\u00f5es importantes<\/h2>\t\t<\/div>\n\t\t\t\t<\/div>\n\t\t\t\t<div class=\"elementor-element elementor-element-779e34da elementor-widget elementor-widget-text-editor\" data-id=\"779e34da\" data-element_type=\"widget\" data-widget_type=\"text-editor.default\">\n\t\t\t\t<div class=\"elementor-widget-container\">\n\t\t\t\t\t\t\t<p>\u00c9 crucial entender que a vasectomia \u00e9 uma decis\u00e3o muito importante, e \u00e9 aconselh\u00e1vel que os homens considerem cuidadosamente todas as implica\u00e7\u00f5es antes de prosseguir com o procedimento.<\/p><p>O Instituto de Urologia SC est\u00e1 comprometido em fornecer aconselhamento completo e responder a todas as suas perguntas para garantir que voc\u00ea tome uma decis\u00e3o informada sobre sua sa\u00fade reprodutiva.<\/p>\t\t\t\t\t\t<\/div>\n\t\t\t\t<\/div>\n\t\t\t\t<div class=\"elementor-element elementor-element-59f995d0 elementor-widget elementor-widget-heading\" data-id=\"59f995d0\" data-element_type=\"widget\" data-widget_type=\"heading.default\">\n\t\t\t\t<div class=\"elementor-widget-container\">\n\t\t\t<h2 class=\"elementor-heading-title elementor-size-default\">Consultas e aconselhamento<\/h2>\t\t<\/div>\n\t\t\t\t<\/div>\n\t\t\t\t<div class=\"elementor-element elementor-element-411e0099 elementor-widget elementor-widget-text-editor\" data-id=\"411e0099\" data-element_type=\"widget\" data-widget_type=\"text-editor.default\">\n\t\t\t\t<div class=\"elementor-widget-container\">\n\t\t\t\t\t\t\t<p>Nossos especialistas est\u00e3o dispon\u00edveis para consultas e aconselhamento personalizado sobre a vasectomia para tirar todas as suas d\u00favidas.<\/p><p>Abordamos todas as suas preocupa\u00e7\u00f5es, explicamos o procedimento em detalhes e garantimos que voc\u00ea tenha todas as informa\u00e7\u00f5es necess\u00e1rias para tomar uma decis\u00e3o informada sobre seu plano contraceptivo.<\/p>\t\t\t\t\t\t<\/div>\n\t\t\t\t<\/div>\n\t\t\t\t\t<\/div>\n\t\t<\/div>\n\t\t\t\t\t<\/div>\n\t\t<\/section>\n\t\t\t\t\t<\/div>\n\t\t<\/div>\n\t\t\t\t\t<\/div>\n\t\t<\/section>\n\t\t\t\t<section class=\"elementor-section elementor-top-section elementor-element elementor-element-5c3167af elementor-section-boxed elementor-section-height-default elementor-section-height-default\" data-id=\"5c3167af\" data-element_type=\"section\">\n\t\t\t\t\t\t<div class=\"elementor-container elementor-column-gap-default\">\n\t\t\t\t\t<div class=\"elementor-column elementor-col-100 elementor-top-column elementor-element elementor-element-10882f59\" data-id=\"10882f59\" data-element_type=\"column\">\n\t\t\t<div class=\"elementor-widget-wrap elementor-element-populated\">\n\t\t\t\t\t\t<div class=\"elementor-element elementor-element-69d6524 elementor-align-center elementor-mobile-align-center elementor-widget elementor-widget-button\" data-id=\"69d6524\" data-element_type=\"widget\" data-widget_type=\"button.default\">\n\t\t\t\t<div class=\"elementor-widget-container\">\n\t\t\t\t\t\t\t<div class=\"elementor-button-wrapper\">\n\t\t\t\t\t<a class=\"elementor-button elementor-button-link elementor-size-sm elementor-animation-grow\" href=\"https:\/\/api.whatsapp.com\/send?phone=5548991445009&#038;text=Ol%C3%A1!%20Estou%20no%20site%20do%20IUSC%20e%20gostaria%20de%20agendar%20uma%20consulta\">\n\t\t\t\t\t\t<span class=\"elementor-button-content-wrapper\">\n\t\t\t\t\t\t<span class=\"elementor-button-icon\">\n\t\t\t\t<i aria-hidden=\"true\" class=\"fab fa-whatsapp\"><\/i>\t\t\t<\/span>\n\t\t\t\t\t\t\t\t\t<span class=\"elementor-button-text\">Agende sua Consulta!<\/span>\n\t\t\t\t\t<\/span>\n\t\t\t\t\t<\/a>\n\t\t\t\t<\/div>\n\t\t\t\t\t\t<\/div>\n\t\t\t\t<\/div>\n\t\t\t\t\t<\/div>\n\t\t<\/div>\n\t\t\t\t\t<\/div>\n\t\t<\/section>\n\t\t\t\t<\/div>\n\t\t","protected":false},"excerpt":{"rendered":"<p>urologia Vasectomia O que \u00e9 a vasectomia? A vasectomia \u00e9 um procedimento cir\u00fargico menor realizado para impedir a libera\u00e7\u00e3o de espermatozoides durante a ejacula\u00e7\u00e3o. \u00c9 uma forma eficaz e permanente de controle de natalidade, sendo uma op\u00e7\u00e3o popular para homens que decidiram que n\u00e3o desejam ter mais filhos. Como \u00e9 realizada a vasectomia? O procedimento [&hellip;]<\/p>\n","protected":false},"author":123458,"featured_media":0,"parent":0,"menu_order":0,"comment_status":"closed","ping_status":"closed","template":"","meta":{"_joinchat":[],"footnotes":""},"class_list":["post-8077","page","type-page","status-publish","hentry"],"_links":{"self":[{"href":"https:\/\/iusc.com.br\/wp-json\/wp\/v2\/pages\/8077"}],"collection":[{"href":"https:\/\/iusc.com.br\/wp-json\/wp\/v2\/pages"}],"about":[{"href":"https:\/\/iusc.com.br\/wp-json\/wp\/v2\/types\/page"}],"author":[{"embeddable":true,"href":"https:\/\/iusc.com.br\/wp-json\/wp\/v2\/users\/123458"}],"replies":[{"embeddable":true,"href":"https:\/\/iusc.com.br\/wp-json\/wp\/v2\/comments?post=8077"}],"version-history":[{"count":10,"href":"https:\/\/iusc.com.br\/wp-json\/wp\/v2\/pages\/8077\/revisions"}],"predecessor-version":[{"id":8093,"href":"https:\/\/iusc.com.br\/wp-json\/wp\/v2\/pages\/8077\/revisions\/8093"}],"wp:attachment":[{"href":"https:\/\/iusc.com.br\/wp-json\/wp\/v2\/media?parent=8077"}],"curies":[{"name":"wp","href":"https:\/\/api.w.org\/{rel}","templated":true}]}}